{"id":2441,"date":"2019-09-18T12:05:01","date_gmt":"2019-09-18T12:05:01","guid":{"rendered":"http:\/\/ocantinhodoscabrais.pt\/was-in-belmonte-und-in-der-region-zu-tun-ist\/"},"modified":"2019-09-18T12:05:01","modified_gmt":"2019-09-18T12:05:01","slug":"was-in-belmonte-und-in-der-region-zu-tun-ist","status":"publish","type":"page","link":"https:\/\/ocantinhodoscabrais.pt\/de\/was-in-belmonte-und-in-der-region-zu-tun-ist\/","title":{"rendered":"Was in Belmonte und in der Region zu tun ist"},"content":{"rendered":"\n<div class=\"wp-block-getwid-section\" style=\"margin-bottom:50px\"><div class=\"wp-block-getwid-section__wrapper getwid-padding-top-none getwid-padding-bottom-none getwid-padding-left-none getwid-padding-right-none\"><div class=\"wp-block-getwid-section__inner-wrapper\"><div class=\"wp-block-getwid-section__background-holder\"><div class=\"wp-block-getwid-section__background\"><\/div><div class=\"wp-block-getwid-section__foreground\"><\/div><\/div><div class=\"wp-block-getwid-section__content\"><div class=\"wp-block-getwid-section__inner-content\"><\/div><\/div><\/div><\/div><\/div>\n\n\n\n<div class=\"wp-block-columns are-vertically-aligned-center is-layout-flex wp-container-core-columns-layout-1 wp-block-columns-is-layout-flex\">\n<div class=\"wp-block-column is-layout-flow wp-block-column-is-layout-flow\" style=\"flex-basis:10%\"><\/div>\n\n\n\n<div class=\"wp-block-column is-layout-flow wp-block-column-is-layout-flow\" style=\"flex-basis:80%\">\n<figure class=\"wp-block-video\"><video controls=\"\" src=\"http:\/\/ocantinhodoscabrais.pt\/wp-content\/uploads\/2023\/02\/Cantinho-dos-Cabrais.mp4\"><\/video><\/figure>\n<\/div>\n\n\n\n<div class=\"wp-block-column is-layout-flow wp-block-column-is-layout-flow\" style=\"flex-basis:10%\"><\/div>\n<\/div>\n\n\n\n<p><\/p>\n\n\n\n<div class=\"wp-block-columns has-2-columns is-layout-flex wp-container-core-columns-layout-2 wp-block-columns-is-layout-flex\">\n<div class=\"wp-block-column is-layout-flow wp-block-column-is-layout-flow\">\n<div class=\"wp-block-getwid-advanced-heading\" style=\"margin-bottom:40px\"><h2 class=\"wp-block-getwid-advanced-heading__content\" style=\"text-align:center\">Erkunden Sie dieses historische portugiesische Dorf und lassen Sie sich verzaubern!<\/h2><\/div>\n\n\n\n<p>Belmonte ist ein historisches Dorf in der zentralen Region Portugals, das f\u00fcr sein kulturelles Erbe und seine wundersch\u00f6nen Naturlandschaften bekannt ist.<\/p>\n\n\n\n<p>Besuchen Sie das Schloss, entdecken Sie das j\u00fcdische Viertel von Belmonte, Casa da Torre, erkunden Sie die Serra da Estrela und probieren Sie die lokale Gastronomie.<\/p>\n\n\n\n<div class=\"wp-block-getwid-advanced-spacer getwid-hide-desktop getwid-hide-tablet\" style=\"height:10px\" aria-hidden=\"true\"><\/div>\n<\/div>\n<\/div>\n\n\n\n<div style=\"height:47px\" aria-hidden=\"true\" class=\"wp-block-spacer\"><\/div>\n\n\n\n<hr class=\"wp-block-separator has-css-opacity is-style-wide\">\n\n\n\n<div class=\"wp-block-getwid-advanced-heading\" style=\"margin-bottom:5px;margin-top:81px\"><h2 class=\"wp-block-getwid-advanced-heading__content\" style=\"text-align:center\">Einzelheiten zu den Aktivit\u00e4ten, die Ihnen zur Verf\u00fcgung stehen<\/h2><\/div>\n\n\n\n<div style=\"height:40px\" aria-hidden=\"true\" class=\"wp-block-spacer\"><\/div>\n\n\n\n<div class=\"wp-block-getwid-advanced-heading\" style=\"margin-bottom:40px\"><span class=\"wp-block-getwid-advanced-heading__content\" style=\"text-align:left\"><strong>Visitar o Castelo de Belmonte: <\/strong>Diese Festung aus dem 13. Jahrhundert ist ein Wahrzeichen der Region und bietet einen Panoramablick auf die Stadt und die umliegenden Berge.<br><br><strong>Descobrir a judiaria de Belmonte:<\/strong> Belmonte hat ein reiches j\u00fcdisches Erbe und beherbergt eine der wenigen j\u00fcdischen Gemeinden in Portugal. Hier k\u00f6nnen Sie die besuchen <a href=\"https:\/\/cm-belmonte.pt\/diretorio\/museu-judaico\/\" target=\"_blank\" rel=\"noreferrer noopener\"><strong>Museu Judaico de Belmonte<\/strong><\/a>, das die Geschichte und Kultur der Juden in Portugal erforscht.<br><br><strong>Visitar a Casa da Torre:<\/strong> Dieses historische Haus aus dem 15. Jahrhundert war das Zuhause der Familie Cabral, die die Expedition leitete, die Brasilien entdeckte. Heute ist es ein Museum, das die Geschichte dieser Familie erz\u00e4hlt.<br><br><strong>Explorar a Serra da Estrela:<\/strong> Belmonte liegt am Fu\u00dfe der Serra da Estrela, dem h\u00f6chsten Berg auf dem portugiesischen Festland. Hier k\u00f6nnen Sie wandern, Rad fahren, Ski fahren oder einfach nur die Natur genie\u00dfen.<br><br><strong>Provar a gastronomia local:<\/strong> Belmonte ist bekannt f\u00fcr seine k\u00f6stliche regionale K\u00fcche mit Schwerpunkt auf Serra da Estrela-K\u00e4se, Oliven\u00f6l, Brot und Klosters\u00fc\u00dfigkeiten.<br><br>Sie k\u00f6nnen dies tun, indem Sie die besuchen <em>Restaurante O Bernardo<\/em>, befindet sich nur wenige Meter von unserer lokalen Unterkunft entfernt.<\/span><\/div>\n\n\n\n<div class=\"wp-block-columns has-4-columns is-layout-flex wp-container-core-columns-layout-3 wp-block-columns-is-layout-flex\">\n<div class=\"wp-block-column is-layout-flow wp-block-column-is-layout-flow\">\n<figure class=\"wp-block-image size-large\"><img fetchpriority=\"high\" decoding=\"async\" width=\"1024\" height=\"576\" src=\"http:\/\/ocantinhodoscabrais.pt\/wp-content\/uploads\/2023\/02\/BELMONTE-1-1024x576.png\" alt=\"\" class=\"wp-image-1478\" srcset=\"https:\/\/ocantinhodoscabrais.pt\/wp-content\/uploads\/2023\/02\/BELMONTE-1-1024x576.png 1024w, https:\/\/ocantinhodoscabrais.pt\/wp-content\/uploads\/2023\/02\/BELMONTE-1-600x338.png 600w, https:\/\/ocantinhodoscabrais.pt\/wp-content\/uploads\/2023\/02\/BELMONTE-1-300x169.png 300w, https:\/\/ocantinhodoscabrais.pt\/wp-content\/uploads\/2023\/02\/BELMONTE-1-768x432.png 768w, https:\/\/ocantinhodoscabrais.pt\/wp-content\/uploads\/2023\/02\/BELMONTE-1-892x502.png 892w, https:\/\/ocantinhodoscabrais.pt\/wp-content\/uploads\/2023\/02\/BELMONTE-1.png 1280w\" sizes=\"(max-width: 1024px) 100vw, 1024px\" \/><\/figure>\n\n\n\n<figure class=\"wp-block-image size-large\"><img decoding=\"async\" width=\"1024\" height=\"576\" src=\"http:\/\/ocantinhodoscabrais.pt\/wp-content\/uploads\/2023\/02\/CENTUM-CELLAS-1024x576.png\" alt=\"\" class=\"wp-image-1480\" srcset=\"https:\/\/ocantinhodoscabrais.pt\/wp-content\/uploads\/2023\/02\/CENTUM-CELLAS-1024x576.png 1024w, https:\/\/ocantinhodoscabrais.pt\/wp-content\/uploads\/2023\/02\/CENTUM-CELLAS-600x338.png 600w, https:\/\/ocantinhodoscabrais.pt\/wp-content\/uploads\/2023\/02\/CENTUM-CELLAS-300x169.png 300w, https:\/\/ocantinhodoscabrais.pt\/wp-content\/uploads\/2023\/02\/CENTUM-CELLAS-768x432.png 768w, https:\/\/ocantinhodoscabrais.pt\/wp-content\/uploads\/2023\/02\/CENTUM-CELLAS-892x502.png 892w, https:\/\/ocantinhodoscabrais.pt\/wp-content\/uploads\/2023\/02\/CENTUM-CELLAS.png 1280w\" sizes=\"(max-width: 1024px) 100vw, 1024px\" \/><\/figure>\n\n\n\n<figure class=\"wp-block-image size-large\"><img decoding=\"async\" width=\"1024\" height=\"576\" src=\"http:\/\/ocantinhodoscabrais.pt\/wp-content\/uploads\/2023\/02\/SERRA-DA-ESTRELA-1-1024x576.png\" alt=\"\" class=\"wp-image-1482\" srcset=\"https:\/\/ocantinhodoscabrais.pt\/wp-content\/uploads\/2023\/02\/SERRA-DA-ESTRELA-1-1024x576.png 1024w, https:\/\/ocantinhodoscabrais.pt\/wp-content\/uploads\/2023\/02\/SERRA-DA-ESTRELA-1-600x338.png 600w, https:\/\/ocantinhodoscabrais.pt\/wp-content\/uploads\/2023\/02\/SERRA-DA-ESTRELA-1-300x169.png 300w, https:\/\/ocantinhodoscabrais.pt\/wp-content\/uploads\/2023\/02\/SERRA-DA-ESTRELA-1-768x432.png 768w, https:\/\/ocantinhodoscabrais.pt\/wp-content\/uploads\/2023\/02\/SERRA-DA-ESTRELA-1-892x502.png 892w, https:\/\/ocantinhodoscabrais.pt\/wp-content\/uploads\/2023\/02\/SERRA-DA-ESTRELA-1.png 1280w\" sizes=\"(max-width: 1024px) 100vw, 1024px\" \/><\/figure>\n<\/div>\n\n\n\n<div class=\"wp-block-column is-layout-flow wp-block-column-is-layout-flow\">\n<figure class=\"wp-block-image size-large\"><img loading=\"lazy\" decoding=\"async\" width=\"1024\" height=\"576\" src=\"http:\/\/ocantinhodoscabrais.pt\/wp-content\/uploads\/2023\/02\/CAPELA-NOSSA-SENHORA-DA-ESTRELA-INGUIAS-1024x576.png\" alt=\"\" class=\"wp-image-1479\" srcset=\"https:\/\/ocantinhodoscabrais.pt\/wp-content\/uploads\/2023\/02\/CAPELA-NOSSA-SENHORA-DA-ESTRELA-INGUIAS-1024x576.png 1024w, https:\/\/ocantinhodoscabrais.pt\/wp-content\/uploads\/2023\/02\/CAPELA-NOSSA-SENHORA-DA-ESTRELA-INGUIAS-600x338.png 600w, https:\/\/ocantinhodoscabrais.pt\/wp-content\/uploads\/2023\/02\/CAPELA-NOSSA-SENHORA-DA-ESTRELA-INGUIAS-300x169.png 300w, https:\/\/ocantinhodoscabrais.pt\/wp-content\/uploads\/2023\/02\/CAPELA-NOSSA-SENHORA-DA-ESTRELA-INGUIAS-768x432.png 768w, https:\/\/ocantinhodoscabrais.pt\/wp-content\/uploads\/2023\/02\/CAPELA-NOSSA-SENHORA-DA-ESTRELA-INGUIAS-892x502.png 892w, https:\/\/ocantinhodoscabrais.pt\/wp-content\/uploads\/2023\/02\/CAPELA-NOSSA-SENHORA-DA-ESTRELA-INGUIAS.png 1280w\" sizes=\"(max-width: 1024px) 100vw, 1024px\" \/><\/figure>\n\n\n\n<figure class=\"wp-block-image size-large\"><img loading=\"lazy\" decoding=\"async\" width=\"1024\" height=\"576\" src=\"http:\/\/ocantinhodoscabrais.pt\/wp-content\/uploads\/2023\/02\/INTERIOR-IGREJA-MATRIZ-INGUIAS-1024x576.png\" alt=\"\" class=\"wp-image-1481\" srcset=\"https:\/\/ocantinhodoscabrais.pt\/wp-content\/uploads\/2023\/02\/INTERIOR-IGREJA-MATRIZ-INGUIAS-1024x576.png 1024w, https:\/\/ocantinhodoscabrais.pt\/wp-content\/uploads\/2023\/02\/INTERIOR-IGREJA-MATRIZ-INGUIAS-600x338.png 600w, https:\/\/ocantinhodoscabrais.pt\/wp-content\/uploads\/2023\/02\/INTERIOR-IGREJA-MATRIZ-INGUIAS-300x169.png 300w, https:\/\/ocantinhodoscabrais.pt\/wp-content\/uploads\/2023\/02\/INTERIOR-IGREJA-MATRIZ-INGUIAS-768x432.png 768w, https:\/\/ocantinhodoscabrais.pt\/wp-content\/uploads\/2023\/02\/INTERIOR-IGREJA-MATRIZ-INGUIAS-892x502.png 892w, https:\/\/ocantinhodoscabrais.pt\/wp-content\/uploads\/2023\/02\/INTERIOR-IGREJA-MATRIZ-INGUIAS.png 1280w\" sizes=\"(max-width: 1024px) 100vw, 1024px\" \/><\/figure>\n\n\n\n<figure class=\"wp-block-image size-large\"><img loading=\"lazy\" decoding=\"async\" width=\"1024\" height=\"576\" src=\"http:\/\/ocantinhodoscabrais.pt\/wp-content\/uploads\/2023\/02\/JANEIRO-BAIXO-CIMA-2-1024x576.png\" alt=\"\" class=\"wp-image-1483\" srcset=\"https:\/\/ocantinhodoscabrais.pt\/wp-content\/uploads\/2023\/02\/JANEIRO-BAIXO-CIMA-2-1024x576.png 1024w, https:\/\/ocantinhodoscabrais.pt\/wp-content\/uploads\/2023\/02\/JANEIRO-BAIXO-CIMA-2-600x338.png 600w, https:\/\/ocantinhodoscabrais.pt\/wp-content\/uploads\/2023\/02\/JANEIRO-BAIXO-CIMA-2-300x169.png 300w, https:\/\/ocantinhodoscabrais.pt\/wp-content\/uploads\/2023\/02\/JANEIRO-BAIXO-CIMA-2-768x432.png 768w, https:\/\/ocantinhodoscabrais.pt\/wp-content\/uploads\/2023\/02\/JANEIRO-BAIXO-CIMA-2-892x502.png 892w, https:\/\/ocantinhodoscabrais.pt\/wp-content\/uploads\/2023\/02\/JANEIRO-BAIXO-CIMA-2.png 1280w\" sizes=\"(max-width: 1024px) 100vw, 1024px\" \/><\/figure>\n<\/div>\n<\/div>\n\n\n\n<div style=\"height:50px\" aria-hidden=\"true\" class=\"wp-block-spacer\"><\/div>\n\n\n\n<div class=\"wp-block-getwid-advanced-heading\" style=\"margin-bottom:5px;margin-top:81px\"><h2 class=\"wp-block-getwid-advanced-heading__content\" style=\"text-align:center\">Entdecken Sie unser Dorf Inguias, Portugal<\/h2><\/div>\n\n\n\n<div style=\"height:22px\" aria-hidden=\"true\" class=\"wp-block-spacer\"><\/div>\n\n\n\n<div class=\"wp-block-getwid-advanced-heading\" style=\"margin-bottom:40px\"><span class=\"wp-block-getwid-advanced-heading__content\" style=\"text-align:left\"><strong>Inguias<\/strong> ist ein kleines portugiesisches Dorf in der Gemeinde Belmonte in der Region Centre in Portugal. <br><br>Hier sind einige Informationen \u00fcber dieses charmante Dorf:<br><strong><br>Localiza\u00e7\u00e3o:<\/strong> Inguias liegt etwa 5 km nordwestlich von Belmonte und etwa 25 km s\u00fcdlich der Stadt Guarda.<br><br><strong>Hist\u00f3ria:<\/strong> Die Geschichte von Inguias reicht bis in die R\u00f6merzeit zur\u00fcck, als das Dorf ein wichtiges Zentrum der Weinproduktion war. <br><br>Im Mittelalter war das Dorf ein wichtiger Grenz\u00fcbergang f\u00fcr Pilger nach Santiago de Compostela.<br><br><strong>Patrim\u00f3nio<\/strong>: Inguias hat ein reiches historisches und kulturelles Erbe. Bemerkenswert sind die Pfarrkirche Nossa Senhora da Concei\u00e7\u00e3o aus dem 18. Jahrhundert mit einem vergoldeten Altarbild und der Pelourinho de Inguias, ein Granitdenkmal aus dem Jahr 1564.<br><br><strong>Festas e eventos:<\/strong> Inguias ist bekannt f\u00fcr seine Festivals und Veranstaltungen, wie das Festa de S\u00e3o Sebasti\u00e3o, das im Januar stattfindet, und das Festa da Nossa Senhora da Concei\u00e7\u00e3o, das im August stattfindet.<br><br><strong>Natureza:<\/strong>Inguias liegt in einer Region mit Bergen und T\u00e4lern, umgeben von wundersch\u00f6nen Naturlandschaften. <br><br>Hier k\u00f6nnen Sie wandern, Rad fahren oder einfach nur.<\/span><\/div>\n\n\n\n<div class=\"wp-block-columns has-2-columns is-layout-flex wp-container-core-columns-layout-4 wp-block-columns-is-layout-flex\">\n<div class=\"wp-block-column is-layout-flow wp-block-column-is-layout-flow\">\n<figure class=\"wp-block-image size-large\"><img loading=\"lazy\" decoding=\"async\" width=\"1024\" height=\"576\" src=\"http:\/\/ocantinhodoscabrais.pt\/wp-content\/uploads\/2023\/02\/INGUIAS-1024x576.png\" alt=\"\" class=\"wp-image-1486\" srcset=\"https:\/\/ocantinhodoscabrais.pt\/wp-content\/uploads\/2023\/02\/INGUIAS-1024x576.png 1024w, https:\/\/ocantinhodoscabrais.pt\/wp-content\/uploads\/2023\/02\/INGUIAS-600x338.png 600w, https:\/\/ocantinhodoscabrais.pt\/wp-content\/uploads\/2023\/02\/INGUIAS-300x169.png 300w, https:\/\/ocantinhodoscabrais.pt\/wp-content\/uploads\/2023\/02\/INGUIAS-768x432.png 768w, https:\/\/ocantinhodoscabrais.pt\/wp-content\/uploads\/2023\/02\/INGUIAS-892x502.png 892w, https:\/\/ocantinhodoscabrais.pt\/wp-content\/uploads\/2023\/02\/INGUIAS.png 1280w\" sizes=\"(max-width: 1024px) 100vw, 1024px\" \/><\/figure>\n\n\n\n<figure class=\"wp-block-image size-large\"><img loading=\"lazy\" decoding=\"async\" width=\"1024\" height=\"576\" src=\"http:\/\/ocantinhodoscabrais.pt\/wp-content\/uploads\/2023\/02\/Cantinho-dos-Cabrais-foto-de-zona-exterior-1024x576.png\" alt=\"\" class=\"wp-image-1490\" srcset=\"https:\/\/ocantinhodoscabrais.pt\/wp-content\/uploads\/2023\/02\/Cantinho-dos-Cabrais-foto-de-zona-exterior-1024x576.png 1024w, https:\/\/ocantinhodoscabrais.pt\/wp-content\/uploads\/2023\/02\/Cantinho-dos-Cabrais-foto-de-zona-exterior-600x338.png 600w, https:\/\/ocantinhodoscabrais.pt\/wp-content\/uploads\/2023\/02\/Cantinho-dos-Cabrais-foto-de-zona-exterior-300x169.png 300w, https:\/\/ocantinhodoscabrais.pt\/wp-content\/uploads\/2023\/02\/Cantinho-dos-Cabrais-foto-de-zona-exterior-768x432.png 768w, https:\/\/ocantinhodoscabrais.pt\/wp-content\/uploads\/2023\/02\/Cantinho-dos-Cabrais-foto-de-zona-exterior-892x502.png 892w, https:\/\/ocantinhodoscabrais.pt\/wp-content\/uploads\/2023\/02\/Cantinho-dos-Cabrais-foto-de-zona-exterior.png 1280w\" sizes=\"(max-width: 1024px) 100vw, 1024px\" \/><\/figure>\n<\/div>\n\n\n\n<div class=\"wp-block-column is-layout-flow wp-block-column-is-layout-flow\">\n<figure class=\"wp-block-image size-large\"><img loading=\"lazy\" decoding=\"async\" width=\"1024\" height=\"576\" src=\"http:\/\/ocantinhodoscabrais.pt\/wp-content\/uploads\/2023\/02\/IGREJA-MATRIZ-INGUIAS-1024x576.png\" alt=\"\" class=\"wp-image-1487\" srcset=\"https:\/\/ocantinhodoscabrais.pt\/wp-content\/uploads\/2023\/02\/IGREJA-MATRIZ-INGUIAS-1024x576.png 1024w, https:\/\/ocantinhodoscabrais.pt\/wp-content\/uploads\/2023\/02\/IGREJA-MATRIZ-INGUIAS-600x338.png 600w, https:\/\/ocantinhodoscabrais.pt\/wp-content\/uploads\/2023\/02\/IGREJA-MATRIZ-INGUIAS-300x169.png 300w, https:\/\/ocantinhodoscabrais.pt\/wp-content\/uploads\/2023\/02\/IGREJA-MATRIZ-INGUIAS-768x432.png 768w, https:\/\/ocantinhodoscabrais.pt\/wp-content\/uploads\/2023\/02\/IGREJA-MATRIZ-INGUIAS-892x502.png 892w, https:\/\/ocantinhodoscabrais.pt\/wp-content\/uploads\/2023\/02\/IGREJA-MATRIZ-INGUIAS.png 1280w\" sizes=\"(max-width: 1024px) 100vw, 1024px\" \/><\/figure>\n\n\n\n<figure class=\"wp-block-image size-large\"><img loading=\"lazy\" decoding=\"async\" width=\"1024\" height=\"576\" src=\"http:\/\/ocantinhodoscabrais.pt\/wp-content\/uploads\/2023\/02\/15-1024x576.png\" alt=\"\" class=\"wp-image-1488\" srcset=\"https:\/\/ocantinhodoscabrais.pt\/wp-content\/uploads\/2023\/02\/15-1024x576.png 1024w, https:\/\/ocantinhodoscabrais.pt\/wp-content\/uploads\/2023\/02\/15-600x338.png 600w, https:\/\/ocantinhodoscabrais.pt\/wp-content\/uploads\/2023\/02\/15-300x169.png 300w, https:\/\/ocantinhodoscabrais.pt\/wp-content\/uploads\/2023\/02\/15-768x432.png 768w, https:\/\/ocantinhodoscabrais.pt\/wp-content\/uploads\/2023\/02\/15-892x502.png 892w, https:\/\/ocantinhodoscabrais.pt\/wp-content\/uploads\/2023\/02\/15.png 1280w\" sizes=\"(max-width: 1024px) 100vw, 1024px\" \/><\/figure>\n<\/div>\n<\/div>\n","protected":false},"excerpt":{"rendered":"<p>Belmonte ist ein historisches und charmantes Dorf mit atemberaubenden Naturlandschaften und einer reichen portugiesischen Kultur. Wenn Sie nach einem authentischen Erlebnis in Portugal suchen, ist Belmonte das perfekte Ziel f\u00fcr Sie, ebenso wie unser charmantes Dorf Inguias, Portugal.<\/p>\n","protected":false},"author":1,"featured_media":0,"parent":0,"menu_order":0,"comment_status":"closed","ping_status":"closed","template":"template-wide-page.php","meta":{"_acf_changed":false,"inline_featured_image":false,"footnotes":""},"acf":[],"yoast_head":"<!-- This site is optimized with the Yoast SEO Premium plugin v19.5 (Yoast SEO v20.7) - https:\/\/yoast.com\/wordpress\/plugins\/seo\/ -->\n<title>Was in Belmonte und in der Region zu tun ist - O Cantinho dos Cabrais<\/title>\n<meta name=\"robots\" content=\"index, follow, max-snippet:-1, max-image-preview:large, max-video-preview:-1\" \/>\n<link rel=\"canonical\" href=\"https:\/\/ocantinhodoscabrais.pt\/de\/was-in-belmonte-und-in-der-region-zu-tun-ist\/\" \/>\n<meta property=\"og:locale\" content=\"de_DE\" \/>\n<meta property=\"og:type\" content=\"article\" \/>\n<meta property=\"og:title\" content=\"Was in Belmonte und in der Region zu tun ist\" \/>\n<meta property=\"og:description\" content=\"Belmonte ist ein historisches und charmantes Dorf mit atemberaubenden Naturlandschaften und einer reichen portugiesischen Kultur. Wenn Sie nach einem authentischen Erlebnis in Portugal suchen, ist Belmonte das perfekte Ziel f\u00fcr Sie, ebenso wie unser charmantes Dorf Inguias, Portugal.\" \/>\n<meta property=\"og:url\" content=\"https:\/\/ocantinhodoscabrais.pt\/de\/was-in-belmonte-und-in-der-region-zu-tun-ist\/\" \/>\n<meta property=\"og:site_name\" content=\"O Cantinho dos Cabrais\" \/>\n<meta property=\"og:image\" content=\"http:\/\/ocantinhodoscabrais.pt\/wp-content\/uploads\/2023\/02\/BELMONTE-1-1024x576.png\" \/>\n<meta name=\"twitter:card\" content=\"summary_large_image\" \/>\n<meta name=\"twitter:label1\" content=\"Gesch\u00e4tzte Lesezeit\" \/>\n\t<meta name=\"twitter:data1\" content=\"2\u00a0Minuten\" \/>\n<script type=\"application\/ld+json\" class=\"yoast-schema-graph\">{\"@context\":\"https:\/\/schema.org\",\"@graph\":[{\"@type\":\"WebPage\",\"@id\":\"https:\/\/ocantinhodoscabrais.pt\/de\/was-in-belmonte-und-in-der-region-zu-tun-ist\/\",\"url\":\"https:\/\/ocantinhodoscabrais.pt\/de\/was-in-belmonte-und-in-der-region-zu-tun-ist\/\",\"name\":\"Was in Belmonte und in der Region zu tun ist - O Cantinho dos Cabrais\",\"isPartOf\":{\"@id\":\"https:\/\/ocantinhodoscabrais.pt\/#website\"},\"datePublished\":\"2019-09-18T12:05:01+00:00\",\"dateModified\":\"2019-09-18T12:05:01+00:00\",\"breadcrumb\":{\"@id\":\"https:\/\/ocantinhodoscabrais.pt\/de\/was-in-belmonte-und-in-der-region-zu-tun-ist\/#breadcrumb\"},\"inLanguage\":\"de\",\"potentialAction\":[{\"@type\":\"ReadAction\",\"target\":[\"https:\/\/ocantinhodoscabrais.pt\/de\/was-in-belmonte-und-in-der-region-zu-tun-ist\/\"]}]},{\"@type\":\"BreadcrumbList\",\"@id\":\"https:\/\/ocantinhodoscabrais.pt\/de\/was-in-belmonte-und-in-der-region-zu-tun-ist\/#breadcrumb\",\"itemListElement\":[{\"@type\":\"ListItem\",\"position\":1,\"name\":\"In\u00edcio\",\"item\":\"https:\/\/ocantinhodoscabrais.pt\/de\/\"},{\"@type\":\"ListItem\",\"position\":2,\"name\":\"Was in Belmonte und in der Region zu tun ist\"}]},{\"@type\":\"WebSite\",\"@id\":\"https:\/\/ocantinhodoscabrais.pt\/#website\",\"url\":\"https:\/\/ocantinhodoscabrais.pt\/\",\"name\":\"O Cantinho dos Cabrais\",\"description\":\"Sinta a Natureza\",\"publisher\":{\"@id\":\"https:\/\/ocantinhodoscabrais.pt\/#organization\"},\"potentialAction\":[{\"@type\":\"SearchAction\",\"target\":{\"@type\":\"EntryPoint\",\"urlTemplate\":\"https:\/\/ocantinhodoscabrais.pt\/?s={search_term_string}\"},\"query-input\":\"required name=search_term_string\"}],\"inLanguage\":\"de\"},{\"@type\":\"Organization\",\"@id\":\"https:\/\/ocantinhodoscabrais.pt\/#organization\",\"name\":\"O Cantinho dos Cabrais\",\"url\":\"https:\/\/ocantinhodoscabrais.pt\/\",\"logo\":{\"@type\":\"ImageObject\",\"inLanguage\":\"de\",\"@id\":\"https:\/\/ocantinhodoscabrais.pt\/#\/schema\/logo\/image\/\",\"url\":\"https:\/\/ocantinhodoscabrais.pt\/wp-content\/uploads\/2023\/02\/cropped-logo_horizontal.fw_.png\",\"contentUrl\":\"https:\/\/ocantinhodoscabrais.pt\/wp-content\/uploads\/2023\/02\/cropped-logo_horizontal.fw_.png\",\"width\":563,\"height\":109,\"caption\":\"O Cantinho dos Cabrais\"},\"image\":{\"@id\":\"https:\/\/ocantinhodoscabrais.pt\/#\/schema\/logo\/image\/\"}}]}<\/script>\n<!-- \/ Yoast SEO Premium plugin. -->","yoast_head_json":{"title":"Was in Belmonte und in der Region zu tun ist - O Cantinho dos Cabrais","robots":{"index":"index","follow":"follow","max-snippet":"max-snippet:-1","max-image-preview":"max-image-preview:large","max-video-preview":"max-video-preview:-1"},"canonical":"https:\/\/ocantinhodoscabrais.pt\/de\/was-in-belmonte-und-in-der-region-zu-tun-ist\/","og_locale":"de_DE","og_type":"article","og_title":"Was in Belmonte und in der Region zu tun ist","og_description":"Belmonte ist ein historisches und charmantes Dorf mit atemberaubenden Naturlandschaften und einer reichen portugiesischen Kultur. Wenn Sie nach einem authentischen Erlebnis in Portugal suchen, ist Belmonte das perfekte Ziel f\u00fcr Sie, ebenso wie unser charmantes Dorf Inguias, Portugal.","og_url":"https:\/\/ocantinhodoscabrais.pt\/de\/was-in-belmonte-und-in-der-region-zu-tun-ist\/","og_site_name":"O Cantinho dos Cabrais","og_image":[{"url":"http:\/\/ocantinhodoscabrais.pt\/wp-content\/uploads\/2023\/02\/BELMONTE-1-1024x576.png"}],"twitter_card":"summary_large_image","twitter_misc":{"Gesch\u00e4tzte Lesezeit":"2\u00a0Minuten"},"schema":{"@context":"https:\/\/schema.org","@graph":[{"@type":"WebPage","@id":"https:\/\/ocantinhodoscabrais.pt\/de\/was-in-belmonte-und-in-der-region-zu-tun-ist\/","url":"https:\/\/ocantinhodoscabrais.pt\/de\/was-in-belmonte-und-in-der-region-zu-tun-ist\/","name":"Was in Belmonte und in der Region zu tun ist - O Cantinho dos Cabrais","isPartOf":{"@id":"https:\/\/ocantinhodoscabrais.pt\/#website"},"datePublished":"2019-09-18T12:05:01+00:00","dateModified":"2019-09-18T12:05:01+00:00","breadcrumb":{"@id":"https:\/\/ocantinhodoscabrais.pt\/de\/was-in-belmonte-und-in-der-region-zu-tun-ist\/#breadcrumb"},"inLanguage":"de","potentialAction":[{"@type":"ReadAction","target":["https:\/\/ocantinhodoscabrais.pt\/de\/was-in-belmonte-und-in-der-region-zu-tun-ist\/"]}]},{"@type":"BreadcrumbList","@id":"https:\/\/ocantinhodoscabrais.pt\/de\/was-in-belmonte-und-in-der-region-zu-tun-ist\/#breadcrumb","itemListElement":[{"@type":"ListItem","position":1,"name":"In\u00edcio","item":"https:\/\/ocantinhodoscabrais.pt\/de\/"},{"@type":"ListItem","position":2,"name":"Was in Belmonte und in der Region zu tun ist"}]},{"@type":"WebSite","@id":"https:\/\/ocantinhodoscabrais.pt\/#website","url":"https:\/\/ocantinhodoscabrais.pt\/","name":"O Cantinho dos Cabrais","description":"Sinta a Natureza","publisher":{"@id":"https:\/\/ocantinhodoscabrais.pt\/#organization"},"potentialAction":[{"@type":"SearchAction","target":{"@type":"EntryPoint","urlTemplate":"https:\/\/ocantinhodoscabrais.pt\/?s={search_term_string}"},"query-input":"required name=search_term_string"}],"inLanguage":"de"},{"@type":"Organization","@id":"https:\/\/ocantinhodoscabrais.pt\/#organization","name":"O Cantinho dos Cabrais","url":"https:\/\/ocantinhodoscabrais.pt\/","logo":{"@type":"ImageObject","inLanguage":"de","@id":"https:\/\/ocantinhodoscabrais.pt\/#\/schema\/logo\/image\/","url":"https:\/\/ocantinhodoscabrais.pt\/wp-content\/uploads\/2023\/02\/cropped-logo_horizontal.fw_.png","contentUrl":"https:\/\/ocantinhodoscabrais.pt\/wp-content\/uploads\/2023\/02\/cropped-logo_horizontal.fw_.png","width":563,"height":109,"caption":"O Cantinho dos Cabrais"},"image":{"@id":"https:\/\/ocantinhodoscabrais.pt\/#\/schema\/logo\/image\/"}}]}},"_links":{"self":[{"href":"https:\/\/ocantinhodoscabrais.pt\/de\/wp-json\/wp\/v2\/pages\/2441"}],"collection":[{"href":"https:\/\/ocantinhodoscabrais.pt\/de\/wp-json\/wp\/v2\/pages"}],"about":[{"href":"https:\/\/ocantinhodoscabrais.pt\/de\/wp-json\/wp\/v2\/types\/page"}],"author":[{"embeddable":true,"href":"https:\/\/ocantinhodoscabrais.pt\/de\/wp-json\/wp\/v2\/users\/1"}],"replies":[{"embeddable":true,"href":"https:\/\/ocantinhodoscabrais.pt\/de\/wp-json\/wp\/v2\/comments?post=2441"}],"version-history":[{"count":0,"href":"https:\/\/ocantinhodoscabrais.pt\/de\/wp-json\/wp\/v2\/pages\/2441\/revisions"}],"wp:attachment":[{"href":"https:\/\/ocantinhodoscabrais.pt\/de\/wp-json\/wp\/v2\/media?parent=2441"}],"curies":[{"name":"wp","href":"https:\/\/api.w.org\/{rel}","templated":true}]}}