{"id":2517,"date":"2023-02-20T12:43:49","date_gmt":"2023-02-20T12:43:49","guid":{"rendered":"http:\/\/ocantinhodoscabrais.pt\/restaurant-o-bernardo\/"},"modified":"2023-03-29T16:56:54","modified_gmt":"2023-03-29T16:56:54","slug":"restaurant-o-bernardo","status":"publish","type":"page","link":"https:\/\/ocantinhodoscabrais.pt\/de\/restaurant-o-bernardo\/","title":{"rendered":"Restaurant &#8222;O Bernardo&#8220;"},"content":{"rendered":"\n<div class=\"wp-block-getwid-advanced-heading\" style=\"margin-bottom:5px;margin-top:81px\"><h2 class=\"wp-block-getwid-advanced-heading__content\" style=\"text-align:center\">Entdecken Sie ein wenig von unserer Geschichte<\/h2><\/div>\n\n<div style=\"height:18px\" aria-hidden=\"true\" class=\"wp-block-spacer\"><\/div>\n\n<div class=\"wp-block-getwid-advanced-heading\" style=\"margin-bottom:40px\"><span class=\"wp-block-getwid-advanced-heading__content\" style=\"text-align:left\">Es war der 8. Juli 1995, als die Familie Cabral Bernardo mit Wohnsitz in Inguias beschloss, in ihr eigenes Gesch\u00e4ft mit dem Namen Caf\u00e9 Snack-Bar \u201eO Bernardo\u201c zu investieren.<br><br>In diesem Raum hat die Familie im Laufe von f\u00fcnfzehn Jahren ihre Wurzeln aufgebaut und ihr Gesch\u00e4ft wachsen sehen.<br><br>Nach 16 Jahren wurde aufgrund des Wachstums, das w\u00e4hrend dieser ganzen Zeit zu sp\u00fcren war, die Notwendigkeit sp\u00fcrbar, das Gesch\u00e4ft zu erweitern. <br><br>Bei dieser \u00c4nderung wurde 2011 der Raum neu klassifiziert und der Name in Restaurant Snack-Bar &#8222;O Bernardo&#8220; umstrukturiert.<\/span><\/div>\n\n<div style=\"height:21px\" aria-hidden=\"true\" class=\"wp-block-spacer\"><\/div>\n\n<div class=\"wp-block-getwid-images-slider has-arrows-inside has-dots-none is-carousel has-slides-gap-small has-images-center has-cropped-images\"><div class=\"wp-block-getwid-images-slider__wrapper\" data-effect=\"slide\" data-slides-show=\"3\" data-slides-show-laptop=\"1\" data-slides-show-tablet=\"1\" data-slides-show-mobile=\"1\" data-slides-scroll=\"1\" data-autoplay=\"false\" data-autoplay-speed=\"6000\" data-infinite=\"false\" data-animation-speed=\"500\" data-center-mode=\"false\" data-variable-width=\"false\" data-arrows=\"inside\" data-dots=\"none\" data-spacing=\"small\"><div class=\"wp-block-getwid-images-slider__item\"><figure><img fetchpriority=\"high\" decoding=\"async\" width=\"892\" height=\"1323\" src=\"http:\/\/ocantinhodoscabrais.pt\/wp-content\/uploads\/2023\/03\/OUT_OF_FRAME-252.jpg\" data-id=\"2831\" data-link=\"http:\/\/ocantinhodoscabrais.pt\/restaurante-o-bernardo\/attachment\/out_of_frame-252\/\" data-original-link=\"http:\/\/ocantinhodoscabrais.pt\/wp-content\/uploads\/2023\/03\/OUT_OF_FRAME-252.jpg\" class=\"wp-block-getwid-images-slider__image wp-image-2831\" srcset=\"https:\/\/ocantinhodoscabrais.pt\/wp-content\/uploads\/2023\/03\/OUT_OF_FRAME-252.jpg 892w, https:\/\/ocantinhodoscabrais.pt\/wp-content\/uploads\/2023\/03\/OUT_OF_FRAME-252-202x300.jpg 202w, https:\/\/ocantinhodoscabrais.pt\/wp-content\/uploads\/2023\/03\/OUT_OF_FRAME-252-690x1024.jpg 690w, https:\/\/ocantinhodoscabrais.pt\/wp-content\/uploads\/2023\/03\/OUT_OF_FRAME-252-768x1139.jpg 768w, https:\/\/ocantinhodoscabrais.pt\/wp-content\/uploads\/2023\/03\/OUT_OF_FRAME-252-600x890.jpg 600w\" sizes=\"(max-width: 892px) 100vw, 892px\" \/><\/figure><\/div><div class=\"wp-block-getwid-images-slider__item\"><figure><img decoding=\"async\" width=\"892\" height=\"1323\" src=\"http:\/\/ocantinhodoscabrais.pt\/wp-content\/uploads\/2023\/03\/OUT_OF_FRAME-241.jpg\" data-id=\"2826\" data-link=\"http:\/\/ocantinhodoscabrais.pt\/restaurante-o-bernardo\/attachment\/out_of_frame-241\/\" data-original-link=\"http:\/\/ocantinhodoscabrais.pt\/wp-content\/uploads\/2023\/03\/OUT_OF_FRAME-241.jpg\" class=\"wp-block-getwid-images-slider__image wp-image-2826\" srcset=\"https:\/\/ocantinhodoscabrais.pt\/wp-content\/uploads\/2023\/03\/OUT_OF_FRAME-241.jpg 892w, https:\/\/ocantinhodoscabrais.pt\/wp-content\/uploads\/2023\/03\/OUT_OF_FRAME-241-202x300.jpg 202w, https:\/\/ocantinhodoscabrais.pt\/wp-content\/uploads\/2023\/03\/OUT_OF_FRAME-241-690x1024.jpg 690w, https:\/\/ocantinhodoscabrais.pt\/wp-content\/uploads\/2023\/03\/OUT_OF_FRAME-241-768x1139.jpg 768w, https:\/\/ocantinhodoscabrais.pt\/wp-content\/uploads\/2023\/03\/OUT_OF_FRAME-241-600x890.jpg 600w\" sizes=\"(max-width: 892px) 100vw, 892px\" \/><\/figure><\/div><div class=\"wp-block-getwid-images-slider__item\"><figure><img decoding=\"async\" width=\"892\" height=\"1323\" src=\"http:\/\/ocantinhodoscabrais.pt\/wp-content\/uploads\/2023\/03\/OUT_OF_FRAME-246.jpg\" data-id=\"2816\" data-link=\"http:\/\/ocantinhodoscabrais.pt\/restaurante-o-bernardo\/attachment\/out_of_frame-246\/\" data-original-link=\"http:\/\/ocantinhodoscabrais.pt\/wp-content\/uploads\/2023\/03\/OUT_OF_FRAME-246.jpg\" class=\"wp-block-getwid-images-slider__image wp-image-2816\" srcset=\"https:\/\/ocantinhodoscabrais.pt\/wp-content\/uploads\/2023\/03\/OUT_OF_FRAME-246.jpg 892w, https:\/\/ocantinhodoscabrais.pt\/wp-content\/uploads\/2023\/03\/OUT_OF_FRAME-246-202x300.jpg 202w, https:\/\/ocantinhodoscabrais.pt\/wp-content\/uploads\/2023\/03\/OUT_OF_FRAME-246-690x1024.jpg 690w, https:\/\/ocantinhodoscabrais.pt\/wp-content\/uploads\/2023\/03\/OUT_OF_FRAME-246-768x1139.jpg 768w, https:\/\/ocantinhodoscabrais.pt\/wp-content\/uploads\/2023\/03\/OUT_OF_FRAME-246-600x890.jpg 600w\" sizes=\"(max-width: 892px) 100vw, 892px\" \/><\/figure><\/div><div class=\"wp-block-getwid-images-slider__item\"><figure><img loading=\"lazy\" decoding=\"async\" width=\"892\" height=\"1323\" src=\"http:\/\/ocantinhodoscabrais.pt\/wp-content\/uploads\/2023\/03\/OUT_OF_FRAME-239.jpg\" data-id=\"2810\" data-link=\"http:\/\/ocantinhodoscabrais.pt\/restaurante-o-bernardo\/attachment\/out_of_frame-239\/\" data-original-link=\"http:\/\/ocantinhodoscabrais.pt\/wp-content\/uploads\/2023\/03\/OUT_OF_FRAME-239.jpg\" class=\"wp-block-getwid-images-slider__image wp-image-2810\" srcset=\"https:\/\/ocantinhodoscabrais.pt\/wp-content\/uploads\/2023\/03\/OUT_OF_FRAME-239.jpg 892w, https:\/\/ocantinhodoscabrais.pt\/wp-content\/uploads\/2023\/03\/OUT_OF_FRAME-239-202x300.jpg 202w, https:\/\/ocantinhodoscabrais.pt\/wp-content\/uploads\/2023\/03\/OUT_OF_FRAME-239-690x1024.jpg 690w, https:\/\/ocantinhodoscabrais.pt\/wp-content\/uploads\/2023\/03\/OUT_OF_FRAME-239-768x1139.jpg 768w, https:\/\/ocantinhodoscabrais.pt\/wp-content\/uploads\/2023\/03\/OUT_OF_FRAME-239-600x890.jpg 600w\" sizes=\"(max-width: 892px) 100vw, 892px\" \/><\/figure><\/div><div class=\"wp-block-getwid-images-slider__item\"><figure><img loading=\"lazy\" decoding=\"async\" width=\"892\" height=\"1323\" src=\"http:\/\/ocantinhodoscabrais.pt\/wp-content\/uploads\/2023\/03\/OUT_OF_FRAME-247.jpg\" data-id=\"2821\" data-link=\"http:\/\/ocantinhodoscabrais.pt\/restaurante-o-bernardo\/attachment\/out_of_frame-247\/\" data-original-link=\"http:\/\/ocantinhodoscabrais.pt\/wp-content\/uploads\/2023\/03\/OUT_OF_FRAME-247.jpg\" class=\"wp-block-getwid-images-slider__image wp-image-2821\" srcset=\"https:\/\/ocantinhodoscabrais.pt\/wp-content\/uploads\/2023\/03\/OUT_OF_FRAME-247.jpg 892w, https:\/\/ocantinhodoscabrais.pt\/wp-content\/uploads\/2023\/03\/OUT_OF_FRAME-247-202x300.jpg 202w, https:\/\/ocantinhodoscabrais.pt\/wp-content\/uploads\/2023\/03\/OUT_OF_FRAME-247-690x1024.jpg 690w, https:\/\/ocantinhodoscabrais.pt\/wp-content\/uploads\/2023\/03\/OUT_OF_FRAME-247-768x1139.jpg 768w, https:\/\/ocantinhodoscabrais.pt\/wp-content\/uploads\/2023\/03\/OUT_OF_FRAME-247-600x890.jpg 600w\" sizes=\"(max-width: 892px) 100vw, 892px\" \/><\/figure><\/div><\/div><\/div>\n\n<div class=\"wp-block-getwid-advanced-heading\" style=\"margin-bottom:5px;margin-top:81px\"><h2 class=\"wp-block-getwid-advanced-heading__content\" style=\"text-align:center\">Probieren Sie typische Gerichte und lernen Sie das Dorf kennen<\/h2><\/div>\n\n<div style=\"height:19px\" aria-hidden=\"true\" class=\"wp-block-spacer\"><\/div>\n\n<div class=\"wp-block-getwid-advanced-heading\" style=\"margin-bottom:40px\"><span class=\"wp-block-getwid-advanced-heading__content\" style=\"text-align:left\">Inguias ist ein portugiesisches Dorf in der Gemeinde Belmonte mit einer Geschichte, die bis in die R\u00f6merzeit zur\u00fcckreicht, und einem reichen historischen und kulturellen Erbe, wie der Pfarrkirche Nossa Senhora da Concei\u00e7\u00e3o und dem Pelourinho de Inguias. <br><br>Dar\u00fcber hinaus ist es von wundersch\u00f6nen Naturlandschaften umgeben, mit mehreren M\u00f6glichkeiten f\u00fcr Outdoor-Aktivit\u00e4ten. Lokale Festivals wie das S\u00e3o Sebasti\u00e3o Festival und das Nossa Senhora da Concei\u00e7\u00e3o Festival sind ebenfalls in der Region beliebt.<br><br>F\u00fcr diejenigen, die das Dorf besuchen, ist es ein Vorschlag, das Restaurant O Bernardo zu probieren, das traditionelle portugiesische Gerichte und eine gem\u00fctliche Atmosph\u00e4re bietet, um eine typische Mahlzeit aus der Region zu genie\u00dfen.<\/span><\/div>\n\n<div style=\"height:25px\" aria-hidden=\"true\" class=\"wp-block-spacer\"><\/div>\n\n<div class=\"wp-block-buttons is-content-justification-center is-layout-flex wp-container-core-buttons-layout-1 wp-block-buttons-is-layout-flex\">\n<div class=\"wp-block-button\"><a class=\"wp-block-button__link wp-element-button\" href=\"http:\/\/ocantinhodoscabrais.pt\/de\/zimmer-appartements\/\">Machen Sie eine Reservierung &#8211; Zimmer &amp; Apartments<\/a><\/div>\n<\/div>\n\n<div style=\"height:60px\" aria-hidden=\"true\" class=\"wp-block-spacer\"><\/div>\n","protected":false},"excerpt":{"rendered":"<p>Probieren Sie typische Gerichte im Restaurant &#8222;O Bernardo&#8220;. Entdecken Sie das Dorf Inguias, Belmonte &#8211; Portugal. Genie\u00dfen Sie tolle Zeiten hier!<\/p>\n","protected":false},"author":1,"featured_media":0,"parent":0,"menu_order":0,"comment_status":"closed","ping_status":"closed","template":"","meta":{"_acf_changed":false,"inline_featured_image":false,"footnotes":""},"acf":[],"yoast_head":"<!-- This site is optimized with the Yoast SEO Premium plugin v19.5 (Yoast SEO v20.7) - https:\/\/yoast.com\/wordpress\/plugins\/seo\/ -->\n<title>Restaurant &quot;O Bernardo&quot; - O Cantinho dos Cabrais<\/title>\n<meta name=\"description\" content=\"Probieren Sie typische Gerichte im Restaurant &quot;O Bernardo&quot;. Entdecken Sie das Dorf Inguias, Belmonte - Portugal. Genie\u00dfen Sie tolle Zeiten hier!\" \/>\n<meta name=\"robots\" content=\"index, follow, max-snippet:-1, max-image-preview:large, max-video-preview:-1\" \/>\n<link rel=\"canonical\" href=\"https:\/\/ocantinhodoscabrais.pt\/de\/restaurant-o-bernardo\/\" \/>\n<meta property=\"og:locale\" content=\"de_DE\" \/>\n<meta property=\"og:type\" content=\"article\" \/>\n<meta property=\"og:title\" content=\"Restaurant &quot;O Bernardo&quot;\" \/>\n<meta property=\"og:description\" content=\"Probieren Sie typische Gerichte im Restaurant &quot;O Bernardo&quot;. Entdecken Sie das Dorf Inguias, Belmonte - Portugal. Genie\u00dfen Sie tolle Zeiten hier!\" \/>\n<meta property=\"og:url\" content=\"https:\/\/ocantinhodoscabrais.pt\/de\/restaurant-o-bernardo\/\" \/>\n<meta property=\"og:site_name\" content=\"O Cantinho dos Cabrais\" \/>\n<meta property=\"article:modified_time\" content=\"2023-03-29T16:56:54+00:00\" \/>\n<meta property=\"og:image\" content=\"http:\/\/ocantinhodoscabrais.pt\/wp-content\/uploads\/2023\/03\/OUT_OF_FRAME-252.jpg\" \/>\n<meta name=\"twitter:card\" content=\"summary_large_image\" \/>\n<meta name=\"twitter:label1\" content=\"Gesch\u00e4tzte Lesezeit\" \/>\n\t<meta name=\"twitter:data1\" content=\"1\u00a0Minute\" \/>\n<script type=\"application\/ld+json\" class=\"yoast-schema-graph\">{\"@context\":\"https:\/\/schema.org\",\"@graph\":[{\"@type\":\"WebPage\",\"@id\":\"https:\/\/ocantinhodoscabrais.pt\/de\/restaurant-o-bernardo\/\",\"url\":\"https:\/\/ocantinhodoscabrais.pt\/de\/restaurant-o-bernardo\/\",\"name\":\"Restaurant \\\"O Bernardo\\\" - O Cantinho dos Cabrais\",\"isPartOf\":{\"@id\":\"https:\/\/ocantinhodoscabrais.pt\/#website\"},\"datePublished\":\"2023-02-20T12:43:49+00:00\",\"dateModified\":\"2023-03-29T16:56:54+00:00\",\"description\":\"Probieren Sie typische Gerichte im Restaurant \\\"O Bernardo\\\". Entdecken Sie das Dorf Inguias, Belmonte - Portugal. Genie\u00dfen Sie tolle Zeiten hier!\",\"breadcrumb\":{\"@id\":\"https:\/\/ocantinhodoscabrais.pt\/de\/restaurant-o-bernardo\/#breadcrumb\"},\"inLanguage\":\"de\",\"potentialAction\":[{\"@type\":\"ReadAction\",\"target\":[\"https:\/\/ocantinhodoscabrais.pt\/de\/restaurant-o-bernardo\/\"]}]},{\"@type\":\"BreadcrumbList\",\"@id\":\"https:\/\/ocantinhodoscabrais.pt\/de\/restaurant-o-bernardo\/#breadcrumb\",\"itemListElement\":[{\"@type\":\"ListItem\",\"position\":1,\"name\":\"In\u00edcio\",\"item\":\"https:\/\/ocantinhodoscabrais.pt\/de\/\"},{\"@type\":\"ListItem\",\"position\":2,\"name\":\"Restaurant &#8222;O Bernardo&#8220;\"}]},{\"@type\":\"WebSite\",\"@id\":\"https:\/\/ocantinhodoscabrais.pt\/#website\",\"url\":\"https:\/\/ocantinhodoscabrais.pt\/\",\"name\":\"O Cantinho dos Cabrais\",\"description\":\"Sinta a Natureza\",\"publisher\":{\"@id\":\"https:\/\/ocantinhodoscabrais.pt\/#organization\"},\"potentialAction\":[{\"@type\":\"SearchAction\",\"target\":{\"@type\":\"EntryPoint\",\"urlTemplate\":\"https:\/\/ocantinhodoscabrais.pt\/?s={search_term_string}\"},\"query-input\":\"required name=search_term_string\"}],\"inLanguage\":\"de\"},{\"@type\":\"Organization\",\"@id\":\"https:\/\/ocantinhodoscabrais.pt\/#organization\",\"name\":\"O Cantinho dos Cabrais\",\"url\":\"https:\/\/ocantinhodoscabrais.pt\/\",\"logo\":{\"@type\":\"ImageObject\",\"inLanguage\":\"de\",\"@id\":\"https:\/\/ocantinhodoscabrais.pt\/#\/schema\/logo\/image\/\",\"url\":\"https:\/\/ocantinhodoscabrais.pt\/wp-content\/uploads\/2023\/02\/cropped-logo_horizontal.fw_.png\",\"contentUrl\":\"https:\/\/ocantinhodoscabrais.pt\/wp-content\/uploads\/2023\/02\/cropped-logo_horizontal.fw_.png\",\"width\":563,\"height\":109,\"caption\":\"O Cantinho dos Cabrais\"},\"image\":{\"@id\":\"https:\/\/ocantinhodoscabrais.pt\/#\/schema\/logo\/image\/\"}}]}<\/script>\n<!-- \/ Yoast SEO Premium plugin. -->","yoast_head_json":{"title":"Restaurant \"O Bernardo\" - O Cantinho dos Cabrais","description":"Probieren Sie typische Gerichte im Restaurant \"O Bernardo\". Entdecken Sie das Dorf Inguias, Belmonte - Portugal. Genie\u00dfen Sie tolle Zeiten hier!","robots":{"index":"index","follow":"follow","max-snippet":"max-snippet:-1","max-image-preview":"max-image-preview:large","max-video-preview":"max-video-preview:-1"},"canonical":"https:\/\/ocantinhodoscabrais.pt\/de\/restaurant-o-bernardo\/","og_locale":"de_DE","og_type":"article","og_title":"Restaurant \"O Bernardo\"","og_description":"Probieren Sie typische Gerichte im Restaurant \"O Bernardo\". Entdecken Sie das Dorf Inguias, Belmonte - Portugal. Genie\u00dfen Sie tolle Zeiten hier!","og_url":"https:\/\/ocantinhodoscabrais.pt\/de\/restaurant-o-bernardo\/","og_site_name":"O Cantinho dos Cabrais","article_modified_time":"2023-03-29T16:56:54+00:00","og_image":[{"url":"http:\/\/ocantinhodoscabrais.pt\/wp-content\/uploads\/2023\/03\/OUT_OF_FRAME-252.jpg"}],"twitter_card":"summary_large_image","twitter_misc":{"Gesch\u00e4tzte Lesezeit":"1\u00a0Minute"},"schema":{"@context":"https:\/\/schema.org","@graph":[{"@type":"WebPage","@id":"https:\/\/ocantinhodoscabrais.pt\/de\/restaurant-o-bernardo\/","url":"https:\/\/ocantinhodoscabrais.pt\/de\/restaurant-o-bernardo\/","name":"Restaurant \"O Bernardo\" - O Cantinho dos Cabrais","isPartOf":{"@id":"https:\/\/ocantinhodoscabrais.pt\/#website"},"datePublished":"2023-02-20T12:43:49+00:00","dateModified":"2023-03-29T16:56:54+00:00","description":"Probieren Sie typische Gerichte im Restaurant \"O Bernardo\". Entdecken Sie das Dorf Inguias, Belmonte - Portugal. Genie\u00dfen Sie tolle Zeiten hier!","breadcrumb":{"@id":"https:\/\/ocantinhodoscabrais.pt\/de\/restaurant-o-bernardo\/#breadcrumb"},"inLanguage":"de","potentialAction":[{"@type":"ReadAction","target":["https:\/\/ocantinhodoscabrais.pt\/de\/restaurant-o-bernardo\/"]}]},{"@type":"BreadcrumbList","@id":"https:\/\/ocantinhodoscabrais.pt\/de\/restaurant-o-bernardo\/#breadcrumb","itemListElement":[{"@type":"ListItem","position":1,"name":"In\u00edcio","item":"https:\/\/ocantinhodoscabrais.pt\/de\/"},{"@type":"ListItem","position":2,"name":"Restaurant &#8222;O Bernardo&#8220;"}]},{"@type":"WebSite","@id":"https:\/\/ocantinhodoscabrais.pt\/#website","url":"https:\/\/ocantinhodoscabrais.pt\/","name":"O Cantinho dos Cabrais","description":"Sinta a Natureza","publisher":{"@id":"https:\/\/ocantinhodoscabrais.pt\/#organization"},"potentialAction":[{"@type":"SearchAction","target":{"@type":"EntryPoint","urlTemplate":"https:\/\/ocantinhodoscabrais.pt\/?s={search_term_string}"},"query-input":"required name=search_term_string"}],"inLanguage":"de"},{"@type":"Organization","@id":"https:\/\/ocantinhodoscabrais.pt\/#organization","name":"O Cantinho dos Cabrais","url":"https:\/\/ocantinhodoscabrais.pt\/","logo":{"@type":"ImageObject","inLanguage":"de","@id":"https:\/\/ocantinhodoscabrais.pt\/#\/schema\/logo\/image\/","url":"https:\/\/ocantinhodoscabrais.pt\/wp-content\/uploads\/2023\/02\/cropped-logo_horizontal.fw_.png","contentUrl":"https:\/\/ocantinhodoscabrais.pt\/wp-content\/uploads\/2023\/02\/cropped-logo_horizontal.fw_.png","width":563,"height":109,"caption":"O Cantinho dos Cabrais"},"image":{"@id":"https:\/\/ocantinhodoscabrais.pt\/#\/schema\/logo\/image\/"}}]}},"_links":{"self":[{"href":"https:\/\/ocantinhodoscabrais.pt\/de\/wp-json\/wp\/v2\/pages\/2517"}],"collection":[{"href":"https:\/\/ocantinhodoscabrais.pt\/de\/wp-json\/wp\/v2\/pages"}],"about":[{"href":"https:\/\/ocantinhodoscabrais.pt\/de\/wp-json\/wp\/v2\/types\/page"}],"author":[{"embeddable":true,"href":"https:\/\/ocantinhodoscabrais.pt\/de\/wp-json\/wp\/v2\/users\/1"}],"replies":[{"embeddable":true,"href":"https:\/\/ocantinhodoscabrais.pt\/de\/wp-json\/wp\/v2\/comments?post=2517"}],"version-history":[{"count":4,"href":"https:\/\/ocantinhodoscabrais.pt\/de\/wp-json\/wp\/v2\/pages\/2517\/revisions"}],"predecessor-version":[{"id":3017,"href":"https:\/\/ocantinhodoscabrais.pt\/de\/wp-json\/wp\/v2\/pages\/2517\/revisions\/3017"}],"wp:attachment":[{"href":"https:\/\/ocantinhodoscabrais.pt\/de\/wp-json\/wp\/v2\/media?parent=2517"}],"curies":[{"name":"wp","href":"https:\/\/api.w.org\/{rel}","templated":true}]}}