{"id":2528,"date":"2019-08-20T11:29:12","date_gmt":"2019-08-20T10:29:12","guid":{"rendered":"http:\/\/ocantinhodoscabrais.pt\/uber-uns\/"},"modified":"2023-03-30T08:03:10","modified_gmt":"2023-03-30T08:03:10","slug":"uber-uns","status":"publish","type":"page","link":"https:\/\/ocantinhodoscabrais.pt\/de\/uber-uns\/","title":{"rendered":"\u00dcber uns"},"content":{"rendered":"\n<div class=\"wp-block-columns has-3-columns is-layout-flex wp-container-core-columns-layout-1 wp-block-columns-is-layout-flex\">\n<div class=\"wp-block-column is-layout-flow wp-block-column-is-layout-flow\">\n<div class=\"wp-block-getwid-advanced-heading\"><h2 class=\"wp-block-getwid-advanced-heading__content\">Tausende von Besuchern haben uns bereits mit all ihrer Zuneigung ausgew\u00e4hlt!<\/h2><\/div>\n<\/div>\n\n\n\n<div class=\"wp-block-column is-layout-flow wp-block-column-is-layout-flow\">\n<p>Es war der 8. Juli 1995, als die Familie Cabral Bernardo mit Wohnsitz in Inguias beschloss, in ihr eigenes Gesch\u00e4ft mit dem Namen Caf\u00e9 Snack-Bar \u201eO Bernardo\u201c zu investieren. <\/p>\n\n\n\n<p>In diesem Raum hat die Familie im Laufe von f\u00fcnfzehn Jahren ihre Wurzeln aufgebaut und ihr Gesch\u00e4ft wachsen sehen.<\/p>\n<\/div>\n\n\n\n<div class=\"wp-block-column is-layout-flow wp-block-column-is-layout-flow\">\n<p>Nach 16 Jahren wurde aufgrund des Wachstums, das w\u00e4hrend dieser ganzen Zeit zu sp\u00fcren war, die Notwendigkeit sp\u00fcrbar, das Gesch\u00e4ft zu erweitern.<\/p>\n\n\n\n<p>Bei dieser \u00c4nderung wurde 2011 der Raum neu klassifiziert und der Name in Restaurant Snack-Bar &#8222;O Bernardo&#8220; umstrukturiert.<\/p>\n<\/div>\n<\/div>\n\n<div style=\"height:50px\" aria-hidden=\"true\" class=\"wp-block-spacer\"><\/div>\n\n<div class=\"wp-block-buttons is-content-justification-center is-layout-flex wp-container-core-buttons-layout-1 wp-block-buttons-is-layout-flex\">\n<div class=\"wp-block-button\"><a class=\"wp-block-button__link wp-element-button\" href=\"http:\/\/ocantinhodoscabrais.pt\/de\/zimmer-appartements\/\">Siehe Zimmer oder Apartments<\/a><\/div>\n<\/div>\n\n<div style=\"height:40px\" aria-hidden=\"true\" class=\"wp-block-spacer\"><\/div>\n\n<div class=\"wp-block-columns has-2-columns is-layout-flex wp-container-core-columns-layout-2 wp-block-columns-is-layout-flex\">\n<div class=\"wp-block-column is-layout-flow wp-block-column-is-layout-flow\">\n<figure class=\"wp-block-image size-large\"><img fetchpriority=\"high\" decoding=\"async\" width=\"861\" height=\"1024\" src=\"http:\/\/ocantinhodoscabrais.pt\/wp-content\/uploads\/2023\/02\/Packs-O-Cantinho-dos-Cabrais-2-861x1024.png\" alt=\"\" class=\"wp-image-1456\" srcset=\"https:\/\/ocantinhodoscabrais.pt\/wp-content\/uploads\/2023\/02\/Packs-O-Cantinho-dos-Cabrais-2-861x1024.png 861w, https:\/\/ocantinhodoscabrais.pt\/wp-content\/uploads\/2023\/02\/Packs-O-Cantinho-dos-Cabrais-2-600x714.png 600w, https:\/\/ocantinhodoscabrais.pt\/wp-content\/uploads\/2023\/02\/Packs-O-Cantinho-dos-Cabrais-2-252x300.png 252w, https:\/\/ocantinhodoscabrais.pt\/wp-content\/uploads\/2023\/02\/Packs-O-Cantinho-dos-Cabrais-2-768x914.png 768w, https:\/\/ocantinhodoscabrais.pt\/wp-content\/uploads\/2023\/02\/Packs-O-Cantinho-dos-Cabrais-2.png 892w\" sizes=\"(max-width: 861px) 100vw, 861px\" \/><\/figure>\n<\/div>\n\n\n\n<div class=\"wp-block-column is-layout-flow wp-block-column-is-layout-flow\">\n<figure class=\"wp-block-gallery has-nested-images columns-2 is-cropped wp-block-gallery-1 is-layout-flex wp-block-gallery-is-layout-flex\">\n<figure class=\"wp-block-image size-large\"><img decoding=\"async\" width=\"861\" height=\"1024\" src=\"http:\/\/ocantinhodoscabrais.pt\/wp-content\/uploads\/2023\/02\/Apartamentos-O-Cantinho-dos-Cabrais-861x1024.png\" alt=\"Wohnungen - O Cantinho dos Cabrais\" class=\"wp-image-1443\" srcset=\"https:\/\/ocantinhodoscabrais.pt\/wp-content\/uploads\/2023\/02\/Apartamentos-O-Cantinho-dos-Cabrais-861x1024.png 861w, https:\/\/ocantinhodoscabrais.pt\/wp-content\/uploads\/2023\/02\/Apartamentos-O-Cantinho-dos-Cabrais-600x714.png 600w, https:\/\/ocantinhodoscabrais.pt\/wp-content\/uploads\/2023\/02\/Apartamentos-O-Cantinho-dos-Cabrais-252x300.png 252w, https:\/\/ocantinhodoscabrais.pt\/wp-content\/uploads\/2023\/02\/Apartamentos-O-Cantinho-dos-Cabrais-768x914.png 768w, https:\/\/ocantinhodoscabrais.pt\/wp-content\/uploads\/2023\/02\/Apartamentos-O-Cantinho-dos-Cabrais.png 892w\" sizes=\"(max-width: 861px) 100vw, 861px\" \/><\/figure>\n\n\n\n<figure class=\"wp-block-image size-large\"><img decoding=\"async\" width=\"861\" height=\"1024\" src=\"http:\/\/ocantinhodoscabrais.pt\/wp-content\/uploads\/2023\/02\/SPA-O-Cantinhos-dos-Cabrais-1-861x1024.png\" alt=\"\" class=\"wp-image-1458\" srcset=\"https:\/\/ocantinhodoscabrais.pt\/wp-content\/uploads\/2023\/02\/SPA-O-Cantinhos-dos-Cabrais-1-861x1024.png 861w, https:\/\/ocantinhodoscabrais.pt\/wp-content\/uploads\/2023\/02\/SPA-O-Cantinhos-dos-Cabrais-1-600x714.png 600w, https:\/\/ocantinhodoscabrais.pt\/wp-content\/uploads\/2023\/02\/SPA-O-Cantinhos-dos-Cabrais-1-252x300.png 252w, https:\/\/ocantinhodoscabrais.pt\/wp-content\/uploads\/2023\/02\/SPA-O-Cantinhos-dos-Cabrais-1-768x914.png 768w, https:\/\/ocantinhodoscabrais.pt\/wp-content\/uploads\/2023\/02\/SPA-O-Cantinhos-dos-Cabrais-1.png 892w\" sizes=\"(max-width: 861px) 100vw, 861px\" \/><\/figure>\n\n\n\n<figure class=\"wp-block-image size-full\"><img loading=\"lazy\" decoding=\"async\" width=\"892\" height=\"892\" src=\"http:\/\/ocantinhodoscabrais.pt\/wp-content\/uploads\/2023\/02\/Apartamento-2.png\" alt=\"\" class=\"wp-image-1447\" srcset=\"https:\/\/ocantinhodoscabrais.pt\/wp-content\/uploads\/2023\/02\/Apartamento-2.png 892w, https:\/\/ocantinhodoscabrais.pt\/wp-content\/uploads\/2023\/02\/Apartamento-2-300x300.png 300w, https:\/\/ocantinhodoscabrais.pt\/wp-content\/uploads\/2023\/02\/Apartamento-2-100x100.png 100w, https:\/\/ocantinhodoscabrais.pt\/wp-content\/uploads\/2023\/02\/Apartamento-2-600x600.png 600w, https:\/\/ocantinhodoscabrais.pt\/wp-content\/uploads\/2023\/02\/Apartamento-2-150x150.png 150w, https:\/\/ocantinhodoscabrais.pt\/wp-content\/uploads\/2023\/02\/Apartamento-2-768x768.png 768w\" sizes=\"(max-width: 892px) 100vw, 892px\" \/><\/figure>\n\n\n\n<figure class=\"wp-block-image size-large\"><img loading=\"lazy\" decoding=\"async\" width=\"1024\" height=\"576\" src=\"http:\/\/ocantinhodoscabrais.pt\/wp-content\/uploads\/2023\/02\/Restaurante-O-Cantinho-dos-Cabrais-13-1024x576.png\" alt=\"\" class=\"wp-image-1461\" srcset=\"https:\/\/ocantinhodoscabrais.pt\/wp-content\/uploads\/2023\/02\/Restaurante-O-Cantinho-dos-Cabrais-13-1024x576.png 1024w, https:\/\/ocantinhodoscabrais.pt\/wp-content\/uploads\/2023\/02\/Restaurante-O-Cantinho-dos-Cabrais-13-600x338.png 600w, https:\/\/ocantinhodoscabrais.pt\/wp-content\/uploads\/2023\/02\/Restaurante-O-Cantinho-dos-Cabrais-13-300x169.png 300w, https:\/\/ocantinhodoscabrais.pt\/wp-content\/uploads\/2023\/02\/Restaurante-O-Cantinho-dos-Cabrais-13-768x432.png 768w, https:\/\/ocantinhodoscabrais.pt\/wp-content\/uploads\/2023\/02\/Restaurante-O-Cantinho-dos-Cabrais-13-892x502.png 892w, https:\/\/ocantinhodoscabrais.pt\/wp-content\/uploads\/2023\/02\/Restaurante-O-Cantinho-dos-Cabrais-13.png 1280w\" sizes=\"(max-width: 1024px) 100vw, 1024px\" \/><\/figure>\n<\/figure>\n<\/div>\n<\/div>\n\n<div style=\"height:50px\" aria-hidden=\"true\" class=\"wp-block-spacer\"><\/div>\n\n<div class=\"wp-block-getwid-advanced-heading\" style=\"margin-bottom:5px;margin-top:46px\"><h2 class=\"wp-block-getwid-advanced-heading__content\" style=\"text-align:center\">25 Jahre Hingabe, Liebe und F\u00fcrsorge<\/h2><\/div>\n\n<div style=\"height:15px\" aria-hidden=\"true\" class=\"wp-block-spacer\"><\/div>\n\n<div class=\"wp-block-getwid-advanced-heading\" style=\"margin-bottom:45px\"><span class=\"wp-block-getwid-advanced-heading__content\" style=\"text-align:left\">Es ist seit 25 Jahren in der Gastronomie t\u00e4tig und bietet unseren Kunden Gastronomie mit typischen, alten und famili\u00e4ren Rezepten. <br><br>Unser Restaurant legt Wert auf eigene Produkte, Produkte aus der Region und nimmt unsere Kunden mit in die Zeit vergangener Zeiten in diesem Dorf.<br><br>F\u00fcnfundzwanzig Jahre sind vergangen und heute verstehen wir, dass die Investition in unser Dorf in Inguias das Beste war, was wir getan haben.<br><br>Aus diesem Grund entstand so die \u00f6rtliche Unterkunft \u2013 \u201eO Cantinho dos Cabrais\u201c.<br><br>Wir m\u00f6chten die Menschen auf die nat\u00fcrliche Sch\u00f6nheit unseres Landkreises aufmerksam machen, <a href=\"https:\/\/cm-belmonte.pt\/\" target=\"_blank\" rel=\"noreferrer noopener\"><strong>Belmonte<\/strong><\/a>, und die Region Cova da Beira.<br><br>Dies ist eine komfortable, komfortable Unterkunft, wie der Name schon sagt, es ist eine Ecke, in der unsere G\u00e4ste den Komfort ihres Zuhauses sp\u00fcren k\u00f6nnen, aber in diesem Fall sind wir diejenigen, die sich um Ihren Aufenthalt k\u00fcmmern und all Ihren Komfort garantieren. <br><br><strong><a href=\"https:\/\/www.ocantinhodoscabrais.pt\/\" target=\"_blank\" rel=\"noreferrer noopener\">Este \u00e9 um alojamento<\/a><\/strong>die f\u00fcr Sie, Ihre Familie, ein Paar bestimmt ist, unabh\u00e4ngig von Geschlecht, Alter oder Grund Ihres Besuchs, hier finden Sie Ihre Ecke und wir passen unseren Service an den Grund Ihres Besuchs\/Aufenthalts an.<\/span><\/div>\n\n<div style=\"height:31px\" aria-hidden=\"true\" class=\"wp-block-spacer\"><\/div>\n\n<div class=\"wp-block-buttons is-content-justification-center is-layout-flex wp-container-core-buttons-layout-2 wp-block-buttons-is-layout-flex\">\n<div class=\"wp-block-button\"><a class=\"wp-block-button__link wp-element-button\" href=\"http:\/\/ocantinhodoscabrais.pt\/de\/zimmer-appartements\/\">Buchen Sie eine Unterkunft<\/a><\/div>\n<\/div>\n\n<div style=\"height:30px\" aria-hidden=\"true\" class=\"wp-block-spacer\"><\/div>\n","protected":false},"excerpt":{"rendered":"<p>Wir m\u00f6chten, dass die in unserem Unternehmen verbrachte Zeit ein Grund ist, in unsere Ecke zur\u00fcckzukehren, die auch Ihre Ecke geworden ist.<\/p>\n","protected":false},"author":1,"featured_media":0,"parent":0,"menu_order":0,"comment_status":"closed","ping_status":"closed","template":"template-wide-page.php","meta":{"_acf_changed":false,"inline_featured_image":false,"footnotes":""},"acf":[],"yoast_head":"<!-- This site is optimized with the Yoast SEO Premium plugin v19.5 (Yoast SEO v20.7) - https:\/\/yoast.com\/wordpress\/plugins\/seo\/ -->\n<title>\u00dcber uns - O Cantinho dos Cabrais<\/title>\n<meta name=\"robots\" content=\"index, follow, max-snippet:-1, max-image-preview:large, max-video-preview:-1\" \/>\n<link rel=\"canonical\" href=\"https:\/\/ocantinhodoscabrais.pt\/de\/uber-uns\/\" \/>\n<meta property=\"og:locale\" content=\"de_DE\" \/>\n<meta property=\"og:type\" content=\"article\" \/>\n<meta property=\"og:title\" content=\"\u00dcber uns\" \/>\n<meta property=\"og:description\" content=\"Wir m\u00f6chten, dass die in unserem Unternehmen verbrachte Zeit ein Grund ist, in unsere Ecke zur\u00fcckzukehren, die auch Ihre Ecke geworden ist.\" \/>\n<meta property=\"og:url\" content=\"https:\/\/ocantinhodoscabrais.pt\/de\/uber-uns\/\" \/>\n<meta property=\"og:site_name\" content=\"O Cantinho dos Cabrais\" \/>\n<meta property=\"article:modified_time\" content=\"2023-03-30T08:03:10+00:00\" \/>\n<meta property=\"og:image\" content=\"http:\/\/ocantinhodoscabrais.pt\/wp-content\/uploads\/2023\/02\/Packs-O-Cantinho-dos-Cabrais-2-861x1024.png\" \/>\n<meta name=\"twitter:card\" content=\"summary_large_image\" \/>\n<meta name=\"twitter:label1\" content=\"Gesch\u00e4tzte Lesezeit\" \/>\n\t<meta name=\"twitter:data1\" content=\"2\u00a0Minuten\" \/>\n<script type=\"application\/ld+json\" class=\"yoast-schema-graph\">{\"@context\":\"https:\/\/schema.org\",\"@graph\":[{\"@type\":\"WebPage\",\"@id\":\"https:\/\/ocantinhodoscabrais.pt\/de\/uber-uns\/\",\"url\":\"https:\/\/ocantinhodoscabrais.pt\/de\/uber-uns\/\",\"name\":\"\u00dcber uns - O Cantinho dos Cabrais\",\"isPartOf\":{\"@id\":\"https:\/\/ocantinhodoscabrais.pt\/#website\"},\"datePublished\":\"2019-08-20T10:29:12+00:00\",\"dateModified\":\"2023-03-30T08:03:10+00:00\",\"breadcrumb\":{\"@id\":\"https:\/\/ocantinhodoscabrais.pt\/de\/uber-uns\/#breadcrumb\"},\"inLanguage\":\"de\",\"potentialAction\":[{\"@type\":\"ReadAction\",\"target\":[\"https:\/\/ocantinhodoscabrais.pt\/de\/uber-uns\/\"]}]},{\"@type\":\"BreadcrumbList\",\"@id\":\"https:\/\/ocantinhodoscabrais.pt\/de\/uber-uns\/#breadcrumb\",\"itemListElement\":[{\"@type\":\"ListItem\",\"position\":1,\"name\":\"In\u00edcio\",\"item\":\"https:\/\/ocantinhodoscabrais.pt\/de\/\"},{\"@type\":\"ListItem\",\"position\":2,\"name\":\"\u00dcber uns\"}]},{\"@type\":\"WebSite\",\"@id\":\"https:\/\/ocantinhodoscabrais.pt\/#website\",\"url\":\"https:\/\/ocantinhodoscabrais.pt\/\",\"name\":\"O Cantinho dos Cabrais\",\"description\":\"Sinta a Natureza\",\"publisher\":{\"@id\":\"https:\/\/ocantinhodoscabrais.pt\/#organization\"},\"potentialAction\":[{\"@type\":\"SearchAction\",\"target\":{\"@type\":\"EntryPoint\",\"urlTemplate\":\"https:\/\/ocantinhodoscabrais.pt\/?s={search_term_string}\"},\"query-input\":\"required name=search_term_string\"}],\"inLanguage\":\"de\"},{\"@type\":\"Organization\",\"@id\":\"https:\/\/ocantinhodoscabrais.pt\/#organization\",\"name\":\"O Cantinho dos Cabrais\",\"url\":\"https:\/\/ocantinhodoscabrais.pt\/\",\"logo\":{\"@type\":\"ImageObject\",\"inLanguage\":\"de\",\"@id\":\"https:\/\/ocantinhodoscabrais.pt\/#\/schema\/logo\/image\/\",\"url\":\"https:\/\/ocantinhodoscabrais.pt\/wp-content\/uploads\/2023\/02\/cropped-logo_horizontal.fw_.png\",\"contentUrl\":\"https:\/\/ocantinhodoscabrais.pt\/wp-content\/uploads\/2023\/02\/cropped-logo_horizontal.fw_.png\",\"width\":563,\"height\":109,\"caption\":\"O Cantinho dos Cabrais\"},\"image\":{\"@id\":\"https:\/\/ocantinhodoscabrais.pt\/#\/schema\/logo\/image\/\"}}]}<\/script>\n<!-- \/ Yoast SEO Premium plugin. -->","yoast_head_json":{"title":"\u00dcber uns - O Cantinho dos Cabrais","robots":{"index":"index","follow":"follow","max-snippet":"max-snippet:-1","max-image-preview":"max-image-preview:large","max-video-preview":"max-video-preview:-1"},"canonical":"https:\/\/ocantinhodoscabrais.pt\/de\/uber-uns\/","og_locale":"de_DE","og_type":"article","og_title":"\u00dcber uns","og_description":"Wir m\u00f6chten, dass die in unserem Unternehmen verbrachte Zeit ein Grund ist, in unsere Ecke zur\u00fcckzukehren, die auch Ihre Ecke geworden ist.","og_url":"https:\/\/ocantinhodoscabrais.pt\/de\/uber-uns\/","og_site_name":"O Cantinho dos Cabrais","article_modified_time":"2023-03-30T08:03:10+00:00","og_image":[{"url":"http:\/\/ocantinhodoscabrais.pt\/wp-content\/uploads\/2023\/02\/Packs-O-Cantinho-dos-Cabrais-2-861x1024.png"}],"twitter_card":"summary_large_image","twitter_misc":{"Gesch\u00e4tzte Lesezeit":"2\u00a0Minuten"},"schema":{"@context":"https:\/\/schema.org","@graph":[{"@type":"WebPage","@id":"https:\/\/ocantinhodoscabrais.pt\/de\/uber-uns\/","url":"https:\/\/ocantinhodoscabrais.pt\/de\/uber-uns\/","name":"\u00dcber uns - O Cantinho dos Cabrais","isPartOf":{"@id":"https:\/\/ocantinhodoscabrais.pt\/#website"},"datePublished":"2019-08-20T10:29:12+00:00","dateModified":"2023-03-30T08:03:10+00:00","breadcrumb":{"@id":"https:\/\/ocantinhodoscabrais.pt\/de\/uber-uns\/#breadcrumb"},"inLanguage":"de","potentialAction":[{"@type":"ReadAction","target":["https:\/\/ocantinhodoscabrais.pt\/de\/uber-uns\/"]}]},{"@type":"BreadcrumbList","@id":"https:\/\/ocantinhodoscabrais.pt\/de\/uber-uns\/#breadcrumb","itemListElement":[{"@type":"ListItem","position":1,"name":"In\u00edcio","item":"https:\/\/ocantinhodoscabrais.pt\/de\/"},{"@type":"ListItem","position":2,"name":"\u00dcber uns"}]},{"@type":"WebSite","@id":"https:\/\/ocantinhodoscabrais.pt\/#website","url":"https:\/\/ocantinhodoscabrais.pt\/","name":"O Cantinho dos Cabrais","description":"Sinta a Natureza","publisher":{"@id":"https:\/\/ocantinhodoscabrais.pt\/#organization"},"potentialAction":[{"@type":"SearchAction","target":{"@type":"EntryPoint","urlTemplate":"https:\/\/ocantinhodoscabrais.pt\/?s={search_term_string}"},"query-input":"required name=search_term_string"}],"inLanguage":"de"},{"@type":"Organization","@id":"https:\/\/ocantinhodoscabrais.pt\/#organization","name":"O Cantinho dos Cabrais","url":"https:\/\/ocantinhodoscabrais.pt\/","logo":{"@type":"ImageObject","inLanguage":"de","@id":"https:\/\/ocantinhodoscabrais.pt\/#\/schema\/logo\/image\/","url":"https:\/\/ocantinhodoscabrais.pt\/wp-content\/uploads\/2023\/02\/cropped-logo_horizontal.fw_.png","contentUrl":"https:\/\/ocantinhodoscabrais.pt\/wp-content\/uploads\/2023\/02\/cropped-logo_horizontal.fw_.png","width":563,"height":109,"caption":"O Cantinho dos Cabrais"},"image":{"@id":"https:\/\/ocantinhodoscabrais.pt\/#\/schema\/logo\/image\/"}}]}},"_links":{"self":[{"href":"https:\/\/ocantinhodoscabrais.pt\/de\/wp-json\/wp\/v2\/pages\/2528"}],"collection":[{"href":"https:\/\/ocantinhodoscabrais.pt\/de\/wp-json\/wp\/v2\/pages"}],"about":[{"href":"https:\/\/ocantinhodoscabrais.pt\/de\/wp-json\/wp\/v2\/types\/page"}],"author":[{"embeddable":true,"href":"https:\/\/ocantinhodoscabrais.pt\/de\/wp-json\/wp\/v2\/users\/1"}],"replies":[{"embeddable":true,"href":"https:\/\/ocantinhodoscabrais.pt\/de\/wp-json\/wp\/v2\/comments?post=2528"}],"version-history":[{"count":2,"href":"https:\/\/ocantinhodoscabrais.pt\/de\/wp-json\/wp\/v2\/pages\/2528\/revisions"}],"predecessor-version":[{"id":3035,"href":"https:\/\/ocantinhodoscabrais.pt\/de\/wp-json\/wp\/v2\/pages\/2528\/revisions\/3035"}],"wp:attachment":[{"href":"https:\/\/ocantinhodoscabrais.pt\/de\/wp-json\/wp\/v2\/media?parent=2528"}],"curies":[{"name":"wp","href":"https:\/\/api.w.org\/{rel}","templated":true}]}}