{"id":2548,"date":"2019-10-10T14:19:16","date_gmt":"2019-10-10T14:19:16","guid":{"rendered":"http:\/\/ocantinhodoscabrais.pt\/geschaftsbedingungen\/"},"modified":"2019-10-10T14:19:16","modified_gmt":"2019-10-10T14:19:16","slug":"geschaftsbedingungen","status":"publish","type":"page","link":"https:\/\/ocantinhodoscabrais.pt\/de\/geschaftsbedingungen\/","title":{"rendered":"Gesch\u00e4ftsbedingungen"},"content":{"rendered":"\n<div style=\"height:43px\" aria-hidden=\"true\" class=\"wp-block-spacer\"><\/div>\n\n\n\n<p><strong>BUCHUNGSBEDINGUNGEN<\/strong><\/p>\n\n\n\n<p>Zahlungsarten:<\/p>\n\n\n\n<p>Die Zahlung erfolgt per g\u00fcltiger Kredit-\/Debitkarte oder Bank\u00fcberweisung.<\/p>\n\n\n\n<p>Cantinho dos Cabrais beh\u00e4lt sich das Recht vor, Schecks nicht als Zahlungsmittel zu akzeptieren.<\/p>\n\n\n\n<p><strong>Cancelamentos<\/strong>:<\/p>\n\n\n\n<p>Kostenlose Stornierungsgeb\u00fchr &#8211; Bis zu 5 Tage vor dem Check-in-Datum wird der Gesamtbetrag der Reservierung zur\u00fcckerstattet;<\/p>\n\n\n\n<p>Geb\u00fchrenpflichtige Stornogeb\u00fchr &#8211; Bis zu 3 Tage vor dem Check-in-Datum werden 50 % des Buchungsbetrags zur\u00fcckerstattet; bis zu 2 Tage oder weniger vor dem Check-in-Datum wird kein Betrag zur\u00fcckerstattet;<\/p>\n\n\n\n<p>Bei Nichterscheinen (no show) oder Stornierung w\u00e4hrend des Aufenthalts wird kein Betrag zur\u00fcckerstattet;<\/p>\n\n\n\n<p>Bei Nichterscheinen (no show) oder Stornierung w\u00e4hrend des Aufenthalts wird kein Betrag zur\u00fcckerstattet;<\/p>\n\n\n\n<p><strong>Mehr Informationen:<\/strong><\/p>\n\n\n\n<p>Check-in von 15:30 bis 21:00 Uhr. (Wenn Sie nicht vor 21:00 Uhr anreisen k\u00f6nnen, m\u00fcssen Sie uns Ihre Ankunftszeit im Voraus mitteilen);<\/p>\n\n\n\n<p>Check-out von 8:00 bis 12:00 Uhr;<\/p>\n\n\n\n<p>Fr\u00fchst\u00fcck wird von 8.00 bis 10.30 Uhr serviert;<\/p>\n\n\n\n<p>Das Rauchen ist in den Zimmern verboten;<\/p>\n\n\n\n<p>Haustiere sind nicht erlaubt;<\/p>\n\n\n\n<p>Freier Zugang zum SPA-Bereich (einschlie\u00dflich t\u00fcrkischem Bad, Sauna und Whirlpool) \u00d6ffnungszeiten von 9:30 bis 19:30 Uhr (Sommer\u00f6ffnungszeiten: von 9:30 bis 20:30 Uhr);<\/p>\n\n\n\n<p>Der Haartrockner muss beim Check-in an der Rezeption angefordert und beim Check-out an der Rezeption abgegeben werden.<\/p>\n\n\n\n<p>Kinder bis 6 Jahre kostenlos im Zimmer der Begleitperson (eines pro Zimmer); M\u00f6glichkeit, kostenlos ein Zustellbett anzufordern (Zustellbett nur, wenn die Reservierung f\u00fcr die Kategorie Zweibettzimmer erfolgt). Fr\u00fchst\u00fcck kostenlos;<\/p>\n\n\n\n<p>Kinder von 7 bis 12 Jahren zahlen 15 \u20ac, Zustellbett inklusive Fr\u00fchst\u00fcck (Zustellbett nur bei Reservierung f\u00fcr den Zweibettzimmertyp).<\/p>\n\n\n\n<div style=\"height:100px\" aria-hidden=\"true\" class=\"wp-block-spacer\"><\/div>\n","protected":false},"excerpt":{"rendered":"<p>BUCHUNGSBEDINGUNGEN Zahlungsarten: Die Zahlung erfolgt per g\u00fcltiger Kredit-\/Debitkarte oder Bank\u00fcberweisung. Cantinho dos Cabrais beh\u00e4lt sich das Recht vor, Schecks nicht als Zahlungsmittel zu akzeptieren. Cancelamentos: Kostenlose Stornierungsgeb\u00fchr &#8211; Bis zu 5 Tage vor dem Check-in-Datum wird der Gesamtbetrag der Reservierung zur\u00fcckerstattet; Geb\u00fchrenpflichtige Stornogeb\u00fchr &#8211; Bis zu 3 Tage vor dem Check-in-Datum werden 50 % des&#8230;<\/p>\n","protected":false},"author":1,"featured_media":0,"parent":0,"menu_order":0,"comment_status":"closed","ping_status":"closed","template":"","meta":{"_acf_changed":false,"inline_featured_image":false,"footnotes":""},"acf":[],"yoast_head":"<!-- This site is optimized with the Yoast SEO Premium plugin v19.5 (Yoast SEO v20.7) - https:\/\/yoast.com\/wordpress\/plugins\/seo\/ -->\n<title>Gesch\u00e4ftsbedingungen - O Cantinho dos Cabrais<\/title>\n<meta name=\"robots\" content=\"index, follow, max-snippet:-1, max-image-preview:large, max-video-preview:-1\" \/>\n<link rel=\"canonical\" href=\"https:\/\/ocantinhodoscabrais.pt\/de\/geschaftsbedingungen\/\" \/>\n<meta property=\"og:locale\" content=\"de_DE\" \/>\n<meta property=\"og:type\" content=\"article\" \/>\n<meta property=\"og:title\" content=\"Gesch\u00e4ftsbedingungen\" \/>\n<meta property=\"og:description\" content=\"BUCHUNGSBEDINGUNGEN Zahlungsarten: Die Zahlung erfolgt per g\u00fcltiger Kredit-\/Debitkarte oder Bank\u00fcberweisung. Cantinho dos Cabrais beh\u00e4lt sich das Recht vor, Schecks nicht als Zahlungsmittel zu akzeptieren. Cancelamentos: Kostenlose Stornierungsgeb\u00fchr &#8211; Bis zu 5 Tage vor dem Check-in-Datum wird der Gesamtbetrag der Reservierung zur\u00fcckerstattet; Geb\u00fchrenpflichtige Stornogeb\u00fchr &#8211; Bis zu 3 Tage vor dem Check-in-Datum werden 50 % des...\" \/>\n<meta property=\"og:url\" content=\"https:\/\/ocantinhodoscabrais.pt\/de\/geschaftsbedingungen\/\" \/>\n<meta property=\"og:site_name\" content=\"O Cantinho dos Cabrais\" \/>\n<meta name=\"twitter:card\" content=\"summary_large_image\" \/>\n<meta name=\"twitter:label1\" content=\"Gesch\u00e4tzte Lesezeit\" \/>\n\t<meta name=\"twitter:data1\" content=\"1\u00a0Minute\" \/>\n<script type=\"application\/ld+json\" class=\"yoast-schema-graph\">{\"@context\":\"https:\/\/schema.org\",\"@graph\":[{\"@type\":\"WebPage\",\"@id\":\"https:\/\/ocantinhodoscabrais.pt\/de\/geschaftsbedingungen\/\",\"url\":\"https:\/\/ocantinhodoscabrais.pt\/de\/geschaftsbedingungen\/\",\"name\":\"Gesch\u00e4ftsbedingungen - O Cantinho dos Cabrais\",\"isPartOf\":{\"@id\":\"https:\/\/ocantinhodoscabrais.pt\/#website\"},\"datePublished\":\"2019-10-10T14:19:16+00:00\",\"dateModified\":\"2019-10-10T14:19:16+00:00\",\"breadcrumb\":{\"@id\":\"https:\/\/ocantinhodoscabrais.pt\/de\/geschaftsbedingungen\/#breadcrumb\"},\"inLanguage\":\"de\",\"potentialAction\":[{\"@type\":\"ReadAction\",\"target\":[\"https:\/\/ocantinhodoscabrais.pt\/de\/geschaftsbedingungen\/\"]}]},{\"@type\":\"BreadcrumbList\",\"@id\":\"https:\/\/ocantinhodoscabrais.pt\/de\/geschaftsbedingungen\/#breadcrumb\",\"itemListElement\":[{\"@type\":\"ListItem\",\"position\":1,\"name\":\"In\u00edcio\",\"item\":\"https:\/\/ocantinhodoscabrais.pt\/de\/\"},{\"@type\":\"ListItem\",\"position\":2,\"name\":\"Gesch\u00e4ftsbedingungen\"}]},{\"@type\":\"WebSite\",\"@id\":\"https:\/\/ocantinhodoscabrais.pt\/#website\",\"url\":\"https:\/\/ocantinhodoscabrais.pt\/\",\"name\":\"O Cantinho dos Cabrais\",\"description\":\"Sinta a Natureza\",\"publisher\":{\"@id\":\"https:\/\/ocantinhodoscabrais.pt\/#organization\"},\"potentialAction\":[{\"@type\":\"SearchAction\",\"target\":{\"@type\":\"EntryPoint\",\"urlTemplate\":\"https:\/\/ocantinhodoscabrais.pt\/?s={search_term_string}\"},\"query-input\":\"required name=search_term_string\"}],\"inLanguage\":\"de\"},{\"@type\":\"Organization\",\"@id\":\"https:\/\/ocantinhodoscabrais.pt\/#organization\",\"name\":\"O Cantinho dos Cabrais\",\"url\":\"https:\/\/ocantinhodoscabrais.pt\/\",\"logo\":{\"@type\":\"ImageObject\",\"inLanguage\":\"de\",\"@id\":\"https:\/\/ocantinhodoscabrais.pt\/#\/schema\/logo\/image\/\",\"url\":\"https:\/\/ocantinhodoscabrais.pt\/wp-content\/uploads\/2023\/02\/cropped-logo_horizontal.fw_.png\",\"contentUrl\":\"https:\/\/ocantinhodoscabrais.pt\/wp-content\/uploads\/2023\/02\/cropped-logo_horizontal.fw_.png\",\"width\":563,\"height\":109,\"caption\":\"O Cantinho dos Cabrais\"},\"image\":{\"@id\":\"https:\/\/ocantinhodoscabrais.pt\/#\/schema\/logo\/image\/\"}}]}<\/script>\n<!-- \/ Yoast SEO Premium plugin. -->","yoast_head_json":{"title":"Gesch\u00e4ftsbedingungen - O Cantinho dos Cabrais","robots":{"index":"index","follow":"follow","max-snippet":"max-snippet:-1","max-image-preview":"max-image-preview:large","max-video-preview":"max-video-preview:-1"},"canonical":"https:\/\/ocantinhodoscabrais.pt\/de\/geschaftsbedingungen\/","og_locale":"de_DE","og_type":"article","og_title":"Gesch\u00e4ftsbedingungen","og_description":"BUCHUNGSBEDINGUNGEN Zahlungsarten: Die Zahlung erfolgt per g\u00fcltiger Kredit-\/Debitkarte oder Bank\u00fcberweisung. Cantinho dos Cabrais beh\u00e4lt sich das Recht vor, Schecks nicht als Zahlungsmittel zu akzeptieren. Cancelamentos: Kostenlose Stornierungsgeb\u00fchr &#8211; Bis zu 5 Tage vor dem Check-in-Datum wird der Gesamtbetrag der Reservierung zur\u00fcckerstattet; Geb\u00fchrenpflichtige Stornogeb\u00fchr &#8211; Bis zu 3 Tage vor dem Check-in-Datum werden 50 % des...","og_url":"https:\/\/ocantinhodoscabrais.pt\/de\/geschaftsbedingungen\/","og_site_name":"O Cantinho dos Cabrais","twitter_card":"summary_large_image","twitter_misc":{"Gesch\u00e4tzte Lesezeit":"1\u00a0Minute"},"schema":{"@context":"https:\/\/schema.org","@graph":[{"@type":"WebPage","@id":"https:\/\/ocantinhodoscabrais.pt\/de\/geschaftsbedingungen\/","url":"https:\/\/ocantinhodoscabrais.pt\/de\/geschaftsbedingungen\/","name":"Gesch\u00e4ftsbedingungen - O Cantinho dos Cabrais","isPartOf":{"@id":"https:\/\/ocantinhodoscabrais.pt\/#website"},"datePublished":"2019-10-10T14:19:16+00:00","dateModified":"2019-10-10T14:19:16+00:00","breadcrumb":{"@id":"https:\/\/ocantinhodoscabrais.pt\/de\/geschaftsbedingungen\/#breadcrumb"},"inLanguage":"de","potentialAction":[{"@type":"ReadAction","target":["https:\/\/ocantinhodoscabrais.pt\/de\/geschaftsbedingungen\/"]}]},{"@type":"BreadcrumbList","@id":"https:\/\/ocantinhodoscabrais.pt\/de\/geschaftsbedingungen\/#breadcrumb","itemListElement":[{"@type":"ListItem","position":1,"name":"In\u00edcio","item":"https:\/\/ocantinhodoscabrais.pt\/de\/"},{"@type":"ListItem","position":2,"name":"Gesch\u00e4ftsbedingungen"}]},{"@type":"WebSite","@id":"https:\/\/ocantinhodoscabrais.pt\/#website","url":"https:\/\/ocantinhodoscabrais.pt\/","name":"O Cantinho dos Cabrais","description":"Sinta a Natureza","publisher":{"@id":"https:\/\/ocantinhodoscabrais.pt\/#organization"},"potentialAction":[{"@type":"SearchAction","target":{"@type":"EntryPoint","urlTemplate":"https:\/\/ocantinhodoscabrais.pt\/?s={search_term_string}"},"query-input":"required name=search_term_string"}],"inLanguage":"de"},{"@type":"Organization","@id":"https:\/\/ocantinhodoscabrais.pt\/#organization","name":"O Cantinho dos Cabrais","url":"https:\/\/ocantinhodoscabrais.pt\/","logo":{"@type":"ImageObject","inLanguage":"de","@id":"https:\/\/ocantinhodoscabrais.pt\/#\/schema\/logo\/image\/","url":"https:\/\/ocantinhodoscabrais.pt\/wp-content\/uploads\/2023\/02\/cropped-logo_horizontal.fw_.png","contentUrl":"https:\/\/ocantinhodoscabrais.pt\/wp-content\/uploads\/2023\/02\/cropped-logo_horizontal.fw_.png","width":563,"height":109,"caption":"O Cantinho dos Cabrais"},"image":{"@id":"https:\/\/ocantinhodoscabrais.pt\/#\/schema\/logo\/image\/"}}]}},"_links":{"self":[{"href":"https:\/\/ocantinhodoscabrais.pt\/de\/wp-json\/wp\/v2\/pages\/2548"}],"collection":[{"href":"https:\/\/ocantinhodoscabrais.pt\/de\/wp-json\/wp\/v2\/pages"}],"about":[{"href":"https:\/\/ocantinhodoscabrais.pt\/de\/wp-json\/wp\/v2\/types\/page"}],"author":[{"embeddable":true,"href":"https:\/\/ocantinhodoscabrais.pt\/de\/wp-json\/wp\/v2\/users\/1"}],"replies":[{"embeddable":true,"href":"https:\/\/ocantinhodoscabrais.pt\/de\/wp-json\/wp\/v2\/comments?post=2548"}],"version-history":[{"count":0,"href":"https:\/\/ocantinhodoscabrais.pt\/de\/wp-json\/wp\/v2\/pages\/2548\/revisions"}],"wp:attachment":[{"href":"https:\/\/ocantinhodoscabrais.pt\/de\/wp-json\/wp\/v2\/media?parent=2548"}],"curies":[{"name":"wp","href":"https:\/\/api.w.org\/{rel}","templated":true}]}}