{"id":2439,"date":"2019-09-18T12:05:01","date_gmt":"2019-09-18T12:05:01","guid":{"rendered":"http:\/\/ocantinhodoscabrais.pt\/what-to-do-in-belmonte-and-in-the-region\/"},"modified":"2019-09-18T12:05:01","modified_gmt":"2019-09-18T12:05:01","slug":"what-to-do-in-belmonte-and-in-the-region","status":"publish","type":"page","link":"https:\/\/ocantinhodoscabrais.pt\/en\/what-to-do-in-belmonte-and-in-the-region\/","title":{"rendered":"What to do in Belmonte and in the region"},"content":{"rendered":"\n<div class=\"wp-block-getwid-section\" style=\"margin-bottom:50px\"><div class=\"wp-block-getwid-section__wrapper getwid-padding-top-none getwid-padding-bottom-none getwid-padding-left-none getwid-padding-right-none\"><div class=\"wp-block-getwid-section__inner-wrapper\"><div class=\"wp-block-getwid-section__background-holder\"><div class=\"wp-block-getwid-section__background\"><\/div><div class=\"wp-block-getwid-section__foreground\"><\/div><\/div><div class=\"wp-block-getwid-section__content\"><div class=\"wp-block-getwid-section__inner-content\"><\/div><\/div><\/div><\/div><\/div>\n\n\n\n<div class=\"wp-block-columns are-vertically-aligned-center is-layout-flex wp-container-core-columns-layout-1 wp-block-columns-is-layout-flex\">\n<div class=\"wp-block-column is-layout-flow wp-block-column-is-layout-flow\" style=\"flex-basis:10%\"><\/div>\n\n\n\n<div class=\"wp-block-column is-layout-flow wp-block-column-is-layout-flow\" style=\"flex-basis:80%\">\n<figure class=\"wp-block-video\"><video controls=\"\" src=\"http:\/\/ocantinhodoscabrais.pt\/wp-content\/uploads\/2023\/02\/Cantinho-dos-Cabrais.mp4\"><\/video><\/figure>\n<\/div>\n\n\n\n<div class=\"wp-block-column is-layout-flow wp-block-column-is-layout-flow\" style=\"flex-basis:10%\"><\/div>\n<\/div>\n\n\n\n<p><\/p>\n\n\n\n<div class=\"wp-block-columns has-2-columns is-layout-flex wp-container-core-columns-layout-2 wp-block-columns-is-layout-flex\">\n<div class=\"wp-block-column is-layout-flow wp-block-column-is-layout-flow\">\n<div class=\"wp-block-getwid-advanced-heading\" style=\"margin-bottom:40px\"><h2 class=\"wp-block-getwid-advanced-heading__content\" style=\"text-align:center\">Explore this historic Portuguese village and be enchanted!<\/h2><\/div>\n\n\n\n<p>Belmonte is a historic village located in the Center region of Portugal, known for its cultural heritage and beautiful natural landscapes.<\/p>\n\n\n\n<p>Visit the Castle, discover the Jewish quarter of Belmonte, Casa da Torre, explore Serra da Estrela and taste the local gastronomy.<\/p>\n\n\n\n<div class=\"wp-block-getwid-advanced-spacer getwid-hide-desktop getwid-hide-tablet\" style=\"height:10px\" aria-hidden=\"true\"><\/div>\n<\/div>\n<\/div>\n\n\n\n<div style=\"height:47px\" aria-hidden=\"true\" class=\"wp-block-spacer\"><\/div>\n\n\n\n<hr class=\"wp-block-separator has-css-opacity is-style-wide\">\n\n\n\n<div class=\"wp-block-getwid-advanced-heading\" style=\"margin-bottom:5px;margin-top:81px\"><h2 class=\"wp-block-getwid-advanced-heading__content\" style=\"text-align:center\">Details of activities available to you<\/h2><\/div>\n\n\n\n<div style=\"height:40px\" aria-hidden=\"true\" class=\"wp-block-spacer\"><\/div>\n\n\n\n<div class=\"wp-block-getwid-advanced-heading\" style=\"margin-bottom:40px\"><span class=\"wp-block-getwid-advanced-heading__content\" style=\"text-align:left\"><strong> Visit Belmonte Castle: This 13th-century fortress is a historic landmark in the region and offers panoramic views of the city and surrounding mountains.<\/strong><br><br><strong> Discover Belmonte&#8217;s Jewry: Belmonte has a rich Jewish heritage and is home to one of the few Jewish communities in Portugal.<\/strong> Aqui pode visitar o <a href=\"https:\/\/cm-belmonte.pt\/diretorio\/museu-judaico\/\" target=\"_blank\" rel=\"noreferrer noopener\"><strong>Museu Judaico de Belmonte<\/strong><\/a>, que explora a hist\u00f3ria e a cultura dos judeus em Portugal.<br><br><strong>Visitar a Casa da Torre:<\/strong> This historic house from the 15th century was the home of the Cabral family, who led the expedition that discovered Brazil. It is now a museum that tells the story of this family.<br><br><strong>Explorar a Serra da Estrela:<\/strong> Belmonte is located at the foot of Serra da Estrela, the highest mountain in mainland Portugal. Here you can go hiking, cycling, skiing or simply enjoying the natural surroundings.<br><br><strong>Provar a gastronomia local:<\/strong> Belmonte is known for its delicious regional cuisine, with emphasis on Serra da Estrela cheese, olive oil, bread and convent sweets.<br><br>You can do this by visiting the <em>Restaurante O Bernardo , located a few meters from our local accommodation.<\/em><\/span><\/div>\n\n\n\n<div class=\"wp-block-columns has-4-columns is-layout-flex wp-container-core-columns-layout-3 wp-block-columns-is-layout-flex\">\n<div class=\"wp-block-column is-layout-flow wp-block-column-is-layout-flow\">\n<figure class=\"wp-block-image size-large\"><img fetchpriority=\"high\" decoding=\"async\" width=\"1024\" height=\"576\" src=\"http:\/\/ocantinhodoscabrais.pt\/wp-content\/uploads\/2023\/02\/BELMONTE-1-1024x576.png\" alt=\"\" class=\"wp-image-1478\" srcset=\"https:\/\/ocantinhodoscabrais.pt\/wp-content\/uploads\/2023\/02\/BELMONTE-1-1024x576.png 1024w, https:\/\/ocantinhodoscabrais.pt\/wp-content\/uploads\/2023\/02\/BELMONTE-1-600x338.png 600w, https:\/\/ocantinhodoscabrais.pt\/wp-content\/uploads\/2023\/02\/BELMONTE-1-300x169.png 300w, https:\/\/ocantinhodoscabrais.pt\/wp-content\/uploads\/2023\/02\/BELMONTE-1-768x432.png 768w, https:\/\/ocantinhodoscabrais.pt\/wp-content\/uploads\/2023\/02\/BELMONTE-1-892x502.png 892w, https:\/\/ocantinhodoscabrais.pt\/wp-content\/uploads\/2023\/02\/BELMONTE-1.png 1280w\" sizes=\"(max-width: 1024px) 100vw, 1024px\" \/><\/figure>\n\n\n\n<figure class=\"wp-block-image size-large\"><img decoding=\"async\" width=\"1024\" height=\"576\" src=\"http:\/\/ocantinhodoscabrais.pt\/wp-content\/uploads\/2023\/02\/CENTUM-CELLAS-1024x576.png\" alt=\"\" class=\"wp-image-1480\" srcset=\"https:\/\/ocantinhodoscabrais.pt\/wp-content\/uploads\/2023\/02\/CENTUM-CELLAS-1024x576.png 1024w, https:\/\/ocantinhodoscabrais.pt\/wp-content\/uploads\/2023\/02\/CENTUM-CELLAS-600x338.png 600w, https:\/\/ocantinhodoscabrais.pt\/wp-content\/uploads\/2023\/02\/CENTUM-CELLAS-300x169.png 300w, https:\/\/ocantinhodoscabrais.pt\/wp-content\/uploads\/2023\/02\/CENTUM-CELLAS-768x432.png 768w, https:\/\/ocantinhodoscabrais.pt\/wp-content\/uploads\/2023\/02\/CENTUM-CELLAS-892x502.png 892w, https:\/\/ocantinhodoscabrais.pt\/wp-content\/uploads\/2023\/02\/CENTUM-CELLAS.png 1280w\" sizes=\"(max-width: 1024px) 100vw, 1024px\" \/><\/figure>\n\n\n\n<figure class=\"wp-block-image size-large\"><img decoding=\"async\" width=\"1024\" height=\"576\" src=\"http:\/\/ocantinhodoscabrais.pt\/wp-content\/uploads\/2023\/02\/SERRA-DA-ESTRELA-1-1024x576.png\" alt=\"\" class=\"wp-image-1482\" srcset=\"https:\/\/ocantinhodoscabrais.pt\/wp-content\/uploads\/2023\/02\/SERRA-DA-ESTRELA-1-1024x576.png 1024w, https:\/\/ocantinhodoscabrais.pt\/wp-content\/uploads\/2023\/02\/SERRA-DA-ESTRELA-1-600x338.png 600w, https:\/\/ocantinhodoscabrais.pt\/wp-content\/uploads\/2023\/02\/SERRA-DA-ESTRELA-1-300x169.png 300w, https:\/\/ocantinhodoscabrais.pt\/wp-content\/uploads\/2023\/02\/SERRA-DA-ESTRELA-1-768x432.png 768w, https:\/\/ocantinhodoscabrais.pt\/wp-content\/uploads\/2023\/02\/SERRA-DA-ESTRELA-1-892x502.png 892w, https:\/\/ocantinhodoscabrais.pt\/wp-content\/uploads\/2023\/02\/SERRA-DA-ESTRELA-1.png 1280w\" sizes=\"(max-width: 1024px) 100vw, 1024px\" \/><\/figure>\n<\/div>\n\n\n\n<div class=\"wp-block-column is-layout-flow wp-block-column-is-layout-flow\">\n<figure class=\"wp-block-image size-large\"><img loading=\"lazy\" decoding=\"async\" width=\"1024\" height=\"576\" src=\"http:\/\/ocantinhodoscabrais.pt\/wp-content\/uploads\/2023\/02\/CAPELA-NOSSA-SENHORA-DA-ESTRELA-INGUIAS-1024x576.png\" alt=\"\" class=\"wp-image-1479\" srcset=\"https:\/\/ocantinhodoscabrais.pt\/wp-content\/uploads\/2023\/02\/CAPELA-NOSSA-SENHORA-DA-ESTRELA-INGUIAS-1024x576.png 1024w, https:\/\/ocantinhodoscabrais.pt\/wp-content\/uploads\/2023\/02\/CAPELA-NOSSA-SENHORA-DA-ESTRELA-INGUIAS-600x338.png 600w, https:\/\/ocantinhodoscabrais.pt\/wp-content\/uploads\/2023\/02\/CAPELA-NOSSA-SENHORA-DA-ESTRELA-INGUIAS-300x169.png 300w, https:\/\/ocantinhodoscabrais.pt\/wp-content\/uploads\/2023\/02\/CAPELA-NOSSA-SENHORA-DA-ESTRELA-INGUIAS-768x432.png 768w, https:\/\/ocantinhodoscabrais.pt\/wp-content\/uploads\/2023\/02\/CAPELA-NOSSA-SENHORA-DA-ESTRELA-INGUIAS-892x502.png 892w, https:\/\/ocantinhodoscabrais.pt\/wp-content\/uploads\/2023\/02\/CAPELA-NOSSA-SENHORA-DA-ESTRELA-INGUIAS.png 1280w\" sizes=\"(max-width: 1024px) 100vw, 1024px\" \/><\/figure>\n\n\n\n<figure class=\"wp-block-image size-large\"><img loading=\"lazy\" decoding=\"async\" width=\"1024\" height=\"576\" src=\"http:\/\/ocantinhodoscabrais.pt\/wp-content\/uploads\/2023\/02\/INTERIOR-IGREJA-MATRIZ-INGUIAS-1024x576.png\" alt=\"\" class=\"wp-image-1481\" srcset=\"https:\/\/ocantinhodoscabrais.pt\/wp-content\/uploads\/2023\/02\/INTERIOR-IGREJA-MATRIZ-INGUIAS-1024x576.png 1024w, https:\/\/ocantinhodoscabrais.pt\/wp-content\/uploads\/2023\/02\/INTERIOR-IGREJA-MATRIZ-INGUIAS-600x338.png 600w, https:\/\/ocantinhodoscabrais.pt\/wp-content\/uploads\/2023\/02\/INTERIOR-IGREJA-MATRIZ-INGUIAS-300x169.png 300w, https:\/\/ocantinhodoscabrais.pt\/wp-content\/uploads\/2023\/02\/INTERIOR-IGREJA-MATRIZ-INGUIAS-768x432.png 768w, https:\/\/ocantinhodoscabrais.pt\/wp-content\/uploads\/2023\/02\/INTERIOR-IGREJA-MATRIZ-INGUIAS-892x502.png 892w, https:\/\/ocantinhodoscabrais.pt\/wp-content\/uploads\/2023\/02\/INTERIOR-IGREJA-MATRIZ-INGUIAS.png 1280w\" sizes=\"(max-width: 1024px) 100vw, 1024px\" \/><\/figure>\n\n\n\n<figure class=\"wp-block-image size-large\"><img loading=\"lazy\" decoding=\"async\" width=\"1024\" height=\"576\" src=\"http:\/\/ocantinhodoscabrais.pt\/wp-content\/uploads\/2023\/02\/JANEIRO-BAIXO-CIMA-2-1024x576.png\" alt=\"\" class=\"wp-image-1483\" srcset=\"https:\/\/ocantinhodoscabrais.pt\/wp-content\/uploads\/2023\/02\/JANEIRO-BAIXO-CIMA-2-1024x576.png 1024w, https:\/\/ocantinhodoscabrais.pt\/wp-content\/uploads\/2023\/02\/JANEIRO-BAIXO-CIMA-2-600x338.png 600w, https:\/\/ocantinhodoscabrais.pt\/wp-content\/uploads\/2023\/02\/JANEIRO-BAIXO-CIMA-2-300x169.png 300w, https:\/\/ocantinhodoscabrais.pt\/wp-content\/uploads\/2023\/02\/JANEIRO-BAIXO-CIMA-2-768x432.png 768w, https:\/\/ocantinhodoscabrais.pt\/wp-content\/uploads\/2023\/02\/JANEIRO-BAIXO-CIMA-2-892x502.png 892w, https:\/\/ocantinhodoscabrais.pt\/wp-content\/uploads\/2023\/02\/JANEIRO-BAIXO-CIMA-2.png 1280w\" sizes=\"(max-width: 1024px) 100vw, 1024px\" \/><\/figure>\n<\/div>\n<\/div>\n\n\n\n<div style=\"height:50px\" aria-hidden=\"true\" class=\"wp-block-spacer\"><\/div>\n\n\n\n<div class=\"wp-block-getwid-advanced-heading\" style=\"margin-bottom:5px;margin-top:81px\"><h2 class=\"wp-block-getwid-advanced-heading__content\" style=\"text-align:center\">Discover our village of Inguias, Portugal<\/h2><\/div>\n\n\n\n<div style=\"height:22px\" aria-hidden=\"true\" class=\"wp-block-spacer\"><\/div>\n\n\n\n<div class=\"wp-block-getwid-advanced-heading\" style=\"margin-bottom:40px\"><span class=\"wp-block-getwid-advanced-heading__content\" style=\"text-align:left\"><strong>Inguias<\/strong> is a small Portuguese village located in the municipality of Belmonte, in the Center region of Portugal. <br><br>Here is some information about this charming village:<br><strong><br>Localiza\u00e7\u00e3o:<\/strong> Inguias is located about 5 km northwest of Belmonte and about 25 km south of the city of Guarda.<br><br><strong>Hist\u00f3ria:<\/strong> The history of Inguias dates back to Roman times, when the village was an important center for wine production. <br><br>During the Middle Ages, the village was an important crossing point for pilgrims heading to Santiago de Compostela.<br><br><strong>Patrim\u00f3nio<\/strong>: Inguias has a rich historical and cultural heritage. Worthy of note are the Parish Church of Nossa Senhora da Concei\u00e7\u00e3o, from the 18th century, with a gilded altarpiece, and the Pelourinho de Inguias, a granite monument dating from 1564.<br><br><strong>Festas e eventos:<\/strong> Inguias is known for its festivals and events, such as the Festa de S\u00e3o Sebasti\u00e3o, which takes place in January, and the Festa da Nossa Senhora da Concei\u00e7\u00e3o, which takes place in August.<br><br><strong>Natureza:<\/strong> Inguias is located in a region of mountains and valleys, surrounded by beautiful natural landscapes. <br><br>Here you can go hiking, cycling or simply.<\/span><\/div>\n\n\n\n<div class=\"wp-block-columns has-2-columns is-layout-flex wp-container-core-columns-layout-4 wp-block-columns-is-layout-flex\">\n<div class=\"wp-block-column is-layout-flow wp-block-column-is-layout-flow\">\n<figure class=\"wp-block-image size-large\"><img loading=\"lazy\" decoding=\"async\" width=\"1024\" height=\"576\" src=\"http:\/\/ocantinhodoscabrais.pt\/wp-content\/uploads\/2023\/02\/INGUIAS-1024x576.png\" alt=\"\" class=\"wp-image-1486\" srcset=\"https:\/\/ocantinhodoscabrais.pt\/wp-content\/uploads\/2023\/02\/INGUIAS-1024x576.png 1024w, https:\/\/ocantinhodoscabrais.pt\/wp-content\/uploads\/2023\/02\/INGUIAS-600x338.png 600w, https:\/\/ocantinhodoscabrais.pt\/wp-content\/uploads\/2023\/02\/INGUIAS-300x169.png 300w, https:\/\/ocantinhodoscabrais.pt\/wp-content\/uploads\/2023\/02\/INGUIAS-768x432.png 768w, https:\/\/ocantinhodoscabrais.pt\/wp-content\/uploads\/2023\/02\/INGUIAS-892x502.png 892w, https:\/\/ocantinhodoscabrais.pt\/wp-content\/uploads\/2023\/02\/INGUIAS.png 1280w\" sizes=\"(max-width: 1024px) 100vw, 1024px\" \/><\/figure>\n\n\n\n<figure class=\"wp-block-image size-large\"><img loading=\"lazy\" decoding=\"async\" width=\"1024\" height=\"576\" src=\"http:\/\/ocantinhodoscabrais.pt\/wp-content\/uploads\/2023\/02\/Cantinho-dos-Cabrais-foto-de-zona-exterior-1024x576.png\" alt=\"\" class=\"wp-image-1490\" srcset=\"https:\/\/ocantinhodoscabrais.pt\/wp-content\/uploads\/2023\/02\/Cantinho-dos-Cabrais-foto-de-zona-exterior-1024x576.png 1024w, https:\/\/ocantinhodoscabrais.pt\/wp-content\/uploads\/2023\/02\/Cantinho-dos-Cabrais-foto-de-zona-exterior-600x338.png 600w, https:\/\/ocantinhodoscabrais.pt\/wp-content\/uploads\/2023\/02\/Cantinho-dos-Cabrais-foto-de-zona-exterior-300x169.png 300w, https:\/\/ocantinhodoscabrais.pt\/wp-content\/uploads\/2023\/02\/Cantinho-dos-Cabrais-foto-de-zona-exterior-768x432.png 768w, https:\/\/ocantinhodoscabrais.pt\/wp-content\/uploads\/2023\/02\/Cantinho-dos-Cabrais-foto-de-zona-exterior-892x502.png 892w, https:\/\/ocantinhodoscabrais.pt\/wp-content\/uploads\/2023\/02\/Cantinho-dos-Cabrais-foto-de-zona-exterior.png 1280w\" sizes=\"(max-width: 1024px) 100vw, 1024px\" \/><\/figure>\n<\/div>\n\n\n\n<div class=\"wp-block-column is-layout-flow wp-block-column-is-layout-flow\">\n<figure class=\"wp-block-image size-large\"><img loading=\"lazy\" decoding=\"async\" width=\"1024\" height=\"576\" src=\"http:\/\/ocantinhodoscabrais.pt\/wp-content\/uploads\/2023\/02\/IGREJA-MATRIZ-INGUIAS-1024x576.png\" alt=\"\" class=\"wp-image-1487\" srcset=\"https:\/\/ocantinhodoscabrais.pt\/wp-content\/uploads\/2023\/02\/IGREJA-MATRIZ-INGUIAS-1024x576.png 1024w, https:\/\/ocantinhodoscabrais.pt\/wp-content\/uploads\/2023\/02\/IGREJA-MATRIZ-INGUIAS-600x338.png 600w, https:\/\/ocantinhodoscabrais.pt\/wp-content\/uploads\/2023\/02\/IGREJA-MATRIZ-INGUIAS-300x169.png 300w, https:\/\/ocantinhodoscabrais.pt\/wp-content\/uploads\/2023\/02\/IGREJA-MATRIZ-INGUIAS-768x432.png 768w, https:\/\/ocantinhodoscabrais.pt\/wp-content\/uploads\/2023\/02\/IGREJA-MATRIZ-INGUIAS-892x502.png 892w, https:\/\/ocantinhodoscabrais.pt\/wp-content\/uploads\/2023\/02\/IGREJA-MATRIZ-INGUIAS.png 1280w\" sizes=\"(max-width: 1024px) 100vw, 1024px\" \/><\/figure>\n\n\n\n<figure class=\"wp-block-image size-large\"><img loading=\"lazy\" decoding=\"async\" width=\"1024\" height=\"576\" src=\"http:\/\/ocantinhodoscabrais.pt\/wp-content\/uploads\/2023\/02\/15-1024x576.png\" alt=\"\" class=\"wp-image-1488\" srcset=\"https:\/\/ocantinhodoscabrais.pt\/wp-content\/uploads\/2023\/02\/15-1024x576.png 1024w, https:\/\/ocantinhodoscabrais.pt\/wp-content\/uploads\/2023\/02\/15-600x338.png 600w, https:\/\/ocantinhodoscabrais.pt\/wp-content\/uploads\/2023\/02\/15-300x169.png 300w, https:\/\/ocantinhodoscabrais.pt\/wp-content\/uploads\/2023\/02\/15-768x432.png 768w, https:\/\/ocantinhodoscabrais.pt\/wp-content\/uploads\/2023\/02\/15-892x502.png 892w, https:\/\/ocantinhodoscabrais.pt\/wp-content\/uploads\/2023\/02\/15.png 1280w\" sizes=\"(max-width: 1024px) 100vw, 1024px\" \/><\/figure>\n<\/div>\n<\/div>\n","protected":false},"excerpt":{"rendered":"<p>Belmonte is a historic and charming village, with breathtaking natural landscapes and a rich Portuguese culture. If you are looking for an authentic experience in Portugal, Belmonte is the perfect destination for you, as is our charming village of Inguias, Portugal.<\/p>\n","protected":false},"author":1,"featured_media":0,"parent":0,"menu_order":0,"comment_status":"closed","ping_status":"closed","template":"template-wide-page.php","meta":{"_acf_changed":false,"inline_featured_image":false,"footnotes":""},"acf":[],"yoast_head":"<!-- This site is optimized with the Yoast SEO Premium plugin v19.5 (Yoast SEO v20.7) - https:\/\/yoast.com\/wordpress\/plugins\/seo\/ -->\n<title>What to do in Belmonte and in the region - O Cantinho dos Cabrais<\/title>\n<meta name=\"robots\" content=\"index, follow, max-snippet:-1, max-image-preview:large, max-video-preview:-1\" \/>\n<link rel=\"canonical\" href=\"https:\/\/ocantinhodoscabrais.pt\/en\/what-to-do-in-belmonte-and-in-the-region\/\" \/>\n<meta property=\"og:locale\" content=\"en_US\" \/>\n<meta property=\"og:type\" content=\"article\" \/>\n<meta property=\"og:title\" content=\"What to do in Belmonte and in the region\" \/>\n<meta property=\"og:description\" content=\"Belmonte is a historic and charming village, with breathtaking natural landscapes and a rich Portuguese culture. If you are looking for an authentic experience in Portugal, Belmonte is the perfect destination for you, as is our charming village of Inguias, Portugal.\" \/>\n<meta property=\"og:url\" content=\"https:\/\/ocantinhodoscabrais.pt\/en\/what-to-do-in-belmonte-and-in-the-region\/\" \/>\n<meta property=\"og:site_name\" content=\"O Cantinho dos Cabrais\" \/>\n<meta property=\"og:image\" content=\"http:\/\/ocantinhodoscabrais.pt\/wp-content\/uploads\/2023\/02\/BELMONTE-1-1024x576.png\" \/>\n<meta name=\"twitter:card\" content=\"summary_large_image\" \/>\n<meta name=\"twitter:label1\" content=\"Est. reading time\" \/>\n\t<meta name=\"twitter:data1\" content=\"2 minutes\" \/>\n<script type=\"application\/ld+json\" class=\"yoast-schema-graph\">{\"@context\":\"https:\/\/schema.org\",\"@graph\":[{\"@type\":\"WebPage\",\"@id\":\"https:\/\/ocantinhodoscabrais.pt\/en\/what-to-do-in-belmonte-and-in-the-region\/\",\"url\":\"https:\/\/ocantinhodoscabrais.pt\/en\/what-to-do-in-belmonte-and-in-the-region\/\",\"name\":\"What to do in Belmonte and in the region - O Cantinho dos Cabrais\",\"isPartOf\":{\"@id\":\"https:\/\/ocantinhodoscabrais.pt\/#website\"},\"datePublished\":\"2019-09-18T12:05:01+00:00\",\"dateModified\":\"2019-09-18T12:05:01+00:00\",\"breadcrumb\":{\"@id\":\"https:\/\/ocantinhodoscabrais.pt\/en\/what-to-do-in-belmonte-and-in-the-region\/#breadcrumb\"},\"inLanguage\":\"en-US\",\"potentialAction\":[{\"@type\":\"ReadAction\",\"target\":[\"https:\/\/ocantinhodoscabrais.pt\/en\/what-to-do-in-belmonte-and-in-the-region\/\"]}]},{\"@type\":\"BreadcrumbList\",\"@id\":\"https:\/\/ocantinhodoscabrais.pt\/en\/what-to-do-in-belmonte-and-in-the-region\/#breadcrumb\",\"itemListElement\":[{\"@type\":\"ListItem\",\"position\":1,\"name\":\"In\u00edcio\",\"item\":\"https:\/\/ocantinhodoscabrais.pt\/en\/\"},{\"@type\":\"ListItem\",\"position\":2,\"name\":\"What to do in Belmonte and in the region\"}]},{\"@type\":\"WebSite\",\"@id\":\"https:\/\/ocantinhodoscabrais.pt\/#website\",\"url\":\"https:\/\/ocantinhodoscabrais.pt\/\",\"name\":\"O Cantinho dos Cabrais\",\"description\":\"Sinta a Natureza\",\"publisher\":{\"@id\":\"https:\/\/ocantinhodoscabrais.pt\/#organization\"},\"potentialAction\":[{\"@type\":\"SearchAction\",\"target\":{\"@type\":\"EntryPoint\",\"urlTemplate\":\"https:\/\/ocantinhodoscabrais.pt\/?s={search_term_string}\"},\"query-input\":\"required name=search_term_string\"}],\"inLanguage\":\"en-US\"},{\"@type\":\"Organization\",\"@id\":\"https:\/\/ocantinhodoscabrais.pt\/#organization\",\"name\":\"O Cantinho dos Cabrais\",\"url\":\"https:\/\/ocantinhodoscabrais.pt\/\",\"logo\":{\"@type\":\"ImageObject\",\"inLanguage\":\"en-US\",\"@id\":\"https:\/\/ocantinhodoscabrais.pt\/#\/schema\/logo\/image\/\",\"url\":\"https:\/\/ocantinhodoscabrais.pt\/wp-content\/uploads\/2023\/02\/cropped-logo_horizontal.fw_.png\",\"contentUrl\":\"https:\/\/ocantinhodoscabrais.pt\/wp-content\/uploads\/2023\/02\/cropped-logo_horizontal.fw_.png\",\"width\":563,\"height\":109,\"caption\":\"O Cantinho dos Cabrais\"},\"image\":{\"@id\":\"https:\/\/ocantinhodoscabrais.pt\/#\/schema\/logo\/image\/\"}}]}<\/script>\n<!-- \/ Yoast SEO Premium plugin. -->","yoast_head_json":{"title":"What to do in Belmonte and in the region - O Cantinho dos Cabrais","robots":{"index":"index","follow":"follow","max-snippet":"max-snippet:-1","max-image-preview":"max-image-preview:large","max-video-preview":"max-video-preview:-1"},"canonical":"https:\/\/ocantinhodoscabrais.pt\/en\/what-to-do-in-belmonte-and-in-the-region\/","og_locale":"en_US","og_type":"article","og_title":"What to do in Belmonte and in the region","og_description":"Belmonte is a historic and charming village, with breathtaking natural landscapes and a rich Portuguese culture. If you are looking for an authentic experience in Portugal, Belmonte is the perfect destination for you, as is our charming village of Inguias, Portugal.","og_url":"https:\/\/ocantinhodoscabrais.pt\/en\/what-to-do-in-belmonte-and-in-the-region\/","og_site_name":"O Cantinho dos Cabrais","og_image":[{"url":"http:\/\/ocantinhodoscabrais.pt\/wp-content\/uploads\/2023\/02\/BELMONTE-1-1024x576.png"}],"twitter_card":"summary_large_image","twitter_misc":{"Est. reading time":"2 minutes"},"schema":{"@context":"https:\/\/schema.org","@graph":[{"@type":"WebPage","@id":"https:\/\/ocantinhodoscabrais.pt\/en\/what-to-do-in-belmonte-and-in-the-region\/","url":"https:\/\/ocantinhodoscabrais.pt\/en\/what-to-do-in-belmonte-and-in-the-region\/","name":"What to do in Belmonte and in the region - O Cantinho dos Cabrais","isPartOf":{"@id":"https:\/\/ocantinhodoscabrais.pt\/#website"},"datePublished":"2019-09-18T12:05:01+00:00","dateModified":"2019-09-18T12:05:01+00:00","breadcrumb":{"@id":"https:\/\/ocantinhodoscabrais.pt\/en\/what-to-do-in-belmonte-and-in-the-region\/#breadcrumb"},"inLanguage":"en-US","potentialAction":[{"@type":"ReadAction","target":["https:\/\/ocantinhodoscabrais.pt\/en\/what-to-do-in-belmonte-and-in-the-region\/"]}]},{"@type":"BreadcrumbList","@id":"https:\/\/ocantinhodoscabrais.pt\/en\/what-to-do-in-belmonte-and-in-the-region\/#breadcrumb","itemListElement":[{"@type":"ListItem","position":1,"name":"In\u00edcio","item":"https:\/\/ocantinhodoscabrais.pt\/en\/"},{"@type":"ListItem","position":2,"name":"What to do in Belmonte and in the region"}]},{"@type":"WebSite","@id":"https:\/\/ocantinhodoscabrais.pt\/#website","url":"https:\/\/ocantinhodoscabrais.pt\/","name":"O Cantinho dos Cabrais","description":"Sinta a Natureza","publisher":{"@id":"https:\/\/ocantinhodoscabrais.pt\/#organization"},"potentialAction":[{"@type":"SearchAction","target":{"@type":"EntryPoint","urlTemplate":"https:\/\/ocantinhodoscabrais.pt\/?s={search_term_string}"},"query-input":"required name=search_term_string"}],"inLanguage":"en-US"},{"@type":"Organization","@id":"https:\/\/ocantinhodoscabrais.pt\/#organization","name":"O Cantinho dos Cabrais","url":"https:\/\/ocantinhodoscabrais.pt\/","logo":{"@type":"ImageObject","inLanguage":"en-US","@id":"https:\/\/ocantinhodoscabrais.pt\/#\/schema\/logo\/image\/","url":"https:\/\/ocantinhodoscabrais.pt\/wp-content\/uploads\/2023\/02\/cropped-logo_horizontal.fw_.png","contentUrl":"https:\/\/ocantinhodoscabrais.pt\/wp-content\/uploads\/2023\/02\/cropped-logo_horizontal.fw_.png","width":563,"height":109,"caption":"O Cantinho dos Cabrais"},"image":{"@id":"https:\/\/ocantinhodoscabrais.pt\/#\/schema\/logo\/image\/"}}]}},"_links":{"self":[{"href":"https:\/\/ocantinhodoscabrais.pt\/en\/wp-json\/wp\/v2\/pages\/2439"}],"collection":[{"href":"https:\/\/ocantinhodoscabrais.pt\/en\/wp-json\/wp\/v2\/pages"}],"about":[{"href":"https:\/\/ocantinhodoscabrais.pt\/en\/wp-json\/wp\/v2\/types\/page"}],"author":[{"embeddable":true,"href":"https:\/\/ocantinhodoscabrais.pt\/en\/wp-json\/wp\/v2\/users\/1"}],"replies":[{"embeddable":true,"href":"https:\/\/ocantinhodoscabrais.pt\/en\/wp-json\/wp\/v2\/comments?post=2439"}],"version-history":[{"count":0,"href":"https:\/\/ocantinhodoscabrais.pt\/en\/wp-json\/wp\/v2\/pages\/2439\/revisions"}],"wp:attachment":[{"href":"https:\/\/ocantinhodoscabrais.pt\/en\/wp-json\/wp\/v2\/media?parent=2439"}],"curies":[{"name":"wp","href":"https:\/\/api.w.org\/{rel}","templated":true}]}}