{"id":2518,"date":"2023-02-20T12:43:49","date_gmt":"2023-02-20T12:43:49","guid":{"rendered":"http:\/\/ocantinhodoscabrais.pt\/restaurante-o-bernardo\/"},"modified":"2023-03-29T16:57:14","modified_gmt":"2023-03-29T16:57:14","slug":"restaurante-o-bernardo","status":"publish","type":"page","link":"https:\/\/ocantinhodoscabrais.pt\/es\/restaurante-o-bernardo\/","title":{"rendered":"Restaurante O Bernardo"},"content":{"rendered":"\n<div class=\"wp-block-getwid-advanced-heading\" style=\"margin-bottom:5px;margin-top:81px\"><h2 class=\"wp-block-getwid-advanced-heading__content\" style=\"text-align:center\">Descubre un poco de nuestra Historia<\/h2><\/div>\n\n<div style=\"height:18px\" aria-hidden=\"true\" class=\"wp-block-spacer\"><\/div>\n\n<div class=\"wp-block-getwid-advanced-heading\" style=\"margin-bottom:40px\"><span class=\"wp-block-getwid-advanced-heading__content\" style=\"text-align:left\">Fue el 8 de julio de 1995, cuando la familia Cabral Bernardo, residente en Inguias, decidi\u00f3 invertir en su propio negocio, llamado Caf\u00e9 Snack-Bar \u201cO Bernardo\u201d.<br><br>Fue en este espacio donde, a lo largo de quince a\u00f1os, la familia ha ido echando ra\u00edces y ha visto crecer su negocio.<br><br>Despu\u00e9s de 16 a\u00f1os se sinti\u00f3 la necesidad de ampliar el negocio, debido al crecimiento que se hab\u00eda sentido durante todo este tiempo. <br><br>En este cambio, en 2011, se reclasific\u00f3 el espacio y se reestructur\u00f3 el nombre a Restaurante Snack-Bar \u201cO Bernardo\u201d.<\/span><\/div>\n\n<div style=\"height:21px\" aria-hidden=\"true\" class=\"wp-block-spacer\"><\/div>\n\n<div class=\"wp-block-getwid-images-slider has-arrows-inside has-dots-none is-carousel has-slides-gap-small has-images-center has-cropped-images\"><div class=\"wp-block-getwid-images-slider__wrapper\" data-effect=\"slide\" data-slides-show=\"3\" data-slides-show-laptop=\"1\" data-slides-show-tablet=\"1\" data-slides-show-mobile=\"1\" data-slides-scroll=\"1\" data-autoplay=\"false\" data-autoplay-speed=\"6000\" data-infinite=\"false\" data-animation-speed=\"500\" data-center-mode=\"false\" data-variable-width=\"false\" data-arrows=\"inside\" data-dots=\"none\" data-spacing=\"small\"><div class=\"wp-block-getwid-images-slider__item\"><figure><img fetchpriority=\"high\" decoding=\"async\" width=\"892\" height=\"1323\" src=\"http:\/\/ocantinhodoscabrais.pt\/wp-content\/uploads\/2023\/03\/OUT_OF_FRAME-252.jpg\" data-id=\"2831\" data-link=\"http:\/\/ocantinhodoscabrais.pt\/restaurante-o-bernardo\/attachment\/out_of_frame-252\/\" data-original-link=\"http:\/\/ocantinhodoscabrais.pt\/wp-content\/uploads\/2023\/03\/OUT_OF_FRAME-252.jpg\" class=\"wp-block-getwid-images-slider__image wp-image-2831\" srcset=\"https:\/\/ocantinhodoscabrais.pt\/wp-content\/uploads\/2023\/03\/OUT_OF_FRAME-252.jpg 892w, https:\/\/ocantinhodoscabrais.pt\/wp-content\/uploads\/2023\/03\/OUT_OF_FRAME-252-202x300.jpg 202w, https:\/\/ocantinhodoscabrais.pt\/wp-content\/uploads\/2023\/03\/OUT_OF_FRAME-252-690x1024.jpg 690w, https:\/\/ocantinhodoscabrais.pt\/wp-content\/uploads\/2023\/03\/OUT_OF_FRAME-252-768x1139.jpg 768w, https:\/\/ocantinhodoscabrais.pt\/wp-content\/uploads\/2023\/03\/OUT_OF_FRAME-252-600x890.jpg 600w\" sizes=\"(max-width: 892px) 100vw, 892px\" \/><\/figure><\/div><div class=\"wp-block-getwid-images-slider__item\"><figure><img decoding=\"async\" width=\"892\" height=\"1323\" src=\"http:\/\/ocantinhodoscabrais.pt\/wp-content\/uploads\/2023\/03\/OUT_OF_FRAME-241.jpg\" data-id=\"2826\" data-link=\"http:\/\/ocantinhodoscabrais.pt\/restaurante-o-bernardo\/attachment\/out_of_frame-241\/\" data-original-link=\"http:\/\/ocantinhodoscabrais.pt\/wp-content\/uploads\/2023\/03\/OUT_OF_FRAME-241.jpg\" class=\"wp-block-getwid-images-slider__image wp-image-2826\" srcset=\"https:\/\/ocantinhodoscabrais.pt\/wp-content\/uploads\/2023\/03\/OUT_OF_FRAME-241.jpg 892w, https:\/\/ocantinhodoscabrais.pt\/wp-content\/uploads\/2023\/03\/OUT_OF_FRAME-241-202x300.jpg 202w, https:\/\/ocantinhodoscabrais.pt\/wp-content\/uploads\/2023\/03\/OUT_OF_FRAME-241-690x1024.jpg 690w, https:\/\/ocantinhodoscabrais.pt\/wp-content\/uploads\/2023\/03\/OUT_OF_FRAME-241-768x1139.jpg 768w, https:\/\/ocantinhodoscabrais.pt\/wp-content\/uploads\/2023\/03\/OUT_OF_FRAME-241-600x890.jpg 600w\" sizes=\"(max-width: 892px) 100vw, 892px\" \/><\/figure><\/div><div class=\"wp-block-getwid-images-slider__item\"><figure><img decoding=\"async\" width=\"892\" height=\"1323\" src=\"http:\/\/ocantinhodoscabrais.pt\/wp-content\/uploads\/2023\/03\/OUT_OF_FRAME-246.jpg\" data-id=\"2816\" data-link=\"http:\/\/ocantinhodoscabrais.pt\/restaurante-o-bernardo\/attachment\/out_of_frame-246\/\" data-original-link=\"http:\/\/ocantinhodoscabrais.pt\/wp-content\/uploads\/2023\/03\/OUT_OF_FRAME-246.jpg\" class=\"wp-block-getwid-images-slider__image wp-image-2816\" srcset=\"https:\/\/ocantinhodoscabrais.pt\/wp-content\/uploads\/2023\/03\/OUT_OF_FRAME-246.jpg 892w, https:\/\/ocantinhodoscabrais.pt\/wp-content\/uploads\/2023\/03\/OUT_OF_FRAME-246-202x300.jpg 202w, https:\/\/ocantinhodoscabrais.pt\/wp-content\/uploads\/2023\/03\/OUT_OF_FRAME-246-690x1024.jpg 690w, https:\/\/ocantinhodoscabrais.pt\/wp-content\/uploads\/2023\/03\/OUT_OF_FRAME-246-768x1139.jpg 768w, https:\/\/ocantinhodoscabrais.pt\/wp-content\/uploads\/2023\/03\/OUT_OF_FRAME-246-600x890.jpg 600w\" sizes=\"(max-width: 892px) 100vw, 892px\" \/><\/figure><\/div><div class=\"wp-block-getwid-images-slider__item\"><figure><img loading=\"lazy\" decoding=\"async\" width=\"892\" height=\"1323\" src=\"http:\/\/ocantinhodoscabrais.pt\/wp-content\/uploads\/2023\/03\/OUT_OF_FRAME-239.jpg\" data-id=\"2810\" data-link=\"http:\/\/ocantinhodoscabrais.pt\/restaurante-o-bernardo\/attachment\/out_of_frame-239\/\" data-original-link=\"http:\/\/ocantinhodoscabrais.pt\/wp-content\/uploads\/2023\/03\/OUT_OF_FRAME-239.jpg\" class=\"wp-block-getwid-images-slider__image wp-image-2810\" srcset=\"https:\/\/ocantinhodoscabrais.pt\/wp-content\/uploads\/2023\/03\/OUT_OF_FRAME-239.jpg 892w, https:\/\/ocantinhodoscabrais.pt\/wp-content\/uploads\/2023\/03\/OUT_OF_FRAME-239-202x300.jpg 202w, https:\/\/ocantinhodoscabrais.pt\/wp-content\/uploads\/2023\/03\/OUT_OF_FRAME-239-690x1024.jpg 690w, https:\/\/ocantinhodoscabrais.pt\/wp-content\/uploads\/2023\/03\/OUT_OF_FRAME-239-768x1139.jpg 768w, https:\/\/ocantinhodoscabrais.pt\/wp-content\/uploads\/2023\/03\/OUT_OF_FRAME-239-600x890.jpg 600w\" sizes=\"(max-width: 892px) 100vw, 892px\" \/><\/figure><\/div><div class=\"wp-block-getwid-images-slider__item\"><figure><img loading=\"lazy\" decoding=\"async\" width=\"892\" height=\"1323\" src=\"http:\/\/ocantinhodoscabrais.pt\/wp-content\/uploads\/2023\/03\/OUT_OF_FRAME-247.jpg\" data-id=\"2821\" data-link=\"http:\/\/ocantinhodoscabrais.pt\/restaurante-o-bernardo\/attachment\/out_of_frame-247\/\" data-original-link=\"http:\/\/ocantinhodoscabrais.pt\/wp-content\/uploads\/2023\/03\/OUT_OF_FRAME-247.jpg\" class=\"wp-block-getwid-images-slider__image wp-image-2821\" srcset=\"https:\/\/ocantinhodoscabrais.pt\/wp-content\/uploads\/2023\/03\/OUT_OF_FRAME-247.jpg 892w, https:\/\/ocantinhodoscabrais.pt\/wp-content\/uploads\/2023\/03\/OUT_OF_FRAME-247-202x300.jpg 202w, https:\/\/ocantinhodoscabrais.pt\/wp-content\/uploads\/2023\/03\/OUT_OF_FRAME-247-690x1024.jpg 690w, https:\/\/ocantinhodoscabrais.pt\/wp-content\/uploads\/2023\/03\/OUT_OF_FRAME-247-768x1139.jpg 768w, https:\/\/ocantinhodoscabrais.pt\/wp-content\/uploads\/2023\/03\/OUT_OF_FRAME-247-600x890.jpg 600w\" sizes=\"(max-width: 892px) 100vw, 892px\" \/><\/figure><\/div><\/div><\/div>\n\n<div class=\"wp-block-getwid-advanced-heading\" style=\"margin-bottom:5px;margin-top:81px\"><h2 class=\"wp-block-getwid-advanced-heading__content\" style=\"text-align:center\">Ven a probar platos t\u00edpicos y conoce el pueblo<\/h2><\/div>\n\n<div style=\"height:19px\" aria-hidden=\"true\" class=\"wp-block-spacer\"><\/div>\n\n<div class=\"wp-block-getwid-advanced-heading\" style=\"margin-bottom:40px\"><span class=\"wp-block-getwid-advanced-heading__content\" style=\"text-align:left\">Inguias es una villa portuguesa del municipio de Belmonte, con una historia que se remonta a la \u00e9poca romana y un rico patrimonio hist\u00f3rico y cultural, como la Iglesia Parroquial de Nossa Senhora da Concei\u00e7\u00e3o y el Pelourinho de Inguias. <br><br>Adem\u00e1s, est\u00e1 rodeada de hermosos paisajes naturales, con varias opciones para realizar actividades al aire libre. Los festivales locales, como el Festival de S\u00e3o Sebasti\u00e3o y el Festival de Nossa Senhora da Concei\u00e7\u00e3o, tambi\u00e9n son populares en la regi\u00f3n.<br><br>Para quienes visitan el pueblo, una sugerencia es probar el restaurante O Bernardo, que ofrece platos tradicionales portugueses y un ambiente acogedor para disfrutar de una comida t\u00edpica de la regi\u00f3n.<\/span><\/div>\n\n<div style=\"height:25px\" aria-hidden=\"true\" class=\"wp-block-spacer\"><\/div>\n\n<div class=\"wp-block-buttons is-content-justification-center is-layout-flex wp-container-core-buttons-layout-1 wp-block-buttons-is-layout-flex\">\n<div class=\"wp-block-button\"><a class=\"wp-block-button__link wp-element-button\" href=\"http:\/\/ocantinhodoscabrais.pt\/es\/habitaciones-y-apartamentos\/\">Reservar &#8211; Habitaciones y Apartamentos<\/a><\/div>\n<\/div>\n\n<div style=\"height:60px\" aria-hidden=\"true\" class=\"wp-block-spacer\"><\/div>\n","protected":false},"excerpt":{"rendered":"<p>Prueba platos t\u00edpicos en el Restaurante \u00abO Bernardo\u00bb. Descubre el pueblo de Inguias, Belmonte &#8211; Portugal. \u00a1Disfruta de grandes momentos aqu\u00ed!<\/p>\n","protected":false},"author":1,"featured_media":0,"parent":0,"menu_order":0,"comment_status":"closed","ping_status":"closed","template":"","meta":{"_acf_changed":false,"inline_featured_image":false,"footnotes":""},"acf":[],"yoast_head":"<!-- This site is optimized with the Yoast SEO Premium plugin v19.5 (Yoast SEO v20.7) - https:\/\/yoast.com\/wordpress\/plugins\/seo\/ -->\n<title>Restaurante O Bernardo - O Cantinho dos Cabrais<\/title>\n<meta name=\"description\" content=\"Prueba platos t\u00edpicos en el Restaurante &quot;O Bernardo&quot;. Descubre el pueblo de Inguias, Belmonte - Portugal. \u00a1Disfruta de grandes momentos aqu\u00ed!\" \/>\n<meta name=\"robots\" content=\"index, follow, max-snippet:-1, max-image-preview:large, max-video-preview:-1\" \/>\n<link rel=\"canonical\" href=\"https:\/\/ocantinhodoscabrais.pt\/es\/restaurante-o-bernardo\/\" \/>\n<meta property=\"og:locale\" content=\"es_ES\" \/>\n<meta property=\"og:type\" content=\"article\" \/>\n<meta property=\"og:title\" content=\"Restaurante O Bernardo\" \/>\n<meta property=\"og:description\" content=\"Prueba platos t\u00edpicos en el Restaurante &quot;O Bernardo&quot;. Descubre el pueblo de Inguias, Belmonte - Portugal. \u00a1Disfruta de grandes momentos aqu\u00ed!\" \/>\n<meta property=\"og:url\" content=\"https:\/\/ocantinhodoscabrais.pt\/es\/restaurante-o-bernardo\/\" \/>\n<meta property=\"og:site_name\" content=\"O Cantinho dos Cabrais\" \/>\n<meta property=\"article:modified_time\" content=\"2023-03-29T16:57:14+00:00\" \/>\n<meta property=\"og:image\" content=\"http:\/\/ocantinhodoscabrais.pt\/wp-content\/uploads\/2023\/03\/OUT_OF_FRAME-252.jpg\" \/>\n<meta name=\"twitter:card\" content=\"summary_large_image\" \/>\n<meta name=\"twitter:label1\" content=\"Tiempo de lectura\" \/>\n\t<meta name=\"twitter:data1\" content=\"1 minuto\" \/>\n<script type=\"application\/ld+json\" class=\"yoast-schema-graph\">{\"@context\":\"https:\/\/schema.org\",\"@graph\":[{\"@type\":\"WebPage\",\"@id\":\"https:\/\/ocantinhodoscabrais.pt\/es\/restaurante-o-bernardo\/\",\"url\":\"https:\/\/ocantinhodoscabrais.pt\/es\/restaurante-o-bernardo\/\",\"name\":\"Restaurante O Bernardo - O Cantinho dos Cabrais\",\"isPartOf\":{\"@id\":\"https:\/\/ocantinhodoscabrais.pt\/#website\"},\"datePublished\":\"2023-02-20T12:43:49+00:00\",\"dateModified\":\"2023-03-29T16:57:14+00:00\",\"description\":\"Prueba platos t\u00edpicos en el Restaurante \\\"O Bernardo\\\". Descubre el pueblo de Inguias, Belmonte - Portugal. \u00a1Disfruta de grandes momentos aqu\u00ed!\",\"breadcrumb\":{\"@id\":\"https:\/\/ocantinhodoscabrais.pt\/es\/restaurante-o-bernardo\/#breadcrumb\"},\"inLanguage\":\"es\",\"potentialAction\":[{\"@type\":\"ReadAction\",\"target\":[\"https:\/\/ocantinhodoscabrais.pt\/es\/restaurante-o-bernardo\/\"]}]},{\"@type\":\"BreadcrumbList\",\"@id\":\"https:\/\/ocantinhodoscabrais.pt\/es\/restaurante-o-bernardo\/#breadcrumb\",\"itemListElement\":[{\"@type\":\"ListItem\",\"position\":1,\"name\":\"In\u00edcio\",\"item\":\"https:\/\/ocantinhodoscabrais.pt\/es\/\"},{\"@type\":\"ListItem\",\"position\":2,\"name\":\"Restaurante O Bernardo\"}]},{\"@type\":\"WebSite\",\"@id\":\"https:\/\/ocantinhodoscabrais.pt\/#website\",\"url\":\"https:\/\/ocantinhodoscabrais.pt\/\",\"name\":\"O Cantinho dos Cabrais\",\"description\":\"Sinta a Natureza\",\"publisher\":{\"@id\":\"https:\/\/ocantinhodoscabrais.pt\/#organization\"},\"potentialAction\":[{\"@type\":\"SearchAction\",\"target\":{\"@type\":\"EntryPoint\",\"urlTemplate\":\"https:\/\/ocantinhodoscabrais.pt\/?s={search_term_string}\"},\"query-input\":\"required name=search_term_string\"}],\"inLanguage\":\"es\"},{\"@type\":\"Organization\",\"@id\":\"https:\/\/ocantinhodoscabrais.pt\/#organization\",\"name\":\"O Cantinho dos Cabrais\",\"url\":\"https:\/\/ocantinhodoscabrais.pt\/\",\"logo\":{\"@type\":\"ImageObject\",\"inLanguage\":\"es\",\"@id\":\"https:\/\/ocantinhodoscabrais.pt\/#\/schema\/logo\/image\/\",\"url\":\"https:\/\/ocantinhodoscabrais.pt\/wp-content\/uploads\/2023\/02\/cropped-logo_horizontal.fw_.png\",\"contentUrl\":\"https:\/\/ocantinhodoscabrais.pt\/wp-content\/uploads\/2023\/02\/cropped-logo_horizontal.fw_.png\",\"width\":563,\"height\":109,\"caption\":\"O Cantinho dos Cabrais\"},\"image\":{\"@id\":\"https:\/\/ocantinhodoscabrais.pt\/#\/schema\/logo\/image\/\"}}]}<\/script>\n<!-- \/ Yoast SEO Premium plugin. -->","yoast_head_json":{"title":"Restaurante O Bernardo - O Cantinho dos Cabrais","description":"Prueba platos t\u00edpicos en el Restaurante \"O Bernardo\". Descubre el pueblo de Inguias, Belmonte - Portugal. \u00a1Disfruta de grandes momentos aqu\u00ed!","robots":{"index":"index","follow":"follow","max-snippet":"max-snippet:-1","max-image-preview":"max-image-preview:large","max-video-preview":"max-video-preview:-1"},"canonical":"https:\/\/ocantinhodoscabrais.pt\/es\/restaurante-o-bernardo\/","og_locale":"es_ES","og_type":"article","og_title":"Restaurante O Bernardo","og_description":"Prueba platos t\u00edpicos en el Restaurante \"O Bernardo\". Descubre el pueblo de Inguias, Belmonte - Portugal. \u00a1Disfruta de grandes momentos aqu\u00ed!","og_url":"https:\/\/ocantinhodoscabrais.pt\/es\/restaurante-o-bernardo\/","og_site_name":"O Cantinho dos Cabrais","article_modified_time":"2023-03-29T16:57:14+00:00","og_image":[{"url":"http:\/\/ocantinhodoscabrais.pt\/wp-content\/uploads\/2023\/03\/OUT_OF_FRAME-252.jpg"}],"twitter_card":"summary_large_image","twitter_misc":{"Tiempo de lectura":"1 minuto"},"schema":{"@context":"https:\/\/schema.org","@graph":[{"@type":"WebPage","@id":"https:\/\/ocantinhodoscabrais.pt\/es\/restaurante-o-bernardo\/","url":"https:\/\/ocantinhodoscabrais.pt\/es\/restaurante-o-bernardo\/","name":"Restaurante O Bernardo - O Cantinho dos Cabrais","isPartOf":{"@id":"https:\/\/ocantinhodoscabrais.pt\/#website"},"datePublished":"2023-02-20T12:43:49+00:00","dateModified":"2023-03-29T16:57:14+00:00","description":"Prueba platos t\u00edpicos en el Restaurante \"O Bernardo\". Descubre el pueblo de Inguias, Belmonte - Portugal. \u00a1Disfruta de grandes momentos aqu\u00ed!","breadcrumb":{"@id":"https:\/\/ocantinhodoscabrais.pt\/es\/restaurante-o-bernardo\/#breadcrumb"},"inLanguage":"es","potentialAction":[{"@type":"ReadAction","target":["https:\/\/ocantinhodoscabrais.pt\/es\/restaurante-o-bernardo\/"]}]},{"@type":"BreadcrumbList","@id":"https:\/\/ocantinhodoscabrais.pt\/es\/restaurante-o-bernardo\/#breadcrumb","itemListElement":[{"@type":"ListItem","position":1,"name":"In\u00edcio","item":"https:\/\/ocantinhodoscabrais.pt\/es\/"},{"@type":"ListItem","position":2,"name":"Restaurante O Bernardo"}]},{"@type":"WebSite","@id":"https:\/\/ocantinhodoscabrais.pt\/#website","url":"https:\/\/ocantinhodoscabrais.pt\/","name":"O Cantinho dos Cabrais","description":"Sinta a Natureza","publisher":{"@id":"https:\/\/ocantinhodoscabrais.pt\/#organization"},"potentialAction":[{"@type":"SearchAction","target":{"@type":"EntryPoint","urlTemplate":"https:\/\/ocantinhodoscabrais.pt\/?s={search_term_string}"},"query-input":"required name=search_term_string"}],"inLanguage":"es"},{"@type":"Organization","@id":"https:\/\/ocantinhodoscabrais.pt\/#organization","name":"O Cantinho dos Cabrais","url":"https:\/\/ocantinhodoscabrais.pt\/","logo":{"@type":"ImageObject","inLanguage":"es","@id":"https:\/\/ocantinhodoscabrais.pt\/#\/schema\/logo\/image\/","url":"https:\/\/ocantinhodoscabrais.pt\/wp-content\/uploads\/2023\/02\/cropped-logo_horizontal.fw_.png","contentUrl":"https:\/\/ocantinhodoscabrais.pt\/wp-content\/uploads\/2023\/02\/cropped-logo_horizontal.fw_.png","width":563,"height":109,"caption":"O Cantinho dos Cabrais"},"image":{"@id":"https:\/\/ocantinhodoscabrais.pt\/#\/schema\/logo\/image\/"}}]}},"_links":{"self":[{"href":"https:\/\/ocantinhodoscabrais.pt\/es\/wp-json\/wp\/v2\/pages\/2518"}],"collection":[{"href":"https:\/\/ocantinhodoscabrais.pt\/es\/wp-json\/wp\/v2\/pages"}],"about":[{"href":"https:\/\/ocantinhodoscabrais.pt\/es\/wp-json\/wp\/v2\/types\/page"}],"author":[{"embeddable":true,"href":"https:\/\/ocantinhodoscabrais.pt\/es\/wp-json\/wp\/v2\/users\/1"}],"replies":[{"embeddable":true,"href":"https:\/\/ocantinhodoscabrais.pt\/es\/wp-json\/wp\/v2\/comments?post=2518"}],"version-history":[{"count":4,"href":"https:\/\/ocantinhodoscabrais.pt\/es\/wp-json\/wp\/v2\/pages\/2518\/revisions"}],"predecessor-version":[{"id":3021,"href":"https:\/\/ocantinhodoscabrais.pt\/es\/wp-json\/wp\/v2\/pages\/2518\/revisions\/3021"}],"wp:attachment":[{"href":"https:\/\/ocantinhodoscabrais.pt\/es\/wp-json\/wp\/v2\/media?parent=2518"}],"curies":[{"name":"wp","href":"https:\/\/api.w.org\/{rel}","templated":true}]}}