{"id":2529,"date":"2019-08-20T11:29:12","date_gmt":"2019-08-20T10:29:12","guid":{"rendered":"http:\/\/ocantinhodoscabrais.pt\/sobre-nosotros\/"},"modified":"2023-03-30T08:03:55","modified_gmt":"2023-03-30T08:03:55","slug":"sobre-nosotros","status":"publish","type":"page","link":"https:\/\/ocantinhodoscabrais.pt\/es\/sobre-nosotros\/","title":{"rendered":"Sobre nosotros"},"content":{"rendered":"\n<div class=\"wp-block-columns has-3-columns is-layout-flex wp-container-core-columns-layout-1 wp-block-columns-is-layout-flex\">\n<div class=\"wp-block-column is-layout-flow wp-block-column-is-layout-flow\">\n<div class=\"wp-block-getwid-advanced-heading\"><h2 class=\"wp-block-getwid-advanced-heading__content\">\u00a1Miles de visitantes ya nos han elegido con todo su cari\u00f1o!<\/h2><\/div>\n<\/div>\n\n\n\n<div class=\"wp-block-column is-layout-flow wp-block-column-is-layout-flow\">\n<p>Fue el 8 de julio de 1995, cuando la familia Cabral Bernardo, residente en Inguias, decidi\u00f3 invertir en su propio negocio, llamado Caf\u00e9 Snack-Bar \u201cO Bernardo\u201d. <\/p>\n\n\n\n<p>Fue en este espacio donde, a lo largo de quince a\u00f1os, la familia ha ido echando ra\u00edces y ha visto crecer su negocio.<\/p>\n<\/div>\n\n\n\n<div class=\"wp-block-column is-layout-flow wp-block-column-is-layout-flow\">\n<p>Despu\u00e9s de 16 a\u00f1os se sinti\u00f3 la necesidad de ampliar el negocio, debido al crecimiento que se hab\u00eda sentido durante todo este tiempo.<\/p>\n\n\n\n<p>En este cambio, en 2011, se reclasific\u00f3 el espacio y se reestructur\u00f3 el nombre a Restaurante Snack-Bar \u201cO Bernardo\u201d.<\/p>\n<\/div>\n<\/div>\n\n<div style=\"height:50px\" aria-hidden=\"true\" class=\"wp-block-spacer\"><\/div>\n\n<div class=\"wp-block-buttons is-content-justification-center is-layout-flex wp-container-core-buttons-layout-1 wp-block-buttons-is-layout-flex\">\n<div class=\"wp-block-button\"><a class=\"wp-block-button__link wp-element-button\" href=\"http:\/\/ocantinhodoscabrais.pt\/es\/habitaciones-y-apartamentos\/\">Ver Habitaciones o Apartamentos<\/a><\/div>\n<\/div>\n\n<div style=\"height:40px\" aria-hidden=\"true\" class=\"wp-block-spacer\"><\/div>\n\n<div class=\"wp-block-columns has-2-columns is-layout-flex wp-container-core-columns-layout-2 wp-block-columns-is-layout-flex\">\n<div class=\"wp-block-column is-layout-flow wp-block-column-is-layout-flow\">\n<figure class=\"wp-block-image size-large\"><img fetchpriority=\"high\" decoding=\"async\" width=\"861\" height=\"1024\" src=\"http:\/\/ocantinhodoscabrais.pt\/wp-content\/uploads\/2023\/02\/Packs-O-Cantinho-dos-Cabrais-2-861x1024.png\" alt=\"\" class=\"wp-image-1456\" srcset=\"https:\/\/ocantinhodoscabrais.pt\/wp-content\/uploads\/2023\/02\/Packs-O-Cantinho-dos-Cabrais-2-861x1024.png 861w, https:\/\/ocantinhodoscabrais.pt\/wp-content\/uploads\/2023\/02\/Packs-O-Cantinho-dos-Cabrais-2-600x714.png 600w, https:\/\/ocantinhodoscabrais.pt\/wp-content\/uploads\/2023\/02\/Packs-O-Cantinho-dos-Cabrais-2-252x300.png 252w, https:\/\/ocantinhodoscabrais.pt\/wp-content\/uploads\/2023\/02\/Packs-O-Cantinho-dos-Cabrais-2-768x914.png 768w, https:\/\/ocantinhodoscabrais.pt\/wp-content\/uploads\/2023\/02\/Packs-O-Cantinho-dos-Cabrais-2.png 892w\" sizes=\"(max-width: 861px) 100vw, 861px\" \/><\/figure>\n<\/div>\n\n\n\n<div class=\"wp-block-column is-layout-flow wp-block-column-is-layout-flow\">\n<figure class=\"wp-block-gallery has-nested-images columns-2 is-cropped wp-block-gallery-1 is-layout-flex wp-block-gallery-is-layout-flex\">\n<figure class=\"wp-block-image size-large\"><img decoding=\"async\" width=\"861\" height=\"1024\" src=\"http:\/\/ocantinhodoscabrais.pt\/wp-content\/uploads\/2023\/02\/Apartamentos-O-Cantinho-dos-Cabrais-861x1024.png\" alt=\"Apartamentos - O Cantinho dos Cabrais\" class=\"wp-image-1443\" srcset=\"https:\/\/ocantinhodoscabrais.pt\/wp-content\/uploads\/2023\/02\/Apartamentos-O-Cantinho-dos-Cabrais-861x1024.png 861w, https:\/\/ocantinhodoscabrais.pt\/wp-content\/uploads\/2023\/02\/Apartamentos-O-Cantinho-dos-Cabrais-600x714.png 600w, https:\/\/ocantinhodoscabrais.pt\/wp-content\/uploads\/2023\/02\/Apartamentos-O-Cantinho-dos-Cabrais-252x300.png 252w, https:\/\/ocantinhodoscabrais.pt\/wp-content\/uploads\/2023\/02\/Apartamentos-O-Cantinho-dos-Cabrais-768x914.png 768w, https:\/\/ocantinhodoscabrais.pt\/wp-content\/uploads\/2023\/02\/Apartamentos-O-Cantinho-dos-Cabrais.png 892w\" sizes=\"(max-width: 861px) 100vw, 861px\" \/><\/figure>\n\n\n\n<figure class=\"wp-block-image size-large\"><img decoding=\"async\" width=\"861\" height=\"1024\" src=\"http:\/\/ocantinhodoscabrais.pt\/wp-content\/uploads\/2023\/02\/SPA-O-Cantinhos-dos-Cabrais-1-861x1024.png\" alt=\"\" class=\"wp-image-1458\" srcset=\"https:\/\/ocantinhodoscabrais.pt\/wp-content\/uploads\/2023\/02\/SPA-O-Cantinhos-dos-Cabrais-1-861x1024.png 861w, https:\/\/ocantinhodoscabrais.pt\/wp-content\/uploads\/2023\/02\/SPA-O-Cantinhos-dos-Cabrais-1-600x714.png 600w, https:\/\/ocantinhodoscabrais.pt\/wp-content\/uploads\/2023\/02\/SPA-O-Cantinhos-dos-Cabrais-1-252x300.png 252w, https:\/\/ocantinhodoscabrais.pt\/wp-content\/uploads\/2023\/02\/SPA-O-Cantinhos-dos-Cabrais-1-768x914.png 768w, https:\/\/ocantinhodoscabrais.pt\/wp-content\/uploads\/2023\/02\/SPA-O-Cantinhos-dos-Cabrais-1.png 892w\" sizes=\"(max-width: 861px) 100vw, 861px\" \/><\/figure>\n\n\n\n<figure class=\"wp-block-image size-full\"><img loading=\"lazy\" decoding=\"async\" width=\"892\" height=\"892\" src=\"http:\/\/ocantinhodoscabrais.pt\/wp-content\/uploads\/2023\/02\/Apartamento-2.png\" alt=\"\" class=\"wp-image-1447\" srcset=\"https:\/\/ocantinhodoscabrais.pt\/wp-content\/uploads\/2023\/02\/Apartamento-2.png 892w, https:\/\/ocantinhodoscabrais.pt\/wp-content\/uploads\/2023\/02\/Apartamento-2-300x300.png 300w, https:\/\/ocantinhodoscabrais.pt\/wp-content\/uploads\/2023\/02\/Apartamento-2-100x100.png 100w, https:\/\/ocantinhodoscabrais.pt\/wp-content\/uploads\/2023\/02\/Apartamento-2-600x600.png 600w, https:\/\/ocantinhodoscabrais.pt\/wp-content\/uploads\/2023\/02\/Apartamento-2-150x150.png 150w, https:\/\/ocantinhodoscabrais.pt\/wp-content\/uploads\/2023\/02\/Apartamento-2-768x768.png 768w\" sizes=\"(max-width: 892px) 100vw, 892px\" \/><\/figure>\n\n\n\n<figure class=\"wp-block-image size-large\"><img loading=\"lazy\" decoding=\"async\" width=\"1024\" height=\"576\" src=\"http:\/\/ocantinhodoscabrais.pt\/wp-content\/uploads\/2023\/02\/Restaurante-O-Cantinho-dos-Cabrais-13-1024x576.png\" alt=\"\" class=\"wp-image-1461\" srcset=\"https:\/\/ocantinhodoscabrais.pt\/wp-content\/uploads\/2023\/02\/Restaurante-O-Cantinho-dos-Cabrais-13-1024x576.png 1024w, https:\/\/ocantinhodoscabrais.pt\/wp-content\/uploads\/2023\/02\/Restaurante-O-Cantinho-dos-Cabrais-13-600x338.png 600w, https:\/\/ocantinhodoscabrais.pt\/wp-content\/uploads\/2023\/02\/Restaurante-O-Cantinho-dos-Cabrais-13-300x169.png 300w, https:\/\/ocantinhodoscabrais.pt\/wp-content\/uploads\/2023\/02\/Restaurante-O-Cantinho-dos-Cabrais-13-768x432.png 768w, https:\/\/ocantinhodoscabrais.pt\/wp-content\/uploads\/2023\/02\/Restaurante-O-Cantinho-dos-Cabrais-13-892x502.png 892w, https:\/\/ocantinhodoscabrais.pt\/wp-content\/uploads\/2023\/02\/Restaurante-O-Cantinho-dos-Cabrais-13.png 1280w\" sizes=\"(max-width: 1024px) 100vw, 1024px\" \/><\/figure>\n<\/figure>\n<\/div>\n<\/div>\n\n<div style=\"height:50px\" aria-hidden=\"true\" class=\"wp-block-spacer\"><\/div>\n\n<div class=\"wp-block-getwid-advanced-heading\" style=\"margin-bottom:5px;margin-top:46px\"><h2 class=\"wp-block-getwid-advanced-heading__content\" style=\"text-align:center\">25 a\u00f1os de dedicaci\u00f3n, amor y cuidado<\/h2><\/div>\n\n<div style=\"height:15px\" aria-hidden=\"true\" class=\"wp-block-spacer\"><\/div>\n\n<div class=\"wp-block-getwid-advanced-heading\" style=\"margin-bottom:45px\"><span class=\"wp-block-getwid-advanced-heading__content\" style=\"text-align:left\">Llevamos 25 a\u00f1os en la hosteler\u00eda, ofreciendo a nuestros clientes gastronom\u00eda con recetas t\u00edpicas, antiguas y familiares. <br><br>Nuestro restaurante valora los productos propios, productos de la comarca y lleva a nuestros clientes a saborear los tiempos de anta\u00f1o en este pueblo.<br><br>Han pasado veinticinco a\u00f1os y hoy entendemos que invertir en nuestro pueblo, en Inguias, fue lo mejor que hicimos.<br><br>Por esta raz\u00f3n, as\u00ed surgi\u00f3 el alojamiento local &#8211; \u00abO Cantinho dos Cabrais\u00bb.<br><br>Queremos concienciar a la gente de la belleza natural de nuestro municipio, <a href=\"https:\/\/cm-belmonte.pt\/\" target=\"_blank\" rel=\"noreferrer noopener\"><strong>Belmonte<\/strong><\/a>,y la comarca de Cova da Beira.<br><br>Este es un alojamiento c\u00f3modo, confortable, como su nombre lo indica, es un rinc\u00f3n donde nuestros hu\u00e9spedes pueden sentir la comodidad de sus hogares, pero en este caso seremos nosotros quienes cuidaremos de su estad\u00eda y garantizaremos todo su confort. <br><br><strong><a href=\"https:\/\/www.ocantinhodoscabrais.pt\/\" target=\"_blank\" rel=\"noreferrer noopener\">Este \u00e9 um alojamento<\/a><\/strong>que est\u00e1 destinado a ti, tu familia, pareja, no importa el sexo, la edad o el motivo de tu visita, aqu\u00ed encontrar\u00e1s tu rinc\u00f3n y adaptaremos nuestro servicio al motivo de tu visita\/estancia.<\/span><\/div>\n\n<div style=\"height:31px\" aria-hidden=\"true\" class=\"wp-block-spacer\"><\/div>\n\n<div class=\"wp-block-buttons is-content-justification-center is-layout-flex wp-container-core-buttons-layout-2 wp-block-buttons-is-layout-flex\">\n<div class=\"wp-block-button\"><a class=\"wp-block-button__link wp-element-button\" href=\"http:\/\/ocantinhodoscabrais.pt\/es\/habitaciones-y-apartamentos\/\">Reservar un alojamiento<\/a><\/div>\n<\/div>\n\n<div style=\"height:30px\" aria-hidden=\"true\" class=\"wp-block-spacer\"><\/div>\n","protected":false},"excerpt":{"rendered":"<p>Queremos que el tiempo que pases en nuestra compa\u00f1\u00eda sea un motivo para volver a nuestro rinc\u00f3n, ese que tambi\u00e9n se convirti\u00f3 en tu rinc\u00f3n.<\/p>\n","protected":false},"author":1,"featured_media":0,"parent":0,"menu_order":0,"comment_status":"closed","ping_status":"closed","template":"template-wide-page.php","meta":{"_acf_changed":false,"inline_featured_image":false,"footnotes":""},"acf":[],"yoast_head":"<!-- This site is optimized with the Yoast SEO Premium plugin v19.5 (Yoast SEO v20.7) - https:\/\/yoast.com\/wordpress\/plugins\/seo\/ -->\n<title>Sobre nosotros - O Cantinho dos Cabrais<\/title>\n<meta name=\"robots\" content=\"index, follow, max-snippet:-1, max-image-preview:large, max-video-preview:-1\" \/>\n<link rel=\"canonical\" href=\"https:\/\/ocantinhodoscabrais.pt\/es\/sobre-nosotros\/\" \/>\n<meta property=\"og:locale\" content=\"es_ES\" \/>\n<meta property=\"og:type\" content=\"article\" \/>\n<meta property=\"og:title\" content=\"Sobre nosotros\" \/>\n<meta property=\"og:description\" content=\"Queremos que el tiempo que pases en nuestra compa\u00f1\u00eda sea un motivo para volver a nuestro rinc\u00f3n, ese que tambi\u00e9n se convirti\u00f3 en tu rinc\u00f3n.\" \/>\n<meta property=\"og:url\" content=\"https:\/\/ocantinhodoscabrais.pt\/es\/sobre-nosotros\/\" \/>\n<meta property=\"og:site_name\" content=\"O Cantinho dos Cabrais\" \/>\n<meta property=\"article:modified_time\" content=\"2023-03-30T08:03:55+00:00\" \/>\n<meta property=\"og:image\" content=\"http:\/\/ocantinhodoscabrais.pt\/wp-content\/uploads\/2023\/02\/Packs-O-Cantinho-dos-Cabrais-2-861x1024.png\" \/>\n<meta name=\"twitter:card\" content=\"summary_large_image\" \/>\n<meta name=\"twitter:label1\" content=\"Tiempo de lectura\" \/>\n\t<meta name=\"twitter:data1\" content=\"2 minutos\" \/>\n<script type=\"application\/ld+json\" class=\"yoast-schema-graph\">{\"@context\":\"https:\/\/schema.org\",\"@graph\":[{\"@type\":\"WebPage\",\"@id\":\"https:\/\/ocantinhodoscabrais.pt\/es\/sobre-nosotros\/\",\"url\":\"https:\/\/ocantinhodoscabrais.pt\/es\/sobre-nosotros\/\",\"name\":\"Sobre nosotros - O Cantinho dos Cabrais\",\"isPartOf\":{\"@id\":\"https:\/\/ocantinhodoscabrais.pt\/#website\"},\"datePublished\":\"2019-08-20T10:29:12+00:00\",\"dateModified\":\"2023-03-30T08:03:55+00:00\",\"breadcrumb\":{\"@id\":\"https:\/\/ocantinhodoscabrais.pt\/es\/sobre-nosotros\/#breadcrumb\"},\"inLanguage\":\"es\",\"potentialAction\":[{\"@type\":\"ReadAction\",\"target\":[\"https:\/\/ocantinhodoscabrais.pt\/es\/sobre-nosotros\/\"]}]},{\"@type\":\"BreadcrumbList\",\"@id\":\"https:\/\/ocantinhodoscabrais.pt\/es\/sobre-nosotros\/#breadcrumb\",\"itemListElement\":[{\"@type\":\"ListItem\",\"position\":1,\"name\":\"In\u00edcio\",\"item\":\"https:\/\/ocantinhodoscabrais.pt\/es\/\"},{\"@type\":\"ListItem\",\"position\":2,\"name\":\"Sobre nosotros\"}]},{\"@type\":\"WebSite\",\"@id\":\"https:\/\/ocantinhodoscabrais.pt\/#website\",\"url\":\"https:\/\/ocantinhodoscabrais.pt\/\",\"name\":\"O Cantinho dos Cabrais\",\"description\":\"Sinta a Natureza\",\"publisher\":{\"@id\":\"https:\/\/ocantinhodoscabrais.pt\/#organization\"},\"potentialAction\":[{\"@type\":\"SearchAction\",\"target\":{\"@type\":\"EntryPoint\",\"urlTemplate\":\"https:\/\/ocantinhodoscabrais.pt\/?s={search_term_string}\"},\"query-input\":\"required name=search_term_string\"}],\"inLanguage\":\"es\"},{\"@type\":\"Organization\",\"@id\":\"https:\/\/ocantinhodoscabrais.pt\/#organization\",\"name\":\"O Cantinho dos Cabrais\",\"url\":\"https:\/\/ocantinhodoscabrais.pt\/\",\"logo\":{\"@type\":\"ImageObject\",\"inLanguage\":\"es\",\"@id\":\"https:\/\/ocantinhodoscabrais.pt\/#\/schema\/logo\/image\/\",\"url\":\"https:\/\/ocantinhodoscabrais.pt\/wp-content\/uploads\/2023\/02\/cropped-logo_horizontal.fw_.png\",\"contentUrl\":\"https:\/\/ocantinhodoscabrais.pt\/wp-content\/uploads\/2023\/02\/cropped-logo_horizontal.fw_.png\",\"width\":563,\"height\":109,\"caption\":\"O Cantinho dos Cabrais\"},\"image\":{\"@id\":\"https:\/\/ocantinhodoscabrais.pt\/#\/schema\/logo\/image\/\"}}]}<\/script>\n<!-- \/ Yoast SEO Premium plugin. -->","yoast_head_json":{"title":"Sobre nosotros - O Cantinho dos Cabrais","robots":{"index":"index","follow":"follow","max-snippet":"max-snippet:-1","max-image-preview":"max-image-preview:large","max-video-preview":"max-video-preview:-1"},"canonical":"https:\/\/ocantinhodoscabrais.pt\/es\/sobre-nosotros\/","og_locale":"es_ES","og_type":"article","og_title":"Sobre nosotros","og_description":"Queremos que el tiempo que pases en nuestra compa\u00f1\u00eda sea un motivo para volver a nuestro rinc\u00f3n, ese que tambi\u00e9n se convirti\u00f3 en tu rinc\u00f3n.","og_url":"https:\/\/ocantinhodoscabrais.pt\/es\/sobre-nosotros\/","og_site_name":"O Cantinho dos Cabrais","article_modified_time":"2023-03-30T08:03:55+00:00","og_image":[{"url":"http:\/\/ocantinhodoscabrais.pt\/wp-content\/uploads\/2023\/02\/Packs-O-Cantinho-dos-Cabrais-2-861x1024.png"}],"twitter_card":"summary_large_image","twitter_misc":{"Tiempo de lectura":"2 minutos"},"schema":{"@context":"https:\/\/schema.org","@graph":[{"@type":"WebPage","@id":"https:\/\/ocantinhodoscabrais.pt\/es\/sobre-nosotros\/","url":"https:\/\/ocantinhodoscabrais.pt\/es\/sobre-nosotros\/","name":"Sobre nosotros - O Cantinho dos Cabrais","isPartOf":{"@id":"https:\/\/ocantinhodoscabrais.pt\/#website"},"datePublished":"2019-08-20T10:29:12+00:00","dateModified":"2023-03-30T08:03:55+00:00","breadcrumb":{"@id":"https:\/\/ocantinhodoscabrais.pt\/es\/sobre-nosotros\/#breadcrumb"},"inLanguage":"es","potentialAction":[{"@type":"ReadAction","target":["https:\/\/ocantinhodoscabrais.pt\/es\/sobre-nosotros\/"]}]},{"@type":"BreadcrumbList","@id":"https:\/\/ocantinhodoscabrais.pt\/es\/sobre-nosotros\/#breadcrumb","itemListElement":[{"@type":"ListItem","position":1,"name":"In\u00edcio","item":"https:\/\/ocantinhodoscabrais.pt\/es\/"},{"@type":"ListItem","position":2,"name":"Sobre nosotros"}]},{"@type":"WebSite","@id":"https:\/\/ocantinhodoscabrais.pt\/#website","url":"https:\/\/ocantinhodoscabrais.pt\/","name":"O Cantinho dos Cabrais","description":"Sinta a Natureza","publisher":{"@id":"https:\/\/ocantinhodoscabrais.pt\/#organization"},"potentialAction":[{"@type":"SearchAction","target":{"@type":"EntryPoint","urlTemplate":"https:\/\/ocantinhodoscabrais.pt\/?s={search_term_string}"},"query-input":"required name=search_term_string"}],"inLanguage":"es"},{"@type":"Organization","@id":"https:\/\/ocantinhodoscabrais.pt\/#organization","name":"O Cantinho dos Cabrais","url":"https:\/\/ocantinhodoscabrais.pt\/","logo":{"@type":"ImageObject","inLanguage":"es","@id":"https:\/\/ocantinhodoscabrais.pt\/#\/schema\/logo\/image\/","url":"https:\/\/ocantinhodoscabrais.pt\/wp-content\/uploads\/2023\/02\/cropped-logo_horizontal.fw_.png","contentUrl":"https:\/\/ocantinhodoscabrais.pt\/wp-content\/uploads\/2023\/02\/cropped-logo_horizontal.fw_.png","width":563,"height":109,"caption":"O Cantinho dos Cabrais"},"image":{"@id":"https:\/\/ocantinhodoscabrais.pt\/#\/schema\/logo\/image\/"}}]}},"_links":{"self":[{"href":"https:\/\/ocantinhodoscabrais.pt\/es\/wp-json\/wp\/v2\/pages\/2529"}],"collection":[{"href":"https:\/\/ocantinhodoscabrais.pt\/es\/wp-json\/wp\/v2\/pages"}],"about":[{"href":"https:\/\/ocantinhodoscabrais.pt\/es\/wp-json\/wp\/v2\/types\/page"}],"author":[{"embeddable":true,"href":"https:\/\/ocantinhodoscabrais.pt\/es\/wp-json\/wp\/v2\/users\/1"}],"replies":[{"embeddable":true,"href":"https:\/\/ocantinhodoscabrais.pt\/es\/wp-json\/wp\/v2\/comments?post=2529"}],"version-history":[{"count":2,"href":"https:\/\/ocantinhodoscabrais.pt\/es\/wp-json\/wp\/v2\/pages\/2529\/revisions"}],"predecessor-version":[{"id":3037,"href":"https:\/\/ocantinhodoscabrais.pt\/es\/wp-json\/wp\/v2\/pages\/2529\/revisions\/3037"}],"wp:attachment":[{"href":"https:\/\/ocantinhodoscabrais.pt\/es\/wp-json\/wp\/v2\/media?parent=2529"}],"curies":[{"name":"wp","href":"https:\/\/api.w.org\/{rel}","templated":true}]}}