{"id":2533,"date":"2019-09-17T11:28:45","date_gmt":"2019-09-17T10:28:45","guid":{"rendered":"http:\/\/ocantinhodoscabrais.pt\/spa-o-cantinho-dos-cabrais\/"},"modified":"2023-03-30T08:13:16","modified_gmt":"2023-03-30T08:13:16","slug":"spa-o-cantinho-dos-cabrais","status":"publish","type":"page","link":"https:\/\/ocantinhodoscabrais.pt\/es\/spa-o-cantinho-dos-cabrais\/","title":{"rendered":"Spa &#8211; O Cantinho dos Cabrais"},"content":{"rendered":"\n<div class=\"wp-block-getwid-section getwid-margin-top-none getwid-section-content-custom-width\"><div class=\"wp-block-getwid-section__wrapper getwid-padding-left-none getwid-padding-right-none\" style=\"padding-top:30px;padding-bottom:20px\"><div class=\"wp-block-getwid-section__inner-wrapper\" style=\"max-width:892px\"><div class=\"wp-block-getwid-section__background-holder\"><div class=\"wp-block-getwid-section__background\"><\/div><div class=\"wp-block-getwid-section__foreground\"><\/div><\/div><div class=\"wp-block-getwid-section__content\"><div class=\"wp-block-getwid-section__inner-content\">\n<div class=\"wp-block-getwid-advanced-heading has-custom-font-size\" style=\"font-size:30px;margin-bottom:10px\"><h4 class=\"wp-block-getwid-advanced-heading__content\" style=\"text-align:center\">Ventajas de nuestro Spa<\/h4><\/div>\n<\/div><\/div><\/div><\/div><\/div>\n\n<div class=\"wp-block-columns has-2-columns is-layout-flex wp-container-core-columns-layout-1 wp-block-columns-is-layout-flex\">\n<div class=\"wp-block-column is-layout-flow wp-block-column-is-layout-flow\">\n<div class=\"wp-block-getwid-section is-style-with-shadow\"><div class=\"wp-block-getwid-section__wrapper getwid-padding-top-medium getwid-padding-bottom-medium getwid-padding-left-medium getwid-padding-right-medium\"><div class=\"wp-block-getwid-section__inner-wrapper\"><div class=\"wp-block-getwid-section__background-holder\"><div class=\"wp-block-getwid-section__background has-background has-white-background-color\"><\/div><div class=\"wp-block-getwid-section__foreground\"><\/div><\/div><div class=\"wp-block-getwid-section__content\"><div class=\"wp-block-getwid-section__inner-content\">\n<div class=\"wp-block-getwid-image-box has-image-left has-text-left has-mobile-layout-column has-mobile-alignment-center\"><div class=\"wp-block-getwid-image-box__image-container is-position-middle\"><div class=\"wp-block-getwid-image-box__image-wrapper\"><img fetchpriority=\"high\" decoding=\"async\" width=\"1280\" height=\"720\" src=\"http:\/\/ocantinhodoscabrais.pt\/wp-content\/uploads\/2023\/03\/OUT_OF_FRAME-184.jpg\" alt=\"\" class=\"wp-block-getwid-image-box__image wp-image-2757\" srcset=\"https:\/\/ocantinhodoscabrais.pt\/wp-content\/uploads\/2023\/03\/OUT_OF_FRAME-184.jpg 1280w, https:\/\/ocantinhodoscabrais.pt\/wp-content\/uploads\/2023\/03\/OUT_OF_FRAME-184-300x169.jpg 300w, https:\/\/ocantinhodoscabrais.pt\/wp-content\/uploads\/2023\/03\/OUT_OF_FRAME-184-1024x576.jpg 1024w, https:\/\/ocantinhodoscabrais.pt\/wp-content\/uploads\/2023\/03\/OUT_OF_FRAME-184-768x432.jpg 768w, https:\/\/ocantinhodoscabrais.pt\/wp-content\/uploads\/2023\/03\/OUT_OF_FRAME-184-892x502.jpg 892w, https:\/\/ocantinhodoscabrais.pt\/wp-content\/uploads\/2023\/03\/OUT_OF_FRAME-184-600x338.jpg 600w\" sizes=\"(max-width: 1280px) 100vw, 1280px\" \/><\/div><\/div><div class=\"wp-block-getwid-image-box__content\">\n<div class=\"wp-block-getwid-advanced-heading\" style=\"margin-bottom:15px\"><h4 class=\"wp-block-getwid-advanced-heading__content\">Relajaci\u00f3n y Reducci\u00f3n del Estr\u00e9s:<\/h4><\/div>\n\n\n\n<p style=\"font-size:14px\">Un spa es un ambiente tranquilo y relajante donde los hu\u00e9spedes pueden relajarse y aliviar el estr\u00e9s. <\/p>\n\n\n\n<p style=\"font-size:14px\">Al experimentar esta experiencia, puede reducir la tensi\u00f3n muscular y mental, mejorar la circulaci\u00f3n sangu\u00ednea y reducir los niveles de cortisol, la hormona del estr\u00e9s.<\/p>\n<\/div><\/div>\n<\/div><\/div><\/div><\/div><\/div>\n\n\n\n<div class=\"wp-block-getwid-section is-style-with-shadow\"><div class=\"wp-block-getwid-section__wrapper getwid-padding-top-medium getwid-padding-bottom-medium getwid-padding-left-medium getwid-padding-right-medium\"><div class=\"wp-block-getwid-section__inner-wrapper\"><div class=\"wp-block-getwid-section__background-holder\"><div class=\"wp-block-getwid-section__background has-background has-white-background-color\"><\/div><div class=\"wp-block-getwid-section__foreground\"><\/div><\/div><div class=\"wp-block-getwid-section__content\"><div class=\"wp-block-getwid-section__inner-content\">\n<div class=\"wp-block-getwid-image-box has-image-left has-text-left has-mobile-layout-column has-mobile-alignment-center\"><div class=\"wp-block-getwid-image-box__image-container is-position-middle\"><div class=\"wp-block-getwid-image-box__image-wrapper\"><img decoding=\"async\" width=\"1280\" height=\"720\" src=\"http:\/\/ocantinhodoscabrais.pt\/wp-content\/uploads\/2023\/03\/BS_Photo-7093.jpg\" alt=\"\" class=\"wp-block-getwid-image-box__image wp-image-2762\" srcset=\"https:\/\/ocantinhodoscabrais.pt\/wp-content\/uploads\/2023\/03\/BS_Photo-7093.jpg 1280w, https:\/\/ocantinhodoscabrais.pt\/wp-content\/uploads\/2023\/03\/BS_Photo-7093-300x169.jpg 300w, https:\/\/ocantinhodoscabrais.pt\/wp-content\/uploads\/2023\/03\/BS_Photo-7093-1024x576.jpg 1024w, https:\/\/ocantinhodoscabrais.pt\/wp-content\/uploads\/2023\/03\/BS_Photo-7093-768x432.jpg 768w, https:\/\/ocantinhodoscabrais.pt\/wp-content\/uploads\/2023\/03\/BS_Photo-7093-892x502.jpg 892w, https:\/\/ocantinhodoscabrais.pt\/wp-content\/uploads\/2023\/03\/BS_Photo-7093-600x338.jpg 600w\" sizes=\"(max-width: 1280px) 100vw, 1280px\" \/><\/div><\/div><div class=\"wp-block-getwid-image-box__content\">\n<div class=\"wp-block-getwid-advanced-heading\" style=\"margin-bottom:15px\"><h4 class=\"wp-block-getwid-advanced-heading__content\">Mejorar la salud f\u00edsica:<\/h4><\/div>\n\n\n\n<p style=\"font-size:14px\">Mejora la circulaci\u00f3n sangu\u00ednea, reduce el dolor muscular y articular y mejora la salud de la piel. <\/p>\n\n\n\n<p style=\"font-size:14px\">Siente el agua caliente, entra en la sauna, date un ba\u00f1o de vapor y disfruta de la sensaci\u00f3n de calor.<\/p>\n<\/div><\/div>\n<\/div><\/div><\/div><\/div><\/div>\n\n\n\n<div class=\"wp-block-getwid-section is-style-with-shadow\"><div class=\"wp-block-getwid-section__wrapper getwid-padding-top-medium getwid-padding-bottom-medium getwid-padding-left-medium getwid-padding-right-medium\"><div class=\"wp-block-getwid-section__inner-wrapper\"><div class=\"wp-block-getwid-section__background-holder\"><div class=\"wp-block-getwid-section__background has-background has-white-background-color\"><\/div><div class=\"wp-block-getwid-section__foreground\"><\/div><\/div><div class=\"wp-block-getwid-section__content\"><div class=\"wp-block-getwid-section__inner-content\">\n<div class=\"wp-block-getwid-image-box has-image-left has-text-left has-mobile-layout-column has-mobile-alignment-center\"><div class=\"wp-block-getwid-image-box__image-container is-position-middle\"><div class=\"wp-block-getwid-image-box__image-wrapper\"><img decoding=\"async\" width=\"1280\" height=\"720\" src=\"http:\/\/ocantinhodoscabrais.pt\/wp-content\/uploads\/2023\/03\/OUT_OF_FRAME-212.jpg\" alt=\"\" class=\"wp-block-getwid-image-box__image wp-image-2767\" srcset=\"https:\/\/ocantinhodoscabrais.pt\/wp-content\/uploads\/2023\/03\/OUT_OF_FRAME-212.jpg 1280w, https:\/\/ocantinhodoscabrais.pt\/wp-content\/uploads\/2023\/03\/OUT_OF_FRAME-212-300x169.jpg 300w, https:\/\/ocantinhodoscabrais.pt\/wp-content\/uploads\/2023\/03\/OUT_OF_FRAME-212-1024x576.jpg 1024w, https:\/\/ocantinhodoscabrais.pt\/wp-content\/uploads\/2023\/03\/OUT_OF_FRAME-212-768x432.jpg 768w, https:\/\/ocantinhodoscabrais.pt\/wp-content\/uploads\/2023\/03\/OUT_OF_FRAME-212-892x502.jpg 892w, https:\/\/ocantinhodoscabrais.pt\/wp-content\/uploads\/2023\/03\/OUT_OF_FRAME-212-600x338.jpg 600w\" sizes=\"(max-width: 1280px) 100vw, 1280px\" \/><\/div><\/div><div class=\"wp-block-getwid-image-box__content\">\n<div class=\"wp-block-getwid-advanced-heading\" style=\"margin-bottom:15px\"><h4 class=\"wp-block-getwid-advanced-heading__content\">Renovaci\u00f3n y Rejuvenecimiento:<\/h4><\/div>\n\n\n\n<p style=\"font-size:14px\">Adem\u00e1s de ayudarlo a relajarse y mejorar su salud f\u00edsica, un spa puede ayudarlo a renovar y rejuvenecer su cuerpo y mente. <\/p>\n\n\n\n<p style=\"font-size:14px\">Mejorar la apariencia y la sensaci\u00f3n general de bienestar.<\/p>\n<\/div><\/div>\n<\/div><\/div><\/div><\/div><\/div>\n\n\n\n<div class=\"wp-block-getwid-section is-style-with-shadow\"><div class=\"wp-block-getwid-section__wrapper getwid-padding-top-medium getwid-padding-bottom-medium getwid-padding-left-medium getwid-padding-right-medium\"><div class=\"wp-block-getwid-section__inner-wrapper\"><div class=\"wp-block-getwid-section__background-holder\"><div class=\"wp-block-getwid-section__background has-background has-white-background-color\"><\/div><div class=\"wp-block-getwid-section__foreground\"><\/div><\/div><div class=\"wp-block-getwid-section__content\"><div class=\"wp-block-getwid-section__inner-content\">\n<div class=\"wp-block-getwid-image-box has-image-left has-text-left has-mobile-layout-column has-mobile-alignment-center\"><div class=\"wp-block-getwid-image-box__image-container is-position-middle\"><div class=\"wp-block-getwid-image-box__image-wrapper\"><img loading=\"lazy\" decoding=\"async\" width=\"1280\" height=\"720\" src=\"http:\/\/ocantinhodoscabrais.pt\/wp-content\/uploads\/2023\/03\/OUT_OF_FRAME-193.jpg\" alt=\"\" class=\"wp-block-getwid-image-box__image wp-image-2772\" srcset=\"https:\/\/ocantinhodoscabrais.pt\/wp-content\/uploads\/2023\/03\/OUT_OF_FRAME-193.jpg 1280w, https:\/\/ocantinhodoscabrais.pt\/wp-content\/uploads\/2023\/03\/OUT_OF_FRAME-193-300x169.jpg 300w, https:\/\/ocantinhodoscabrais.pt\/wp-content\/uploads\/2023\/03\/OUT_OF_FRAME-193-1024x576.jpg 1024w, https:\/\/ocantinhodoscabrais.pt\/wp-content\/uploads\/2023\/03\/OUT_OF_FRAME-193-768x432.jpg 768w, https:\/\/ocantinhodoscabrais.pt\/wp-content\/uploads\/2023\/03\/OUT_OF_FRAME-193-892x502.jpg 892w, https:\/\/ocantinhodoscabrais.pt\/wp-content\/uploads\/2023\/03\/OUT_OF_FRAME-193-600x338.jpg 600w\" sizes=\"(max-width: 1280px) 100vw, 1280px\" \/><\/div><\/div><div class=\"wp-block-getwid-image-box__content\">\n<div class=\"wp-block-getwid-advanced-heading\" style=\"margin-bottom:15px\"><h4 class=\"wp-block-getwid-advanced-heading__content\">Un momento especial de intimidad.<\/h4><\/div>\n\n\n\n<p style=\"font-size:14px\">Disfruta y descansa con tu media naranja. Mientras est\u00e1n juntos dentro del Spa, pueden pararse en el balc\u00f3n y disfrutar de la vista. <\/p>\n\n\n\n<p style=\"font-size:14px\">Pruebe los bocadillos y productos gastron\u00f3micos locales, mientras bebe un buen vino o champ\u00e1n.<\/p>\n<\/div><\/div>\n<\/div><\/div><\/div><\/div><\/div>\n<\/div>\n<\/div>\n\n<div style=\"height:40px\" aria-hidden=\"true\" class=\"wp-block-spacer\"><\/div>\n\n<div class=\"wp-block-getwid-advanced-heading has-custom-font-size\" style=\"font-size:20px;margin-bottom:10px\"><h4 class=\"wp-block-getwid-advanced-heading__content\" style=\"text-align:center\">Prueba nuestro Spa &#8211; \u00a1Haz tu reserva y vis\u00edtanos!<\/h4><\/div>\n\n<div style=\"height:14px\" aria-hidden=\"true\" class=\"wp-block-spacer\"><\/div>\n\n<div class=\"wp-block-buttons is-content-justification-center is-layout-flex wp-container-core-buttons-layout-1 wp-block-buttons-is-layout-flex\">\n<div class=\"wp-block-button\"><a class=\"wp-block-button__link wp-element-button\" href=\"http:\/\/ocantinhodoscabrais.pt\/es\/habitaciones-y-apartamentos\/\">Reservar un alojamiento<\/a><\/div>\n<\/div>\n\n<div style=\"height:52px\" aria-hidden=\"true\" class=\"wp-block-spacer\"><\/div>\n\n<div class=\"wp-block-columns has-4-columns is-layout-flex wp-container-core-columns-layout-2 wp-block-columns-is-layout-flex\">\n<div class=\"wp-block-column is-layout-flow wp-block-column-is-layout-flow\">\n<figure class=\"wp-block-image size-large\"><img loading=\"lazy\" decoding=\"async\" width=\"1024\" height=\"576\" src=\"http:\/\/ocantinhodoscabrais.pt\/wp-content\/uploads\/2023\/03\/OUT_OF_FRAME-156-1024x576.jpg\" alt=\"\" class=\"wp-image-2777\" srcset=\"https:\/\/ocantinhodoscabrais.pt\/wp-content\/uploads\/2023\/03\/OUT_OF_FRAME-156-1024x576.jpg 1024w, https:\/\/ocantinhodoscabrais.pt\/wp-content\/uploads\/2023\/03\/OUT_OF_FRAME-156-300x169.jpg 300w, https:\/\/ocantinhodoscabrais.pt\/wp-content\/uploads\/2023\/03\/OUT_OF_FRAME-156-768x432.jpg 768w, https:\/\/ocantinhodoscabrais.pt\/wp-content\/uploads\/2023\/03\/OUT_OF_FRAME-156-892x502.jpg 892w, https:\/\/ocantinhodoscabrais.pt\/wp-content\/uploads\/2023\/03\/OUT_OF_FRAME-156-600x338.jpg 600w, https:\/\/ocantinhodoscabrais.pt\/wp-content\/uploads\/2023\/03\/OUT_OF_FRAME-156.jpg 1280w\" sizes=\"(max-width: 1024px) 100vw, 1024px\" \/><\/figure>\n\n\n\n<figure class=\"wp-block-image size-large\"><img loading=\"lazy\" decoding=\"async\" width=\"1024\" height=\"576\" src=\"http:\/\/ocantinhodoscabrais.pt\/wp-content\/uploads\/2023\/03\/OUT_OF_FRAME-183-1024x576.jpg\" alt=\"\" class=\"wp-image-2792\" srcset=\"https:\/\/ocantinhodoscabrais.pt\/wp-content\/uploads\/2023\/03\/OUT_OF_FRAME-183-1024x576.jpg 1024w, https:\/\/ocantinhodoscabrais.pt\/wp-content\/uploads\/2023\/03\/OUT_OF_FRAME-183-300x169.jpg 300w, https:\/\/ocantinhodoscabrais.pt\/wp-content\/uploads\/2023\/03\/OUT_OF_FRAME-183-768x432.jpg 768w, https:\/\/ocantinhodoscabrais.pt\/wp-content\/uploads\/2023\/03\/OUT_OF_FRAME-183-892x502.jpg 892w, https:\/\/ocantinhodoscabrais.pt\/wp-content\/uploads\/2023\/03\/OUT_OF_FRAME-183-600x338.jpg 600w, https:\/\/ocantinhodoscabrais.pt\/wp-content\/uploads\/2023\/03\/OUT_OF_FRAME-183.jpg 1280w\" sizes=\"(max-width: 1024px) 100vw, 1024px\" \/><\/figure>\n<\/div>\n\n\n\n<div class=\"wp-block-column is-layout-flow wp-block-column-is-layout-flow\">\n<figure class=\"wp-block-image size-large\"><img loading=\"lazy\" decoding=\"async\" width=\"1024\" height=\"576\" src=\"http:\/\/ocantinhodoscabrais.pt\/wp-content\/uploads\/2023\/03\/Foto-1-1024x576.png\" alt=\"\" class=\"wp-image-2803\" srcset=\"https:\/\/ocantinhodoscabrais.pt\/wp-content\/uploads\/2023\/03\/Foto-1-1024x576.png 1024w, https:\/\/ocantinhodoscabrais.pt\/wp-content\/uploads\/2023\/03\/Foto-1-300x169.png 300w, https:\/\/ocantinhodoscabrais.pt\/wp-content\/uploads\/2023\/03\/Foto-1-768x432.png 768w, https:\/\/ocantinhodoscabrais.pt\/wp-content\/uploads\/2023\/03\/Foto-1-892x502.png 892w, https:\/\/ocantinhodoscabrais.pt\/wp-content\/uploads\/2023\/03\/Foto-1-600x338.png 600w, https:\/\/ocantinhodoscabrais.pt\/wp-content\/uploads\/2023\/03\/Foto-1.png 1280w\" sizes=\"(max-width: 1024px) 100vw, 1024px\" \/><\/figure>\n\n\n\n<figure class=\"wp-block-image size-large\"><img loading=\"lazy\" decoding=\"async\" width=\"1024\" height=\"576\" src=\"http:\/\/ocantinhodoscabrais.pt\/wp-content\/uploads\/2023\/03\/OUT_OF_FRAME-221-1024x576.jpg\" alt=\"\" class=\"wp-image-2782\" srcset=\"https:\/\/ocantinhodoscabrais.pt\/wp-content\/uploads\/2023\/03\/OUT_OF_FRAME-221-1024x576.jpg 1024w, https:\/\/ocantinhodoscabrais.pt\/wp-content\/uploads\/2023\/03\/OUT_OF_FRAME-221-300x169.jpg 300w, https:\/\/ocantinhodoscabrais.pt\/wp-content\/uploads\/2023\/03\/OUT_OF_FRAME-221-768x432.jpg 768w, https:\/\/ocantinhodoscabrais.pt\/wp-content\/uploads\/2023\/03\/OUT_OF_FRAME-221-892x502.jpg 892w, https:\/\/ocantinhodoscabrais.pt\/wp-content\/uploads\/2023\/03\/OUT_OF_FRAME-221-600x338.jpg 600w, https:\/\/ocantinhodoscabrais.pt\/wp-content\/uploads\/2023\/03\/OUT_OF_FRAME-221.jpg 1280w\" sizes=\"(max-width: 1024px) 100vw, 1024px\" \/><\/figure>\n<\/div>\n\n\n\n<div class=\"wp-block-column is-layout-flow wp-block-column-is-layout-flow\">\n<figure class=\"wp-block-image size-large\"><img loading=\"lazy\" decoding=\"async\" width=\"1024\" height=\"576\" src=\"http:\/\/ocantinhodoscabrais.pt\/wp-content\/uploads\/2023\/03\/OUT_OF_FRAME-149-1024x576.jpg\" alt=\"\" class=\"wp-image-2787\" srcset=\"https:\/\/ocantinhodoscabrais.pt\/wp-content\/uploads\/2023\/03\/OUT_OF_FRAME-149-1024x576.jpg 1024w, https:\/\/ocantinhodoscabrais.pt\/wp-content\/uploads\/2023\/03\/OUT_OF_FRAME-149-300x169.jpg 300w, https:\/\/ocantinhodoscabrais.pt\/wp-content\/uploads\/2023\/03\/OUT_OF_FRAME-149-768x432.jpg 768w, https:\/\/ocantinhodoscabrais.pt\/wp-content\/uploads\/2023\/03\/OUT_OF_FRAME-149-892x502.jpg 892w, https:\/\/ocantinhodoscabrais.pt\/wp-content\/uploads\/2023\/03\/OUT_OF_FRAME-149-600x338.jpg 600w, https:\/\/ocantinhodoscabrais.pt\/wp-content\/uploads\/2023\/03\/OUT_OF_FRAME-149.jpg 1280w\" sizes=\"(max-width: 1024px) 100vw, 1024px\" \/><\/figure>\n\n\n\n<figure class=\"wp-block-image size-large\"><img loading=\"lazy\" decoding=\"async\" width=\"1024\" height=\"576\" src=\"http:\/\/ocantinhodoscabrais.pt\/wp-content\/uploads\/2023\/03\/OUT_OF_FRAME-152-1-1024x576.jpg\" alt=\"\" class=\"wp-image-2797\" srcset=\"https:\/\/ocantinhodoscabrais.pt\/wp-content\/uploads\/2023\/03\/OUT_OF_FRAME-152-1-1024x576.jpg 1024w, https:\/\/ocantinhodoscabrais.pt\/wp-content\/uploads\/2023\/03\/OUT_OF_FRAME-152-1-300x169.jpg 300w, https:\/\/ocantinhodoscabrais.pt\/wp-content\/uploads\/2023\/03\/OUT_OF_FRAME-152-1-768x432.jpg 768w, https:\/\/ocantinhodoscabrais.pt\/wp-content\/uploads\/2023\/03\/OUT_OF_FRAME-152-1-892x502.jpg 892w, https:\/\/ocantinhodoscabrais.pt\/wp-content\/uploads\/2023\/03\/OUT_OF_FRAME-152-1-600x338.jpg 600w, https:\/\/ocantinhodoscabrais.pt\/wp-content\/uploads\/2023\/03\/OUT_OF_FRAME-152-1.jpg 1280w\" sizes=\"(max-width: 1024px) 100vw, 1024px\" \/><\/figure>\n<\/div>\n<\/div>\n","protected":false},"excerpt":{"rendered":"","protected":false},"author":1,"featured_media":2941,"parent":0,"menu_order":0,"comment_status":"closed","ping_status":"closed","template":"template-wide-page.php","meta":{"_acf_changed":false,"inline_featured_image":false,"footnotes":""},"acf":[],"yoast_head":"<!-- This site is optimized with the Yoast SEO Premium plugin v19.5 (Yoast SEO v20.7) - https:\/\/yoast.com\/wordpress\/plugins\/seo\/ -->\n<title>-<\/title>\n<meta name=\"robots\" content=\"index, follow, max-snippet:-1, max-image-preview:large, max-video-preview:-1\" \/>\n<link rel=\"canonical\" href=\"https:\/\/ocantinhodoscabrais.pt\/es\/spa-o-cantinho-dos-cabrais\/\" \/>\n<meta property=\"og:locale\" content=\"es_ES\" \/>\n<meta property=\"og:type\" content=\"article\" \/>\n<meta property=\"og:title\" content=\"Spa - O Cantinho dos Cabrais\" \/>\n<meta property=\"og:url\" content=\"https:\/\/ocantinhodoscabrais.pt\/es\/spa-o-cantinho-dos-cabrais\/\" \/>\n<meta property=\"og:site_name\" content=\"O Cantinho dos Cabrais\" \/>\n<meta property=\"article:modified_time\" content=\"2023-03-30T08:13:16+00:00\" \/>\n<meta property=\"og:image\" content=\"https:\/\/ocantinhodoscabrais.pt\/wp-content\/uploads\/2023\/03\/WhatsApp-Image-2023-03-09-at-12.41.49.jpeg\" \/>\n\t<meta property=\"og:image:width\" content=\"1280\" \/>\n\t<meta property=\"og:image:height\" content=\"720\" \/>\n\t<meta property=\"og:image:type\" content=\"image\/jpeg\" \/>\n<meta name=\"twitter:card\" content=\"summary_large_image\" \/>\n<meta name=\"twitter:label1\" content=\"Tiempo de lectura\" \/>\n\t<meta name=\"twitter:data1\" content=\"1 minuto\" \/>\n<script type=\"application\/ld+json\" class=\"yoast-schema-graph\">{\"@context\":\"https:\/\/schema.org\",\"@graph\":[{\"@type\":\"WebPage\",\"@id\":\"https:\/\/ocantinhodoscabrais.pt\/es\/spa-o-cantinho-dos-cabrais\/\",\"url\":\"https:\/\/ocantinhodoscabrais.pt\/es\/spa-o-cantinho-dos-cabrais\/\",\"name\":\"-\",\"isPartOf\":{\"@id\":\"https:\/\/ocantinhodoscabrais.pt\/#website\"},\"datePublished\":\"2019-09-17T10:28:45+00:00\",\"dateModified\":\"2023-03-30T08:13:16+00:00\",\"breadcrumb\":{\"@id\":\"https:\/\/ocantinhodoscabrais.pt\/es\/spa-o-cantinho-dos-cabrais\/#breadcrumb\"},\"inLanguage\":\"es\",\"potentialAction\":[{\"@type\":\"ReadAction\",\"target\":[\"https:\/\/ocantinhodoscabrais.pt\/es\/spa-o-cantinho-dos-cabrais\/\"]}]},{\"@type\":\"BreadcrumbList\",\"@id\":\"https:\/\/ocantinhodoscabrais.pt\/es\/spa-o-cantinho-dos-cabrais\/#breadcrumb\",\"itemListElement\":[{\"@type\":\"ListItem\",\"position\":1,\"name\":\"In\u00edcio\",\"item\":\"https:\/\/ocantinhodoscabrais.pt\/es\/\"},{\"@type\":\"ListItem\",\"position\":2,\"name\":\"Spa &#8211; O Cantinho dos Cabrais\"}]},{\"@type\":\"WebSite\",\"@id\":\"https:\/\/ocantinhodoscabrais.pt\/#website\",\"url\":\"https:\/\/ocantinhodoscabrais.pt\/\",\"name\":\"O Cantinho dos Cabrais\",\"description\":\"Sinta a Natureza\",\"publisher\":{\"@id\":\"https:\/\/ocantinhodoscabrais.pt\/#organization\"},\"potentialAction\":[{\"@type\":\"SearchAction\",\"target\":{\"@type\":\"EntryPoint\",\"urlTemplate\":\"https:\/\/ocantinhodoscabrais.pt\/?s={search_term_string}\"},\"query-input\":\"required name=search_term_string\"}],\"inLanguage\":\"es\"},{\"@type\":\"Organization\",\"@id\":\"https:\/\/ocantinhodoscabrais.pt\/#organization\",\"name\":\"O Cantinho dos Cabrais\",\"url\":\"https:\/\/ocantinhodoscabrais.pt\/\",\"logo\":{\"@type\":\"ImageObject\",\"inLanguage\":\"es\",\"@id\":\"https:\/\/ocantinhodoscabrais.pt\/#\/schema\/logo\/image\/\",\"url\":\"https:\/\/ocantinhodoscabrais.pt\/wp-content\/uploads\/2023\/02\/cropped-logo_horizontal.fw_.png\",\"contentUrl\":\"https:\/\/ocantinhodoscabrais.pt\/wp-content\/uploads\/2023\/02\/cropped-logo_horizontal.fw_.png\",\"width\":563,\"height\":109,\"caption\":\"O Cantinho dos Cabrais\"},\"image\":{\"@id\":\"https:\/\/ocantinhodoscabrais.pt\/#\/schema\/logo\/image\/\"}}]}<\/script>\n<!-- \/ Yoast SEO Premium plugin. -->","yoast_head_json":{"title":"-","robots":{"index":"index","follow":"follow","max-snippet":"max-snippet:-1","max-image-preview":"max-image-preview:large","max-video-preview":"max-video-preview:-1"},"canonical":"https:\/\/ocantinhodoscabrais.pt\/es\/spa-o-cantinho-dos-cabrais\/","og_locale":"es_ES","og_type":"article","og_title":"Spa - O Cantinho dos Cabrais","og_url":"https:\/\/ocantinhodoscabrais.pt\/es\/spa-o-cantinho-dos-cabrais\/","og_site_name":"O Cantinho dos Cabrais","article_modified_time":"2023-03-30T08:13:16+00:00","og_image":[{"width":1280,"height":720,"url":"https:\/\/ocantinhodoscabrais.pt\/wp-content\/uploads\/2023\/03\/WhatsApp-Image-2023-03-09-at-12.41.49.jpeg","type":"image\/jpeg"}],"twitter_card":"summary_large_image","twitter_misc":{"Tiempo de lectura":"1 minuto"},"schema":{"@context":"https:\/\/schema.org","@graph":[{"@type":"WebPage","@id":"https:\/\/ocantinhodoscabrais.pt\/es\/spa-o-cantinho-dos-cabrais\/","url":"https:\/\/ocantinhodoscabrais.pt\/es\/spa-o-cantinho-dos-cabrais\/","name":"-","isPartOf":{"@id":"https:\/\/ocantinhodoscabrais.pt\/#website"},"datePublished":"2019-09-17T10:28:45+00:00","dateModified":"2023-03-30T08:13:16+00:00","breadcrumb":{"@id":"https:\/\/ocantinhodoscabrais.pt\/es\/spa-o-cantinho-dos-cabrais\/#breadcrumb"},"inLanguage":"es","potentialAction":[{"@type":"ReadAction","target":["https:\/\/ocantinhodoscabrais.pt\/es\/spa-o-cantinho-dos-cabrais\/"]}]},{"@type":"BreadcrumbList","@id":"https:\/\/ocantinhodoscabrais.pt\/es\/spa-o-cantinho-dos-cabrais\/#breadcrumb","itemListElement":[{"@type":"ListItem","position":1,"name":"In\u00edcio","item":"https:\/\/ocantinhodoscabrais.pt\/es\/"},{"@type":"ListItem","position":2,"name":"Spa &#8211; O Cantinho dos Cabrais"}]},{"@type":"WebSite","@id":"https:\/\/ocantinhodoscabrais.pt\/#website","url":"https:\/\/ocantinhodoscabrais.pt\/","name":"O Cantinho dos Cabrais","description":"Sinta a Natureza","publisher":{"@id":"https:\/\/ocantinhodoscabrais.pt\/#organization"},"potentialAction":[{"@type":"SearchAction","target":{"@type":"EntryPoint","urlTemplate":"https:\/\/ocantinhodoscabrais.pt\/?s={search_term_string}"},"query-input":"required name=search_term_string"}],"inLanguage":"es"},{"@type":"Organization","@id":"https:\/\/ocantinhodoscabrais.pt\/#organization","name":"O Cantinho dos Cabrais","url":"https:\/\/ocantinhodoscabrais.pt\/","logo":{"@type":"ImageObject","inLanguage":"es","@id":"https:\/\/ocantinhodoscabrais.pt\/#\/schema\/logo\/image\/","url":"https:\/\/ocantinhodoscabrais.pt\/wp-content\/uploads\/2023\/02\/cropped-logo_horizontal.fw_.png","contentUrl":"https:\/\/ocantinhodoscabrais.pt\/wp-content\/uploads\/2023\/02\/cropped-logo_horizontal.fw_.png","width":563,"height":109,"caption":"O Cantinho dos Cabrais"},"image":{"@id":"https:\/\/ocantinhodoscabrais.pt\/#\/schema\/logo\/image\/"}}]}},"_links":{"self":[{"href":"https:\/\/ocantinhodoscabrais.pt\/es\/wp-json\/wp\/v2\/pages\/2533"}],"collection":[{"href":"https:\/\/ocantinhodoscabrais.pt\/es\/wp-json\/wp\/v2\/pages"}],"about":[{"href":"https:\/\/ocantinhodoscabrais.pt\/es\/wp-json\/wp\/v2\/types\/page"}],"author":[{"embeddable":true,"href":"https:\/\/ocantinhodoscabrais.pt\/es\/wp-json\/wp\/v2\/users\/1"}],"replies":[{"embeddable":true,"href":"https:\/\/ocantinhodoscabrais.pt\/es\/wp-json\/wp\/v2\/comments?post=2533"}],"version-history":[{"count":4,"href":"https:\/\/ocantinhodoscabrais.pt\/es\/wp-json\/wp\/v2\/pages\/2533\/revisions"}],"predecessor-version":[{"id":3047,"href":"https:\/\/ocantinhodoscabrais.pt\/es\/wp-json\/wp\/v2\/pages\/2533\/revisions\/3047"}],"wp:featuredmedia":[{"embeddable":true,"href":"https:\/\/ocantinhodoscabrais.pt\/es\/wp-json\/wp\/v2\/media\/2941"}],"wp:attachment":[{"href":"https:\/\/ocantinhodoscabrais.pt\/es\/wp-json\/wp\/v2\/media?parent=2533"}],"curies":[{"name":"wp","href":"https:\/\/api.w.org\/{rel}","templated":true}]}}