{"id":2549,"date":"2019-10-10T14:19:16","date_gmt":"2019-10-10T14:19:16","guid":{"rendered":"http:\/\/ocantinhodoscabrais.pt\/terminos-y-condiciones\/"},"modified":"2019-10-10T14:19:16","modified_gmt":"2019-10-10T14:19:16","slug":"terminos-y-condiciones","status":"publish","type":"page","link":"https:\/\/ocantinhodoscabrais.pt\/es\/terminos-y-condiciones\/","title":{"rendered":"T\u00e9rminos y Condiciones"},"content":{"rendered":"\n<div style=\"height:43px\" aria-hidden=\"true\" class=\"wp-block-spacer\"><\/div>\n\n\n\n<p><strong>CONDICIONES DE RESERVA<\/strong><\/p>\n\n\n\n<p>M\u00e9todos de pago:<\/p>\n\n\n\n<p>El pago se realiza mediante tarjeta de cr\u00e9dito\/d\u00e9bito v\u00e1lida o transferencia bancaria.<\/p>\n\n\n\n<p>Cantinho dos Cabrais se reserva el derecho de no aceptar cheques como forma de pago.<\/p>\n\n\n\n<p><strong>Cancelamentos<\/strong>:<\/p>\n\n\n\n<p>Tarifa Cancelaci\u00f3n Gratuita &#8211; Hasta 5 d\u00edas antes de la fecha de entrada, se devolver\u00e1 el importe total de la reserva;<\/p>\n\n\n\n<p>Tasa de cancelaci\u00f3n cobrada- Hasta 3 d\u00edas antes de la fecha de check-in, se reembolsar\u00e1 el 50% del monto de la reserva; hasta 2 d\u00edas o menos antes de la fecha de Check-in, no se devolver\u00e1 ning\u00fan importe;<\/p>\n\n\n\n<p>En caso de no show (no show) o cancelaci\u00f3n durante la estancia, no se devolver\u00e1 ning\u00fan importe;<\/p>\n\n\n\n<p>Las condiciones de reserva o cancelaci\u00f3n pueden cambiar durante temporadas festivas, promociones, estancias prolongadas o grupos;<\/p>\n\n\n\n<p><strong>Mas informaciones:<\/strong><\/p>\n\n\n\n<p>Entrada de 15:30 a 21:00. (Si no puede llegar antes de las 21:00, debe informarnos con anticipaci\u00f3n sobre su hora de llegada);<\/p>\n\n\n\n<p>Salida de 8:00 a 12:00;<\/p>\n\n\n\n<p>Desayuno servido de 8 am a 10:30 am;<\/p>\n\n\n\n<p>Est\u00e1 prohibido fumar en las habitaciones;<\/p>\n\n\n\n<p>No se permiten mascotas;<\/p>\n\n\n\n<p>Acceso gratuito a la zona SPA (incluye ba\u00f1o turco, sauna y jacuzzi) horario de 9:30 a 19:30 horas (horario de verano: de 9:30 a 20:30 horas);<\/p>\n\n\n\n<p>El secador de pelo debe solicitarse en recepci\u00f3n al hacer el registro de entrada y debe dejarse en recepci\u00f3n al hacer el registro de salida;<\/p>\n\n\n\n<p>Ni\u00f1os hasta 6 a\u00f1os gratis en la habitaci\u00f3n del acompa\u00f1ante (uno por habitaci\u00f3n); Posibilidad de solicitar una cama supletoria (cama supletoria solo si la reserva se realiza en la modalidad de habitaci\u00f3n doble) sin coste alguno. Desayuno gratis;<\/p>\n\n\n\n<p>Ni\u00f1os de 7 a 12 a\u00f1os, pagan 15\u20ac, cama supletoria con desayuno incluido (cama supletoria solo si la reserva es en la modalidad de habitaci\u00f3n doble).<\/p>\n\n\n\n<div style=\"height:100px\" aria-hidden=\"true\" class=\"wp-block-spacer\"><\/div>\n","protected":false},"excerpt":{"rendered":"<p>CONDICIONES DE RESERVA M\u00e9todos de pago: El pago se realiza mediante tarjeta de cr\u00e9dito\/d\u00e9bito v\u00e1lida o transferencia bancaria. Cantinho dos Cabrais se reserva el derecho de no aceptar cheques como forma de pago. Cancelamentos: Tarifa Cancelaci\u00f3n Gratuita &#8211; Hasta 5 d\u00edas antes de la fecha de entrada, se devolver\u00e1 el importe total de la reserva;&#8230;<\/p>\n","protected":false},"author":1,"featured_media":0,"parent":0,"menu_order":0,"comment_status":"closed","ping_status":"closed","template":"","meta":{"_acf_changed":false,"inline_featured_image":false,"footnotes":""},"acf":[],"yoast_head":"<!-- This site is optimized with the Yoast SEO Premium plugin v19.5 (Yoast SEO v20.7) - https:\/\/yoast.com\/wordpress\/plugins\/seo\/ -->\n<title>T\u00e9rminos y Condiciones - O Cantinho dos Cabrais<\/title>\n<meta name=\"robots\" content=\"index, follow, max-snippet:-1, max-image-preview:large, max-video-preview:-1\" \/>\n<link rel=\"canonical\" href=\"https:\/\/ocantinhodoscabrais.pt\/es\/terminos-y-condiciones\/\" \/>\n<meta property=\"og:locale\" content=\"es_ES\" \/>\n<meta property=\"og:type\" content=\"article\" \/>\n<meta property=\"og:title\" content=\"T\u00e9rminos y Condiciones\" \/>\n<meta property=\"og:description\" content=\"CONDICIONES DE RESERVA M\u00e9todos de pago: El pago se realiza mediante tarjeta de cr\u00e9dito\/d\u00e9bito v\u00e1lida o transferencia bancaria. Cantinho dos Cabrais se reserva el derecho de no aceptar cheques como forma de pago. Cancelamentos: Tarifa Cancelaci\u00f3n Gratuita &#8211; Hasta 5 d\u00edas antes de la fecha de entrada, se devolver\u00e1 el importe total de la reserva;...\" \/>\n<meta property=\"og:url\" content=\"https:\/\/ocantinhodoscabrais.pt\/es\/terminos-y-condiciones\/\" \/>\n<meta property=\"og:site_name\" content=\"O Cantinho dos Cabrais\" \/>\n<meta name=\"twitter:card\" content=\"summary_large_image\" \/>\n<meta name=\"twitter:label1\" content=\"Tiempo de lectura\" \/>\n\t<meta name=\"twitter:data1\" content=\"1 minuto\" \/>\n<script type=\"application\/ld+json\" class=\"yoast-schema-graph\">{\"@context\":\"https:\/\/schema.org\",\"@graph\":[{\"@type\":\"WebPage\",\"@id\":\"https:\/\/ocantinhodoscabrais.pt\/es\/terminos-y-condiciones\/\",\"url\":\"https:\/\/ocantinhodoscabrais.pt\/es\/terminos-y-condiciones\/\",\"name\":\"T\u00e9rminos y Condiciones - O Cantinho dos Cabrais\",\"isPartOf\":{\"@id\":\"https:\/\/ocantinhodoscabrais.pt\/#website\"},\"datePublished\":\"2019-10-10T14:19:16+00:00\",\"dateModified\":\"2019-10-10T14:19:16+00:00\",\"breadcrumb\":{\"@id\":\"https:\/\/ocantinhodoscabrais.pt\/es\/terminos-y-condiciones\/#breadcrumb\"},\"inLanguage\":\"es\",\"potentialAction\":[{\"@type\":\"ReadAction\",\"target\":[\"https:\/\/ocantinhodoscabrais.pt\/es\/terminos-y-condiciones\/\"]}]},{\"@type\":\"BreadcrumbList\",\"@id\":\"https:\/\/ocantinhodoscabrais.pt\/es\/terminos-y-condiciones\/#breadcrumb\",\"itemListElement\":[{\"@type\":\"ListItem\",\"position\":1,\"name\":\"In\u00edcio\",\"item\":\"https:\/\/ocantinhodoscabrais.pt\/es\/\"},{\"@type\":\"ListItem\",\"position\":2,\"name\":\"T\u00e9rminos y Condiciones\"}]},{\"@type\":\"WebSite\",\"@id\":\"https:\/\/ocantinhodoscabrais.pt\/#website\",\"url\":\"https:\/\/ocantinhodoscabrais.pt\/\",\"name\":\"O Cantinho dos Cabrais\",\"description\":\"Sinta a Natureza\",\"publisher\":{\"@id\":\"https:\/\/ocantinhodoscabrais.pt\/#organization\"},\"potentialAction\":[{\"@type\":\"SearchAction\",\"target\":{\"@type\":\"EntryPoint\",\"urlTemplate\":\"https:\/\/ocantinhodoscabrais.pt\/?s={search_term_string}\"},\"query-input\":\"required name=search_term_string\"}],\"inLanguage\":\"es\"},{\"@type\":\"Organization\",\"@id\":\"https:\/\/ocantinhodoscabrais.pt\/#organization\",\"name\":\"O Cantinho dos Cabrais\",\"url\":\"https:\/\/ocantinhodoscabrais.pt\/\",\"logo\":{\"@type\":\"ImageObject\",\"inLanguage\":\"es\",\"@id\":\"https:\/\/ocantinhodoscabrais.pt\/#\/schema\/logo\/image\/\",\"url\":\"https:\/\/ocantinhodoscabrais.pt\/wp-content\/uploads\/2023\/02\/cropped-logo_horizontal.fw_.png\",\"contentUrl\":\"https:\/\/ocantinhodoscabrais.pt\/wp-content\/uploads\/2023\/02\/cropped-logo_horizontal.fw_.png\",\"width\":563,\"height\":109,\"caption\":\"O Cantinho dos Cabrais\"},\"image\":{\"@id\":\"https:\/\/ocantinhodoscabrais.pt\/#\/schema\/logo\/image\/\"}}]}<\/script>\n<!-- \/ Yoast SEO Premium plugin. -->","yoast_head_json":{"title":"T\u00e9rminos y Condiciones - O Cantinho dos Cabrais","robots":{"index":"index","follow":"follow","max-snippet":"max-snippet:-1","max-image-preview":"max-image-preview:large","max-video-preview":"max-video-preview:-1"},"canonical":"https:\/\/ocantinhodoscabrais.pt\/es\/terminos-y-condiciones\/","og_locale":"es_ES","og_type":"article","og_title":"T\u00e9rminos y Condiciones","og_description":"CONDICIONES DE RESERVA M\u00e9todos de pago: El pago se realiza mediante tarjeta de cr\u00e9dito\/d\u00e9bito v\u00e1lida o transferencia bancaria. Cantinho dos Cabrais se reserva el derecho de no aceptar cheques como forma de pago. Cancelamentos: Tarifa Cancelaci\u00f3n Gratuita &#8211; Hasta 5 d\u00edas antes de la fecha de entrada, se devolver\u00e1 el importe total de la reserva;...","og_url":"https:\/\/ocantinhodoscabrais.pt\/es\/terminos-y-condiciones\/","og_site_name":"O Cantinho dos Cabrais","twitter_card":"summary_large_image","twitter_misc":{"Tiempo de lectura":"1 minuto"},"schema":{"@context":"https:\/\/schema.org","@graph":[{"@type":"WebPage","@id":"https:\/\/ocantinhodoscabrais.pt\/es\/terminos-y-condiciones\/","url":"https:\/\/ocantinhodoscabrais.pt\/es\/terminos-y-condiciones\/","name":"T\u00e9rminos y Condiciones - O Cantinho dos Cabrais","isPartOf":{"@id":"https:\/\/ocantinhodoscabrais.pt\/#website"},"datePublished":"2019-10-10T14:19:16+00:00","dateModified":"2019-10-10T14:19:16+00:00","breadcrumb":{"@id":"https:\/\/ocantinhodoscabrais.pt\/es\/terminos-y-condiciones\/#breadcrumb"},"inLanguage":"es","potentialAction":[{"@type":"ReadAction","target":["https:\/\/ocantinhodoscabrais.pt\/es\/terminos-y-condiciones\/"]}]},{"@type":"BreadcrumbList","@id":"https:\/\/ocantinhodoscabrais.pt\/es\/terminos-y-condiciones\/#breadcrumb","itemListElement":[{"@type":"ListItem","position":1,"name":"In\u00edcio","item":"https:\/\/ocantinhodoscabrais.pt\/es\/"},{"@type":"ListItem","position":2,"name":"T\u00e9rminos y Condiciones"}]},{"@type":"WebSite","@id":"https:\/\/ocantinhodoscabrais.pt\/#website","url":"https:\/\/ocantinhodoscabrais.pt\/","name":"O Cantinho dos Cabrais","description":"Sinta a Natureza","publisher":{"@id":"https:\/\/ocantinhodoscabrais.pt\/#organization"},"potentialAction":[{"@type":"SearchAction","target":{"@type":"EntryPoint","urlTemplate":"https:\/\/ocantinhodoscabrais.pt\/?s={search_term_string}"},"query-input":"required name=search_term_string"}],"inLanguage":"es"},{"@type":"Organization","@id":"https:\/\/ocantinhodoscabrais.pt\/#organization","name":"O Cantinho dos Cabrais","url":"https:\/\/ocantinhodoscabrais.pt\/","logo":{"@type":"ImageObject","inLanguage":"es","@id":"https:\/\/ocantinhodoscabrais.pt\/#\/schema\/logo\/image\/","url":"https:\/\/ocantinhodoscabrais.pt\/wp-content\/uploads\/2023\/02\/cropped-logo_horizontal.fw_.png","contentUrl":"https:\/\/ocantinhodoscabrais.pt\/wp-content\/uploads\/2023\/02\/cropped-logo_horizontal.fw_.png","width":563,"height":109,"caption":"O Cantinho dos Cabrais"},"image":{"@id":"https:\/\/ocantinhodoscabrais.pt\/#\/schema\/logo\/image\/"}}]}},"_links":{"self":[{"href":"https:\/\/ocantinhodoscabrais.pt\/es\/wp-json\/wp\/v2\/pages\/2549"}],"collection":[{"href":"https:\/\/ocantinhodoscabrais.pt\/es\/wp-json\/wp\/v2\/pages"}],"about":[{"href":"https:\/\/ocantinhodoscabrais.pt\/es\/wp-json\/wp\/v2\/types\/page"}],"author":[{"embeddable":true,"href":"https:\/\/ocantinhodoscabrais.pt\/es\/wp-json\/wp\/v2\/users\/1"}],"replies":[{"embeddable":true,"href":"https:\/\/ocantinhodoscabrais.pt\/es\/wp-json\/wp\/v2\/comments?post=2549"}],"version-history":[{"count":0,"href":"https:\/\/ocantinhodoscabrais.pt\/es\/wp-json\/wp\/v2\/pages\/2549\/revisions"}],"wp:attachment":[{"href":"https:\/\/ocantinhodoscabrais.pt\/es\/wp-json\/wp\/v2\/media?parent=2549"}],"curies":[{"name":"wp","href":"https:\/\/api.w.org\/{rel}","templated":true}]}}