{"id":2440,"date":"2019-09-18T12:05:01","date_gmt":"2019-09-18T12:05:01","guid":{"rendered":"http:\/\/ocantinhodoscabrais.pt\/que-faire-a-belmonte-et-dans-la-region\/"},"modified":"2019-09-18T12:05:01","modified_gmt":"2019-09-18T12:05:01","slug":"que-faire-a-belmonte-et-dans-la-region","status":"publish","type":"page","link":"https:\/\/ocantinhodoscabrais.pt\/fr\/que-faire-a-belmonte-et-dans-la-region\/","title":{"rendered":"Que faire \u00e0 Belmonte et dans la r\u00e9gion"},"content":{"rendered":"\n<div class=\"wp-block-getwid-section\" style=\"margin-bottom:50px\"><div class=\"wp-block-getwid-section__wrapper getwid-padding-top-none getwid-padding-bottom-none getwid-padding-left-none getwid-padding-right-none\"><div class=\"wp-block-getwid-section__inner-wrapper\"><div class=\"wp-block-getwid-section__background-holder\"><div class=\"wp-block-getwid-section__background\"><\/div><div class=\"wp-block-getwid-section__foreground\"><\/div><\/div><div class=\"wp-block-getwid-section__content\"><div class=\"wp-block-getwid-section__inner-content\"><\/div><\/div><\/div><\/div><\/div>\n\n\n\n<div class=\"wp-block-columns are-vertically-aligned-center is-layout-flex wp-container-core-columns-layout-1 wp-block-columns-is-layout-flex\">\n<div class=\"wp-block-column is-layout-flow wp-block-column-is-layout-flow\" style=\"flex-basis:10%\"><\/div>\n\n\n\n<div class=\"wp-block-column is-layout-flow wp-block-column-is-layout-flow\" style=\"flex-basis:80%\">\n<figure class=\"wp-block-video\"><video controls=\"\" src=\"http:\/\/ocantinhodoscabrais.pt\/wp-content\/uploads\/2023\/02\/Cantinho-dos-Cabrais.mp4\"><\/video><\/figure>\n<\/div>\n\n\n\n<div class=\"wp-block-column is-layout-flow wp-block-column-is-layout-flow\" style=\"flex-basis:10%\"><\/div>\n<\/div>\n\n\n\n<p><\/p>\n\n\n\n<div class=\"wp-block-columns has-2-columns is-layout-flex wp-container-core-columns-layout-2 wp-block-columns-is-layout-flex\">\n<div class=\"wp-block-column is-layout-flow wp-block-column-is-layout-flow\">\n<div class=\"wp-block-getwid-advanced-heading\" style=\"margin-bottom:40px\"><h2 class=\"wp-block-getwid-advanced-heading__content\" style=\"text-align:center\">Explorez ce village portugais historique et laissez-vous envo\u00fbter!<\/h2><\/div>\n\n\n\n<p>Belmonte est un village historique situ\u00e9 dans la r\u00e9gion Centre du Portugal, connue pour son patrimoine culturel et ses magnifiques paysages naturels.<\/p>\n\n\n\n<p>Visitez le ch\u00e2teau, d\u00e9couvrez le quartier juif de Belmonte, la Casa da Torre, explorez la Serra da Estrela et go\u00fbtez \u00e0 la gastronomie locale.<\/p>\n\n\n\n<div class=\"wp-block-getwid-advanced-spacer getwid-hide-desktop getwid-hide-tablet\" style=\"height:10px\" aria-hidden=\"true\"><\/div>\n<\/div>\n<\/div>\n\n\n\n<div style=\"height:47px\" aria-hidden=\"true\" class=\"wp-block-spacer\"><\/div>\n\n\n\n<hr class=\"wp-block-separator has-css-opacity is-style-wide\">\n\n\n\n<div class=\"wp-block-getwid-advanced-heading\" style=\"margin-bottom:5px;margin-top:81px\"><h2 class=\"wp-block-getwid-advanced-heading__content\" style=\"text-align:center\">D\u00e9tails des activit\u00e9s qui s&rsquo;offrent \u00e0 vous<\/h2><\/div>\n\n\n\n<div style=\"height:40px\" aria-hidden=\"true\" class=\"wp-block-spacer\"><\/div>\n\n\n\n<div class=\"wp-block-getwid-advanced-heading\" style=\"margin-bottom:40px\"><span class=\"wp-block-getwid-advanced-heading__content\" style=\"text-align:left\"><strong>Visitar o Castelo de Belmonte: <\/strong> Cette forteresse du XIIIe si\u00e8cle est un point de rep\u00e8re dans la r\u00e9gion et offre une vue panoramique sur la ville et les montagnes environnantes.<br><br><strong>Descobrir a judiaria de Belmonte:<\/strong> Belmonte poss\u00e8de un riche h\u00e9ritage juif et abrite l&rsquo;une des rares communaut\u00e9s juives du Portugal. Ici vous pouvez visiter le<a href=\"https:\/\/cm-belmonte.pt\/diretorio\/museu-judaico\/\" target=\"_blank\" rel=\"noreferrer noopener\"><strong>Museu Judaico de Belmonte<\/strong><\/a>, qui explore l&rsquo;histoire et la culture des Juifs au Portugal.<br><br><strong>Visitar a Casa da Torre:<\/strong> Cette maison historique du XVe si\u00e8cle \u00e9tait la demeure de la famille Cabral, qui a men\u00e9 l&rsquo;exp\u00e9dition qui a d\u00e9couvert le Br\u00e9sil. C&rsquo;est maintenant un mus\u00e9e qui raconte l&rsquo;histoire de cette famille.<br><br><strong>Explorar a Serra da Estrela:<\/strong> Belmonte est situ\u00e9 au pied de la Serra da Estrela, la plus haute montagne du Portugal continental. Ici, vous pouvez faire de la randonn\u00e9e, du v\u00e9lo, du ski ou simplement profiter de la nature environnante.<br><br><strong>Provar a gastronomia local:<\/strong> Belmonte est connue pour sa d\u00e9licieuse cuisine r\u00e9gionale, mettant l&rsquo;accent sur le fromage de la Serra da Estrela, l&rsquo;huile d&rsquo;olive, le pain et les sucreries du couvent.<br><br>Vous pouvez le faire en visitant le<em>Restaurante O Bernardo<\/em>,situ\u00e9 \u00e0 quelques m\u00e8tres de notre h\u00e9bergement local.<\/span><\/div>\n\n\n\n<div class=\"wp-block-columns has-4-columns is-layout-flex wp-container-core-columns-layout-3 wp-block-columns-is-layout-flex\">\n<div class=\"wp-block-column is-layout-flow wp-block-column-is-layout-flow\">\n<figure class=\"wp-block-image size-large\"><img fetchpriority=\"high\" decoding=\"async\" width=\"1024\" height=\"576\" src=\"http:\/\/ocantinhodoscabrais.pt\/wp-content\/uploads\/2023\/02\/BELMONTE-1-1024x576.png\" alt=\"\" class=\"wp-image-1478\" srcset=\"https:\/\/ocantinhodoscabrais.pt\/wp-content\/uploads\/2023\/02\/BELMONTE-1-1024x576.png 1024w, https:\/\/ocantinhodoscabrais.pt\/wp-content\/uploads\/2023\/02\/BELMONTE-1-600x338.png 600w, https:\/\/ocantinhodoscabrais.pt\/wp-content\/uploads\/2023\/02\/BELMONTE-1-300x169.png 300w, https:\/\/ocantinhodoscabrais.pt\/wp-content\/uploads\/2023\/02\/BELMONTE-1-768x432.png 768w, https:\/\/ocantinhodoscabrais.pt\/wp-content\/uploads\/2023\/02\/BELMONTE-1-892x502.png 892w, https:\/\/ocantinhodoscabrais.pt\/wp-content\/uploads\/2023\/02\/BELMONTE-1.png 1280w\" sizes=\"(max-width: 1024px) 100vw, 1024px\" \/><\/figure>\n\n\n\n<figure class=\"wp-block-image size-large\"><img decoding=\"async\" width=\"1024\" height=\"576\" src=\"http:\/\/ocantinhodoscabrais.pt\/wp-content\/uploads\/2023\/02\/CENTUM-CELLAS-1024x576.png\" alt=\"\" class=\"wp-image-1480\" srcset=\"https:\/\/ocantinhodoscabrais.pt\/wp-content\/uploads\/2023\/02\/CENTUM-CELLAS-1024x576.png 1024w, https:\/\/ocantinhodoscabrais.pt\/wp-content\/uploads\/2023\/02\/CENTUM-CELLAS-600x338.png 600w, https:\/\/ocantinhodoscabrais.pt\/wp-content\/uploads\/2023\/02\/CENTUM-CELLAS-300x169.png 300w, https:\/\/ocantinhodoscabrais.pt\/wp-content\/uploads\/2023\/02\/CENTUM-CELLAS-768x432.png 768w, https:\/\/ocantinhodoscabrais.pt\/wp-content\/uploads\/2023\/02\/CENTUM-CELLAS-892x502.png 892w, https:\/\/ocantinhodoscabrais.pt\/wp-content\/uploads\/2023\/02\/CENTUM-CELLAS.png 1280w\" sizes=\"(max-width: 1024px) 100vw, 1024px\" \/><\/figure>\n\n\n\n<figure class=\"wp-block-image size-large\"><img decoding=\"async\" width=\"1024\" height=\"576\" src=\"http:\/\/ocantinhodoscabrais.pt\/wp-content\/uploads\/2023\/02\/SERRA-DA-ESTRELA-1-1024x576.png\" alt=\"\" class=\"wp-image-1482\" srcset=\"https:\/\/ocantinhodoscabrais.pt\/wp-content\/uploads\/2023\/02\/SERRA-DA-ESTRELA-1-1024x576.png 1024w, https:\/\/ocantinhodoscabrais.pt\/wp-content\/uploads\/2023\/02\/SERRA-DA-ESTRELA-1-600x338.png 600w, https:\/\/ocantinhodoscabrais.pt\/wp-content\/uploads\/2023\/02\/SERRA-DA-ESTRELA-1-300x169.png 300w, https:\/\/ocantinhodoscabrais.pt\/wp-content\/uploads\/2023\/02\/SERRA-DA-ESTRELA-1-768x432.png 768w, https:\/\/ocantinhodoscabrais.pt\/wp-content\/uploads\/2023\/02\/SERRA-DA-ESTRELA-1-892x502.png 892w, https:\/\/ocantinhodoscabrais.pt\/wp-content\/uploads\/2023\/02\/SERRA-DA-ESTRELA-1.png 1280w\" sizes=\"(max-width: 1024px) 100vw, 1024px\" \/><\/figure>\n<\/div>\n\n\n\n<div class=\"wp-block-column is-layout-flow wp-block-column-is-layout-flow\">\n<figure class=\"wp-block-image size-large\"><img loading=\"lazy\" decoding=\"async\" width=\"1024\" height=\"576\" src=\"http:\/\/ocantinhodoscabrais.pt\/wp-content\/uploads\/2023\/02\/CAPELA-NOSSA-SENHORA-DA-ESTRELA-INGUIAS-1024x576.png\" alt=\"\" class=\"wp-image-1479\" srcset=\"https:\/\/ocantinhodoscabrais.pt\/wp-content\/uploads\/2023\/02\/CAPELA-NOSSA-SENHORA-DA-ESTRELA-INGUIAS-1024x576.png 1024w, https:\/\/ocantinhodoscabrais.pt\/wp-content\/uploads\/2023\/02\/CAPELA-NOSSA-SENHORA-DA-ESTRELA-INGUIAS-600x338.png 600w, https:\/\/ocantinhodoscabrais.pt\/wp-content\/uploads\/2023\/02\/CAPELA-NOSSA-SENHORA-DA-ESTRELA-INGUIAS-300x169.png 300w, https:\/\/ocantinhodoscabrais.pt\/wp-content\/uploads\/2023\/02\/CAPELA-NOSSA-SENHORA-DA-ESTRELA-INGUIAS-768x432.png 768w, https:\/\/ocantinhodoscabrais.pt\/wp-content\/uploads\/2023\/02\/CAPELA-NOSSA-SENHORA-DA-ESTRELA-INGUIAS-892x502.png 892w, https:\/\/ocantinhodoscabrais.pt\/wp-content\/uploads\/2023\/02\/CAPELA-NOSSA-SENHORA-DA-ESTRELA-INGUIAS.png 1280w\" sizes=\"(max-width: 1024px) 100vw, 1024px\" \/><\/figure>\n\n\n\n<figure class=\"wp-block-image size-large\"><img loading=\"lazy\" decoding=\"async\" width=\"1024\" height=\"576\" src=\"http:\/\/ocantinhodoscabrais.pt\/wp-content\/uploads\/2023\/02\/INTERIOR-IGREJA-MATRIZ-INGUIAS-1024x576.png\" alt=\"\" class=\"wp-image-1481\" srcset=\"https:\/\/ocantinhodoscabrais.pt\/wp-content\/uploads\/2023\/02\/INTERIOR-IGREJA-MATRIZ-INGUIAS-1024x576.png 1024w, https:\/\/ocantinhodoscabrais.pt\/wp-content\/uploads\/2023\/02\/INTERIOR-IGREJA-MATRIZ-INGUIAS-600x338.png 600w, https:\/\/ocantinhodoscabrais.pt\/wp-content\/uploads\/2023\/02\/INTERIOR-IGREJA-MATRIZ-INGUIAS-300x169.png 300w, https:\/\/ocantinhodoscabrais.pt\/wp-content\/uploads\/2023\/02\/INTERIOR-IGREJA-MATRIZ-INGUIAS-768x432.png 768w, https:\/\/ocantinhodoscabrais.pt\/wp-content\/uploads\/2023\/02\/INTERIOR-IGREJA-MATRIZ-INGUIAS-892x502.png 892w, https:\/\/ocantinhodoscabrais.pt\/wp-content\/uploads\/2023\/02\/INTERIOR-IGREJA-MATRIZ-INGUIAS.png 1280w\" sizes=\"(max-width: 1024px) 100vw, 1024px\" \/><\/figure>\n\n\n\n<figure class=\"wp-block-image size-large\"><img loading=\"lazy\" decoding=\"async\" width=\"1024\" height=\"576\" src=\"http:\/\/ocantinhodoscabrais.pt\/wp-content\/uploads\/2023\/02\/JANEIRO-BAIXO-CIMA-2-1024x576.png\" alt=\"\" class=\"wp-image-1483\" srcset=\"https:\/\/ocantinhodoscabrais.pt\/wp-content\/uploads\/2023\/02\/JANEIRO-BAIXO-CIMA-2-1024x576.png 1024w, https:\/\/ocantinhodoscabrais.pt\/wp-content\/uploads\/2023\/02\/JANEIRO-BAIXO-CIMA-2-600x338.png 600w, https:\/\/ocantinhodoscabrais.pt\/wp-content\/uploads\/2023\/02\/JANEIRO-BAIXO-CIMA-2-300x169.png 300w, https:\/\/ocantinhodoscabrais.pt\/wp-content\/uploads\/2023\/02\/JANEIRO-BAIXO-CIMA-2-768x432.png 768w, https:\/\/ocantinhodoscabrais.pt\/wp-content\/uploads\/2023\/02\/JANEIRO-BAIXO-CIMA-2-892x502.png 892w, https:\/\/ocantinhodoscabrais.pt\/wp-content\/uploads\/2023\/02\/JANEIRO-BAIXO-CIMA-2.png 1280w\" sizes=\"(max-width: 1024px) 100vw, 1024px\" \/><\/figure>\n<\/div>\n<\/div>\n\n\n\n<div style=\"height:50px\" aria-hidden=\"true\" class=\"wp-block-spacer\"><\/div>\n\n\n\n<div class=\"wp-block-getwid-advanced-heading\" style=\"margin-bottom:5px;margin-top:81px\"><h2 class=\"wp-block-getwid-advanced-heading__content\" style=\"text-align:center\">D\u00e9couvrez notre village d&rsquo;Inguias, Portugal<\/h2><\/div>\n\n\n\n<div style=\"height:22px\" aria-hidden=\"true\" class=\"wp-block-spacer\"><\/div>\n\n\n\n<div class=\"wp-block-getwid-advanced-heading\" style=\"margin-bottom:40px\"><span class=\"wp-block-getwid-advanced-heading__content\" style=\"text-align:left\"><strong>Inguias<\/strong> est un petit village portugais situ\u00e9 dans la municipalit\u00e9 de Belmonte, dans la r\u00e9gion Centre du Portugal. <br><br>Voici quelques informations sur ce charmant village :<br><strong><br>Localiza\u00e7\u00e3o:<\/strong> Inguias est situ\u00e9 \u00e0 environ 5 km au nord-ouest de Belmonte et \u00e0 environ 25 km au sud de la ville de Guarda.<br><br><strong>Hist\u00f3ria:<\/strong> L&rsquo;histoire d&rsquo;Inguias remonte \u00e0 l&rsquo;\u00e9poque romaine, lorsque le village \u00e9tait un important centre de production de vin. <br><br>Au Moyen \u00c2ge, le village \u00e9tait un point de passage important pour les p\u00e8lerins se rendant \u00e0 Saint-Jacques-de-Compostelle.<br><br><strong>Patrim\u00f3nio<\/strong>: Inguias poss\u00e8de un riche patrimoine historique et culturel. Il convient de noter l&rsquo;\u00e9glise paroissiale de Nossa Senhora da Concei\u00e7\u00e3o, du XVIIIe si\u00e8cle, avec un retable dor\u00e9, et le Pelourinho de Inguias, un monument en granit datant de 1564.<br><br><strong>Festas e eventos:<\/strong> Inguias est connue pour ses festivals et \u00e9v\u00e9nements, tels que la Festa de S\u00e3o Sebasti\u00e3o, qui a lieu en janvier, et la Festa da Nossa Senhora da Concei\u00e7\u00e3o, qui a lieu en ao\u00fbt.<br><br><strong>Natureza:<\/strong> Inguias est situ\u00e9e dans une r\u00e9gion de montagnes et de vall\u00e9es, entour\u00e9e de magnifiques paysages naturels. <br><br>Ici, vous pouvez faire de la randonn\u00e9e, du v\u00e9lo ou tout simplement.<\/span><\/div>\n\n\n\n<div class=\"wp-block-columns has-2-columns is-layout-flex wp-container-core-columns-layout-4 wp-block-columns-is-layout-flex\">\n<div class=\"wp-block-column is-layout-flow wp-block-column-is-layout-flow\">\n<figure class=\"wp-block-image size-large\"><img loading=\"lazy\" decoding=\"async\" width=\"1024\" height=\"576\" src=\"http:\/\/ocantinhodoscabrais.pt\/wp-content\/uploads\/2023\/02\/INGUIAS-1024x576.png\" alt=\"\" class=\"wp-image-1486\" srcset=\"https:\/\/ocantinhodoscabrais.pt\/wp-content\/uploads\/2023\/02\/INGUIAS-1024x576.png 1024w, https:\/\/ocantinhodoscabrais.pt\/wp-content\/uploads\/2023\/02\/INGUIAS-600x338.png 600w, https:\/\/ocantinhodoscabrais.pt\/wp-content\/uploads\/2023\/02\/INGUIAS-300x169.png 300w, https:\/\/ocantinhodoscabrais.pt\/wp-content\/uploads\/2023\/02\/INGUIAS-768x432.png 768w, https:\/\/ocantinhodoscabrais.pt\/wp-content\/uploads\/2023\/02\/INGUIAS-892x502.png 892w, https:\/\/ocantinhodoscabrais.pt\/wp-content\/uploads\/2023\/02\/INGUIAS.png 1280w\" sizes=\"(max-width: 1024px) 100vw, 1024px\" \/><\/figure>\n\n\n\n<figure class=\"wp-block-image size-large\"><img loading=\"lazy\" decoding=\"async\" width=\"1024\" height=\"576\" src=\"http:\/\/ocantinhodoscabrais.pt\/wp-content\/uploads\/2023\/02\/Cantinho-dos-Cabrais-foto-de-zona-exterior-1024x576.png\" alt=\"\" class=\"wp-image-1490\" srcset=\"https:\/\/ocantinhodoscabrais.pt\/wp-content\/uploads\/2023\/02\/Cantinho-dos-Cabrais-foto-de-zona-exterior-1024x576.png 1024w, https:\/\/ocantinhodoscabrais.pt\/wp-content\/uploads\/2023\/02\/Cantinho-dos-Cabrais-foto-de-zona-exterior-600x338.png 600w, https:\/\/ocantinhodoscabrais.pt\/wp-content\/uploads\/2023\/02\/Cantinho-dos-Cabrais-foto-de-zona-exterior-300x169.png 300w, https:\/\/ocantinhodoscabrais.pt\/wp-content\/uploads\/2023\/02\/Cantinho-dos-Cabrais-foto-de-zona-exterior-768x432.png 768w, https:\/\/ocantinhodoscabrais.pt\/wp-content\/uploads\/2023\/02\/Cantinho-dos-Cabrais-foto-de-zona-exterior-892x502.png 892w, https:\/\/ocantinhodoscabrais.pt\/wp-content\/uploads\/2023\/02\/Cantinho-dos-Cabrais-foto-de-zona-exterior.png 1280w\" sizes=\"(max-width: 1024px) 100vw, 1024px\" \/><\/figure>\n<\/div>\n\n\n\n<div class=\"wp-block-column is-layout-flow wp-block-column-is-layout-flow\">\n<figure class=\"wp-block-image size-large\"><img loading=\"lazy\" decoding=\"async\" width=\"1024\" height=\"576\" src=\"http:\/\/ocantinhodoscabrais.pt\/wp-content\/uploads\/2023\/02\/IGREJA-MATRIZ-INGUIAS-1024x576.png\" alt=\"\" class=\"wp-image-1487\" srcset=\"https:\/\/ocantinhodoscabrais.pt\/wp-content\/uploads\/2023\/02\/IGREJA-MATRIZ-INGUIAS-1024x576.png 1024w, https:\/\/ocantinhodoscabrais.pt\/wp-content\/uploads\/2023\/02\/IGREJA-MATRIZ-INGUIAS-600x338.png 600w, https:\/\/ocantinhodoscabrais.pt\/wp-content\/uploads\/2023\/02\/IGREJA-MATRIZ-INGUIAS-300x169.png 300w, https:\/\/ocantinhodoscabrais.pt\/wp-content\/uploads\/2023\/02\/IGREJA-MATRIZ-INGUIAS-768x432.png 768w, https:\/\/ocantinhodoscabrais.pt\/wp-content\/uploads\/2023\/02\/IGREJA-MATRIZ-INGUIAS-892x502.png 892w, https:\/\/ocantinhodoscabrais.pt\/wp-content\/uploads\/2023\/02\/IGREJA-MATRIZ-INGUIAS.png 1280w\" sizes=\"(max-width: 1024px) 100vw, 1024px\" \/><\/figure>\n\n\n\n<figure class=\"wp-block-image size-large\"><img loading=\"lazy\" decoding=\"async\" width=\"1024\" height=\"576\" src=\"http:\/\/ocantinhodoscabrais.pt\/wp-content\/uploads\/2023\/02\/15-1024x576.png\" alt=\"\" class=\"wp-image-1488\" srcset=\"https:\/\/ocantinhodoscabrais.pt\/wp-content\/uploads\/2023\/02\/15-1024x576.png 1024w, https:\/\/ocantinhodoscabrais.pt\/wp-content\/uploads\/2023\/02\/15-600x338.png 600w, https:\/\/ocantinhodoscabrais.pt\/wp-content\/uploads\/2023\/02\/15-300x169.png 300w, https:\/\/ocantinhodoscabrais.pt\/wp-content\/uploads\/2023\/02\/15-768x432.png 768w, https:\/\/ocantinhodoscabrais.pt\/wp-content\/uploads\/2023\/02\/15-892x502.png 892w, https:\/\/ocantinhodoscabrais.pt\/wp-content\/uploads\/2023\/02\/15.png 1280w\" sizes=\"(max-width: 1024px) 100vw, 1024px\" \/><\/figure>\n<\/div>\n<\/div>\n","protected":false},"excerpt":{"rendered":"<p>Belmonte est un village historique et charmant, avec des paysages naturels \u00e0 couper le souffle et une riche culture portugaise. Si vous recherchez une exp\u00e9rience authentique au Portugal, Belmonte est la destination id\u00e9ale pour vous, tout comme notre charmant village d&rsquo;Inguias, au Portugal.<\/p>\n","protected":false},"author":1,"featured_media":0,"parent":0,"menu_order":0,"comment_status":"closed","ping_status":"closed","template":"template-wide-page.php","meta":{"_acf_changed":false,"inline_featured_image":false,"footnotes":""},"acf":[],"yoast_head":"<!-- This site is optimized with the Yoast SEO Premium plugin v19.5 (Yoast SEO v20.7) - https:\/\/yoast.com\/wordpress\/plugins\/seo\/ -->\n<title>Que faire \u00e0 Belmonte et dans la r\u00e9gion - O Cantinho dos Cabrais<\/title>\n<meta name=\"robots\" content=\"index, follow, max-snippet:-1, max-image-preview:large, max-video-preview:-1\" \/>\n<link rel=\"canonical\" href=\"https:\/\/ocantinhodoscabrais.pt\/fr\/que-faire-a-belmonte-et-dans-la-region\/\" \/>\n<meta property=\"og:locale\" content=\"fr_FR\" \/>\n<meta property=\"og:type\" content=\"article\" \/>\n<meta property=\"og:title\" content=\"Que faire \u00e0 Belmonte et dans la r\u00e9gion\" \/>\n<meta property=\"og:description\" content=\"Belmonte est un village historique et charmant, avec des paysages naturels \u00e0 couper le souffle et une riche culture portugaise. Si vous recherchez une exp\u00e9rience authentique au Portugal, Belmonte est la destination id\u00e9ale pour vous, tout comme notre charmant village d&#039;Inguias, au Portugal.\" \/>\n<meta property=\"og:url\" content=\"https:\/\/ocantinhodoscabrais.pt\/fr\/que-faire-a-belmonte-et-dans-la-region\/\" \/>\n<meta property=\"og:site_name\" content=\"O Cantinho dos Cabrais\" \/>\n<meta property=\"og:image\" content=\"http:\/\/ocantinhodoscabrais.pt\/wp-content\/uploads\/2023\/02\/BELMONTE-1-1024x576.png\" \/>\n<meta name=\"twitter:card\" content=\"summary_large_image\" \/>\n<meta name=\"twitter:label1\" content=\"Dur\u00e9e de lecture estim\u00e9e\" \/>\n\t<meta name=\"twitter:data1\" content=\"2 minutes\" \/>\n<script type=\"application\/ld+json\" class=\"yoast-schema-graph\">{\"@context\":\"https:\/\/schema.org\",\"@graph\":[{\"@type\":\"WebPage\",\"@id\":\"https:\/\/ocantinhodoscabrais.pt\/fr\/que-faire-a-belmonte-et-dans-la-region\/\",\"url\":\"https:\/\/ocantinhodoscabrais.pt\/fr\/que-faire-a-belmonte-et-dans-la-region\/\",\"name\":\"Que faire \u00e0 Belmonte et dans la r\u00e9gion - O Cantinho dos Cabrais\",\"isPartOf\":{\"@id\":\"https:\/\/ocantinhodoscabrais.pt\/#website\"},\"datePublished\":\"2019-09-18T12:05:01+00:00\",\"dateModified\":\"2019-09-18T12:05:01+00:00\",\"breadcrumb\":{\"@id\":\"https:\/\/ocantinhodoscabrais.pt\/fr\/que-faire-a-belmonte-et-dans-la-region\/#breadcrumb\"},\"inLanguage\":\"fr-FR\",\"potentialAction\":[{\"@type\":\"ReadAction\",\"target\":[\"https:\/\/ocantinhodoscabrais.pt\/fr\/que-faire-a-belmonte-et-dans-la-region\/\"]}]},{\"@type\":\"BreadcrumbList\",\"@id\":\"https:\/\/ocantinhodoscabrais.pt\/fr\/que-faire-a-belmonte-et-dans-la-region\/#breadcrumb\",\"itemListElement\":[{\"@type\":\"ListItem\",\"position\":1,\"name\":\"In\u00edcio\",\"item\":\"https:\/\/ocantinhodoscabrais.pt\/fr\/\"},{\"@type\":\"ListItem\",\"position\":2,\"name\":\"Que faire \u00e0 Belmonte et dans la r\u00e9gion\"}]},{\"@type\":\"WebSite\",\"@id\":\"https:\/\/ocantinhodoscabrais.pt\/#website\",\"url\":\"https:\/\/ocantinhodoscabrais.pt\/\",\"name\":\"O Cantinho dos Cabrais\",\"description\":\"Sinta a Natureza\",\"publisher\":{\"@id\":\"https:\/\/ocantinhodoscabrais.pt\/#organization\"},\"potentialAction\":[{\"@type\":\"SearchAction\",\"target\":{\"@type\":\"EntryPoint\",\"urlTemplate\":\"https:\/\/ocantinhodoscabrais.pt\/?s={search_term_string}\"},\"query-input\":\"required name=search_term_string\"}],\"inLanguage\":\"fr-FR\"},{\"@type\":\"Organization\",\"@id\":\"https:\/\/ocantinhodoscabrais.pt\/#organization\",\"name\":\"O Cantinho dos Cabrais\",\"url\":\"https:\/\/ocantinhodoscabrais.pt\/\",\"logo\":{\"@type\":\"ImageObject\",\"inLanguage\":\"fr-FR\",\"@id\":\"https:\/\/ocantinhodoscabrais.pt\/#\/schema\/logo\/image\/\",\"url\":\"https:\/\/ocantinhodoscabrais.pt\/wp-content\/uploads\/2023\/02\/cropped-logo_horizontal.fw_.png\",\"contentUrl\":\"https:\/\/ocantinhodoscabrais.pt\/wp-content\/uploads\/2023\/02\/cropped-logo_horizontal.fw_.png\",\"width\":563,\"height\":109,\"caption\":\"O Cantinho dos Cabrais\"},\"image\":{\"@id\":\"https:\/\/ocantinhodoscabrais.pt\/#\/schema\/logo\/image\/\"}}]}<\/script>\n<!-- \/ Yoast SEO Premium plugin. -->","yoast_head_json":{"title":"Que faire \u00e0 Belmonte et dans la r\u00e9gion - O Cantinho dos Cabrais","robots":{"index":"index","follow":"follow","max-snippet":"max-snippet:-1","max-image-preview":"max-image-preview:large","max-video-preview":"max-video-preview:-1"},"canonical":"https:\/\/ocantinhodoscabrais.pt\/fr\/que-faire-a-belmonte-et-dans-la-region\/","og_locale":"fr_FR","og_type":"article","og_title":"Que faire \u00e0 Belmonte et dans la r\u00e9gion","og_description":"Belmonte est un village historique et charmant, avec des paysages naturels \u00e0 couper le souffle et une riche culture portugaise. Si vous recherchez une exp\u00e9rience authentique au Portugal, Belmonte est la destination id\u00e9ale pour vous, tout comme notre charmant village d'Inguias, au Portugal.","og_url":"https:\/\/ocantinhodoscabrais.pt\/fr\/que-faire-a-belmonte-et-dans-la-region\/","og_site_name":"O Cantinho dos Cabrais","og_image":[{"url":"http:\/\/ocantinhodoscabrais.pt\/wp-content\/uploads\/2023\/02\/BELMONTE-1-1024x576.png"}],"twitter_card":"summary_large_image","twitter_misc":{"Dur\u00e9e de lecture estim\u00e9e":"2 minutes"},"schema":{"@context":"https:\/\/schema.org","@graph":[{"@type":"WebPage","@id":"https:\/\/ocantinhodoscabrais.pt\/fr\/que-faire-a-belmonte-et-dans-la-region\/","url":"https:\/\/ocantinhodoscabrais.pt\/fr\/que-faire-a-belmonte-et-dans-la-region\/","name":"Que faire \u00e0 Belmonte et dans la r\u00e9gion - O Cantinho dos Cabrais","isPartOf":{"@id":"https:\/\/ocantinhodoscabrais.pt\/#website"},"datePublished":"2019-09-18T12:05:01+00:00","dateModified":"2019-09-18T12:05:01+00:00","breadcrumb":{"@id":"https:\/\/ocantinhodoscabrais.pt\/fr\/que-faire-a-belmonte-et-dans-la-region\/#breadcrumb"},"inLanguage":"fr-FR","potentialAction":[{"@type":"ReadAction","target":["https:\/\/ocantinhodoscabrais.pt\/fr\/que-faire-a-belmonte-et-dans-la-region\/"]}]},{"@type":"BreadcrumbList","@id":"https:\/\/ocantinhodoscabrais.pt\/fr\/que-faire-a-belmonte-et-dans-la-region\/#breadcrumb","itemListElement":[{"@type":"ListItem","position":1,"name":"In\u00edcio","item":"https:\/\/ocantinhodoscabrais.pt\/fr\/"},{"@type":"ListItem","position":2,"name":"Que faire \u00e0 Belmonte et dans la r\u00e9gion"}]},{"@type":"WebSite","@id":"https:\/\/ocantinhodoscabrais.pt\/#website","url":"https:\/\/ocantinhodoscabrais.pt\/","name":"O Cantinho dos Cabrais","description":"Sinta a Natureza","publisher":{"@id":"https:\/\/ocantinhodoscabrais.pt\/#organization"},"potentialAction":[{"@type":"SearchAction","target":{"@type":"EntryPoint","urlTemplate":"https:\/\/ocantinhodoscabrais.pt\/?s={search_term_string}"},"query-input":"required name=search_term_string"}],"inLanguage":"fr-FR"},{"@type":"Organization","@id":"https:\/\/ocantinhodoscabrais.pt\/#organization","name":"O Cantinho dos Cabrais","url":"https:\/\/ocantinhodoscabrais.pt\/","logo":{"@type":"ImageObject","inLanguage":"fr-FR","@id":"https:\/\/ocantinhodoscabrais.pt\/#\/schema\/logo\/image\/","url":"https:\/\/ocantinhodoscabrais.pt\/wp-content\/uploads\/2023\/02\/cropped-logo_horizontal.fw_.png","contentUrl":"https:\/\/ocantinhodoscabrais.pt\/wp-content\/uploads\/2023\/02\/cropped-logo_horizontal.fw_.png","width":563,"height":109,"caption":"O Cantinho dos Cabrais"},"image":{"@id":"https:\/\/ocantinhodoscabrais.pt\/#\/schema\/logo\/image\/"}}]}},"_links":{"self":[{"href":"https:\/\/ocantinhodoscabrais.pt\/fr\/wp-json\/wp\/v2\/pages\/2440"}],"collection":[{"href":"https:\/\/ocantinhodoscabrais.pt\/fr\/wp-json\/wp\/v2\/pages"}],"about":[{"href":"https:\/\/ocantinhodoscabrais.pt\/fr\/wp-json\/wp\/v2\/types\/page"}],"author":[{"embeddable":true,"href":"https:\/\/ocantinhodoscabrais.pt\/fr\/wp-json\/wp\/v2\/users\/1"}],"replies":[{"embeddable":true,"href":"https:\/\/ocantinhodoscabrais.pt\/fr\/wp-json\/wp\/v2\/comments?post=2440"}],"version-history":[{"count":0,"href":"https:\/\/ocantinhodoscabrais.pt\/fr\/wp-json\/wp\/v2\/pages\/2440\/revisions"}],"wp:attachment":[{"href":"https:\/\/ocantinhodoscabrais.pt\/fr\/wp-json\/wp\/v2\/media?parent=2440"}],"curies":[{"name":"wp","href":"https:\/\/api.w.org\/{rel}","templated":true}]}}