{"id":2516,"date":"2023-02-20T12:43:49","date_gmt":"2023-02-20T12:43:49","guid":{"rendered":"http:\/\/ocantinhodoscabrais.pt\/restaurant-o-bernardo\/"},"modified":"2023-03-29T16:56:27","modified_gmt":"2023-03-29T16:56:27","slug":"restaurant-o-bernardo","status":"publish","type":"page","link":"https:\/\/ocantinhodoscabrais.pt\/fr\/restaurant-o-bernardo\/","title":{"rendered":"Restaurant \u00ab\u00a0\u00d4 Bernardo\u00a0\u00bb"},"content":{"rendered":"\n<div class=\"wp-block-getwid-advanced-heading\" style=\"margin-bottom:5px;margin-top:81px\"><h2 class=\"wp-block-getwid-advanced-heading__content\" style=\"text-align:center\">D\u00e9couvrez un peu de notre Histoire<\/h2><\/div>\n\n<div style=\"height:18px\" aria-hidden=\"true\" class=\"wp-block-spacer\"><\/div>\n\n<div class=\"wp-block-getwid-advanced-heading\" style=\"margin-bottom:40px\"><span class=\"wp-block-getwid-advanced-heading__content\" style=\"text-align:left\">C&rsquo;\u00e9tait le 8 juillet 1995, lorsque la famille Cabral Bernardo, r\u00e9sidant \u00e0 Inguias, a d\u00e9cid\u00e9 d&rsquo;investir dans leur propre entreprise, appel\u00e9e Caf\u00e9 Snack-Bar \u00ab\u00a0O Bernardo\u00a0\u00bb.<br><br>C&rsquo;est dans cet espace qu&rsquo;au cours d&rsquo;une quinzaine d&rsquo;ann\u00e9es, la famille a construit ses racines et a vu grandir son entreprise.<br><br>Apr\u00e8s 16 ans, le besoin d&rsquo;agrandir l&rsquo;entreprise s&rsquo;est fait sentir, en raison de la croissance qui s&rsquo;\u00e9tait fait sentir pendant tout ce temps. <br><br>Dans ce changement, en 2011, l&rsquo;espace a \u00e9t\u00e9 reclass\u00e9 et le nom a \u00e9t\u00e9 restructur\u00e9 en Restaurant Snack-Bar \u00ab\u00a0O Bernardo\u00a0\u00bb.<\/span><\/div>\n\n<div style=\"height:21px\" aria-hidden=\"true\" class=\"wp-block-spacer\"><\/div>\n\n<div class=\"wp-block-getwid-images-slider has-arrows-inside has-dots-none is-carousel has-slides-gap-small has-images-center has-cropped-images\"><div class=\"wp-block-getwid-images-slider__wrapper\" data-effect=\"slide\" data-slides-show=\"3\" data-slides-show-laptop=\"1\" data-slides-show-tablet=\"1\" data-slides-show-mobile=\"1\" data-slides-scroll=\"1\" data-autoplay=\"false\" data-autoplay-speed=\"6000\" data-infinite=\"false\" data-animation-speed=\"500\" data-center-mode=\"false\" data-variable-width=\"false\" data-arrows=\"inside\" data-dots=\"none\" data-spacing=\"small\"><div class=\"wp-block-getwid-images-slider__item\"><figure><img fetchpriority=\"high\" decoding=\"async\" width=\"892\" height=\"1323\" src=\"http:\/\/ocantinhodoscabrais.pt\/wp-content\/uploads\/2023\/03\/OUT_OF_FRAME-252.jpg\" data-id=\"2831\" data-link=\"http:\/\/ocantinhodoscabrais.pt\/restaurante-o-bernardo\/attachment\/out_of_frame-252\/\" data-original-link=\"http:\/\/ocantinhodoscabrais.pt\/wp-content\/uploads\/2023\/03\/OUT_OF_FRAME-252.jpg\" class=\"wp-block-getwid-images-slider__image wp-image-2831\" srcset=\"https:\/\/ocantinhodoscabrais.pt\/wp-content\/uploads\/2023\/03\/OUT_OF_FRAME-252.jpg 892w, https:\/\/ocantinhodoscabrais.pt\/wp-content\/uploads\/2023\/03\/OUT_OF_FRAME-252-202x300.jpg 202w, https:\/\/ocantinhodoscabrais.pt\/wp-content\/uploads\/2023\/03\/OUT_OF_FRAME-252-690x1024.jpg 690w, https:\/\/ocantinhodoscabrais.pt\/wp-content\/uploads\/2023\/03\/OUT_OF_FRAME-252-768x1139.jpg 768w, https:\/\/ocantinhodoscabrais.pt\/wp-content\/uploads\/2023\/03\/OUT_OF_FRAME-252-600x890.jpg 600w\" sizes=\"(max-width: 892px) 100vw, 892px\" \/><\/figure><\/div><div class=\"wp-block-getwid-images-slider__item\"><figure><img decoding=\"async\" width=\"892\" height=\"1323\" src=\"http:\/\/ocantinhodoscabrais.pt\/wp-content\/uploads\/2023\/03\/OUT_OF_FRAME-241.jpg\" data-id=\"2826\" data-link=\"http:\/\/ocantinhodoscabrais.pt\/restaurante-o-bernardo\/attachment\/out_of_frame-241\/\" data-original-link=\"http:\/\/ocantinhodoscabrais.pt\/wp-content\/uploads\/2023\/03\/OUT_OF_FRAME-241.jpg\" class=\"wp-block-getwid-images-slider__image wp-image-2826\" srcset=\"https:\/\/ocantinhodoscabrais.pt\/wp-content\/uploads\/2023\/03\/OUT_OF_FRAME-241.jpg 892w, https:\/\/ocantinhodoscabrais.pt\/wp-content\/uploads\/2023\/03\/OUT_OF_FRAME-241-202x300.jpg 202w, https:\/\/ocantinhodoscabrais.pt\/wp-content\/uploads\/2023\/03\/OUT_OF_FRAME-241-690x1024.jpg 690w, https:\/\/ocantinhodoscabrais.pt\/wp-content\/uploads\/2023\/03\/OUT_OF_FRAME-241-768x1139.jpg 768w, https:\/\/ocantinhodoscabrais.pt\/wp-content\/uploads\/2023\/03\/OUT_OF_FRAME-241-600x890.jpg 600w\" sizes=\"(max-width: 892px) 100vw, 892px\" \/><\/figure><\/div><div class=\"wp-block-getwid-images-slider__item\"><figure><img decoding=\"async\" width=\"892\" height=\"1323\" src=\"http:\/\/ocantinhodoscabrais.pt\/wp-content\/uploads\/2023\/03\/OUT_OF_FRAME-246.jpg\" data-id=\"2816\" data-link=\"http:\/\/ocantinhodoscabrais.pt\/restaurante-o-bernardo\/attachment\/out_of_frame-246\/\" data-original-link=\"http:\/\/ocantinhodoscabrais.pt\/wp-content\/uploads\/2023\/03\/OUT_OF_FRAME-246.jpg\" class=\"wp-block-getwid-images-slider__image wp-image-2816\" srcset=\"https:\/\/ocantinhodoscabrais.pt\/wp-content\/uploads\/2023\/03\/OUT_OF_FRAME-246.jpg 892w, https:\/\/ocantinhodoscabrais.pt\/wp-content\/uploads\/2023\/03\/OUT_OF_FRAME-246-202x300.jpg 202w, https:\/\/ocantinhodoscabrais.pt\/wp-content\/uploads\/2023\/03\/OUT_OF_FRAME-246-690x1024.jpg 690w, https:\/\/ocantinhodoscabrais.pt\/wp-content\/uploads\/2023\/03\/OUT_OF_FRAME-246-768x1139.jpg 768w, https:\/\/ocantinhodoscabrais.pt\/wp-content\/uploads\/2023\/03\/OUT_OF_FRAME-246-600x890.jpg 600w\" sizes=\"(max-width: 892px) 100vw, 892px\" \/><\/figure><\/div><div class=\"wp-block-getwid-images-slider__item\"><figure><img loading=\"lazy\" decoding=\"async\" width=\"892\" height=\"1323\" src=\"http:\/\/ocantinhodoscabrais.pt\/wp-content\/uploads\/2023\/03\/OUT_OF_FRAME-239.jpg\" data-id=\"2810\" data-link=\"http:\/\/ocantinhodoscabrais.pt\/restaurante-o-bernardo\/attachment\/out_of_frame-239\/\" data-original-link=\"http:\/\/ocantinhodoscabrais.pt\/wp-content\/uploads\/2023\/03\/OUT_OF_FRAME-239.jpg\" class=\"wp-block-getwid-images-slider__image wp-image-2810\" srcset=\"https:\/\/ocantinhodoscabrais.pt\/wp-content\/uploads\/2023\/03\/OUT_OF_FRAME-239.jpg 892w, https:\/\/ocantinhodoscabrais.pt\/wp-content\/uploads\/2023\/03\/OUT_OF_FRAME-239-202x300.jpg 202w, https:\/\/ocantinhodoscabrais.pt\/wp-content\/uploads\/2023\/03\/OUT_OF_FRAME-239-690x1024.jpg 690w, https:\/\/ocantinhodoscabrais.pt\/wp-content\/uploads\/2023\/03\/OUT_OF_FRAME-239-768x1139.jpg 768w, https:\/\/ocantinhodoscabrais.pt\/wp-content\/uploads\/2023\/03\/OUT_OF_FRAME-239-600x890.jpg 600w\" sizes=\"(max-width: 892px) 100vw, 892px\" \/><\/figure><\/div><div class=\"wp-block-getwid-images-slider__item\"><figure><img loading=\"lazy\" decoding=\"async\" width=\"892\" height=\"1323\" src=\"http:\/\/ocantinhodoscabrais.pt\/wp-content\/uploads\/2023\/03\/OUT_OF_FRAME-247.jpg\" data-id=\"2821\" data-link=\"http:\/\/ocantinhodoscabrais.pt\/restaurante-o-bernardo\/attachment\/out_of_frame-247\/\" data-original-link=\"http:\/\/ocantinhodoscabrais.pt\/wp-content\/uploads\/2023\/03\/OUT_OF_FRAME-247.jpg\" class=\"wp-block-getwid-images-slider__image wp-image-2821\" srcset=\"https:\/\/ocantinhodoscabrais.pt\/wp-content\/uploads\/2023\/03\/OUT_OF_FRAME-247.jpg 892w, https:\/\/ocantinhodoscabrais.pt\/wp-content\/uploads\/2023\/03\/OUT_OF_FRAME-247-202x300.jpg 202w, https:\/\/ocantinhodoscabrais.pt\/wp-content\/uploads\/2023\/03\/OUT_OF_FRAME-247-690x1024.jpg 690w, https:\/\/ocantinhodoscabrais.pt\/wp-content\/uploads\/2023\/03\/OUT_OF_FRAME-247-768x1139.jpg 768w, https:\/\/ocantinhodoscabrais.pt\/wp-content\/uploads\/2023\/03\/OUT_OF_FRAME-247-600x890.jpg 600w\" sizes=\"(max-width: 892px) 100vw, 892px\" \/><\/figure><\/div><\/div><\/div>\n\n<div class=\"wp-block-getwid-advanced-heading\" style=\"margin-bottom:5px;margin-top:81px\"><h2 class=\"wp-block-getwid-advanced-heading__content\" style=\"text-align:center\">Venez go\u00fbter des plats typiques et d\u00e9couvrir le village<\/h2><\/div>\n\n<div style=\"height:19px\" aria-hidden=\"true\" class=\"wp-block-spacer\"><\/div>\n\n<div class=\"wp-block-getwid-advanced-heading\" style=\"margin-bottom:40px\"><span class=\"wp-block-getwid-advanced-heading__content\" style=\"text-align:left\">Inguias est un village portugais de la municipalit\u00e9 de Belmonte, avec une histoire qui remonte \u00e0 l&rsquo;\u00e9poque romaine et un riche patrimoine historique et culturel, comme l&rsquo;\u00e9glise paroissiale de Nossa Senhora da Concei\u00e7\u00e3o et le Pelourinho de Inguias. <br><br>De plus, il est entour\u00e9 de magnifiques paysages naturels, avec plusieurs options d&rsquo;activit\u00e9s de plein air. Les festivals locaux, tels que le festival de S\u00e3o Sebasti\u00e3o et le festival Nossa Senhora da Concei\u00e7\u00e3o, sont \u00e9galement populaires dans la r\u00e9gion.<br><br>Pour ceux qui visitent le village, une suggestion est d&rsquo;essayer le restaurant O Bernardo, qui propose des plats portugais traditionnels et une atmosph\u00e8re chaleureuse pour d\u00e9guster un repas typique de la r\u00e9gion.<\/span><\/div>\n\n<div style=\"height:25px\" aria-hidden=\"true\" class=\"wp-block-spacer\"><\/div>\n\n<div class=\"wp-block-buttons is-content-justification-center is-layout-flex wp-container-core-buttons-layout-1 wp-block-buttons-is-layout-flex\">\n<div class=\"wp-block-button\"><a class=\"wp-block-button__link wp-element-button\" href=\"http:\/\/ocantinhodoscabrais.pt\/fr\/chambres-appartements\/\">Faire une r\u00e9servation &#8211; Chambres &amp; Appartements<\/a><\/div>\n<\/div>\n\n<div style=\"height:60px\" aria-hidden=\"true\" class=\"wp-block-spacer\"><\/div>\n","protected":false},"excerpt":{"rendered":"<p>Essayez des plats typiques au restaurant \u00ab\u00a0O Bernardo\u00a0\u00bb. D\u00e9couvrez le village d&rsquo;Inguias, Belmonte &#8211; Portugal. Profitez de bons moments ici!<\/p>\n","protected":false},"author":1,"featured_media":0,"parent":0,"menu_order":0,"comment_status":"closed","ping_status":"closed","template":"","meta":{"_acf_changed":false,"inline_featured_image":false,"footnotes":""},"acf":[],"yoast_head":"<!-- This site is optimized with the Yoast SEO Premium plugin v19.5 (Yoast SEO v20.7) - https:\/\/yoast.com\/wordpress\/plugins\/seo\/ -->\n<title>Restaurant &quot;\u00d4 Bernardo&quot; - O Cantinho dos Cabrais<\/title>\n<meta name=\"description\" content=\"Essayez des plats typiques au restaurant &quot;O Bernardo&quot;. D\u00e9couvrez le village d&#039;Inguias, Belmonte - Portugal. Profitez de bons moments ici!\" \/>\n<meta name=\"robots\" content=\"index, follow, max-snippet:-1, max-image-preview:large, max-video-preview:-1\" \/>\n<link rel=\"canonical\" href=\"https:\/\/ocantinhodoscabrais.pt\/fr\/restaurant-o-bernardo\/\" \/>\n<meta property=\"og:locale\" content=\"fr_FR\" \/>\n<meta property=\"og:type\" content=\"article\" \/>\n<meta property=\"og:title\" content=\"Restaurant &quot;\u00d4 Bernardo&quot;\" \/>\n<meta property=\"og:description\" content=\"Essayez des plats typiques au restaurant &quot;O Bernardo&quot;. D\u00e9couvrez le village d&#039;Inguias, Belmonte - Portugal. Profitez de bons moments ici!\" \/>\n<meta property=\"og:url\" content=\"https:\/\/ocantinhodoscabrais.pt\/fr\/restaurant-o-bernardo\/\" \/>\n<meta property=\"og:site_name\" content=\"O Cantinho dos Cabrais\" \/>\n<meta property=\"article:modified_time\" content=\"2023-03-29T16:56:27+00:00\" \/>\n<meta property=\"og:image\" content=\"http:\/\/ocantinhodoscabrais.pt\/wp-content\/uploads\/2023\/03\/OUT_OF_FRAME-252.jpg\" \/>\n<meta name=\"twitter:card\" content=\"summary_large_image\" \/>\n<meta name=\"twitter:label1\" content=\"Dur\u00e9e de lecture estim\u00e9e\" \/>\n\t<meta name=\"twitter:data1\" content=\"1 minute\" \/>\n<script type=\"application\/ld+json\" class=\"yoast-schema-graph\">{\"@context\":\"https:\/\/schema.org\",\"@graph\":[{\"@type\":\"WebPage\",\"@id\":\"https:\/\/ocantinhodoscabrais.pt\/fr\/restaurant-o-bernardo\/\",\"url\":\"https:\/\/ocantinhodoscabrais.pt\/fr\/restaurant-o-bernardo\/\",\"name\":\"Restaurant \\\"\u00d4 Bernardo\\\" - O Cantinho dos Cabrais\",\"isPartOf\":{\"@id\":\"https:\/\/ocantinhodoscabrais.pt\/#website\"},\"datePublished\":\"2023-02-20T12:43:49+00:00\",\"dateModified\":\"2023-03-29T16:56:27+00:00\",\"description\":\"Essayez des plats typiques au restaurant \\\"O Bernardo\\\". D\u00e9couvrez le village d'Inguias, Belmonte - Portugal. Profitez de bons moments ici!\",\"breadcrumb\":{\"@id\":\"https:\/\/ocantinhodoscabrais.pt\/fr\/restaurant-o-bernardo\/#breadcrumb\"},\"inLanguage\":\"fr-FR\",\"potentialAction\":[{\"@type\":\"ReadAction\",\"target\":[\"https:\/\/ocantinhodoscabrais.pt\/fr\/restaurant-o-bernardo\/\"]}]},{\"@type\":\"BreadcrumbList\",\"@id\":\"https:\/\/ocantinhodoscabrais.pt\/fr\/restaurant-o-bernardo\/#breadcrumb\",\"itemListElement\":[{\"@type\":\"ListItem\",\"position\":1,\"name\":\"In\u00edcio\",\"item\":\"https:\/\/ocantinhodoscabrais.pt\/fr\/\"},{\"@type\":\"ListItem\",\"position\":2,\"name\":\"Restaurant \u00ab\u00a0\u00d4 Bernardo\u00a0\u00bb\"}]},{\"@type\":\"WebSite\",\"@id\":\"https:\/\/ocantinhodoscabrais.pt\/#website\",\"url\":\"https:\/\/ocantinhodoscabrais.pt\/\",\"name\":\"O Cantinho dos Cabrais\",\"description\":\"Sinta a Natureza\",\"publisher\":{\"@id\":\"https:\/\/ocantinhodoscabrais.pt\/#organization\"},\"potentialAction\":[{\"@type\":\"SearchAction\",\"target\":{\"@type\":\"EntryPoint\",\"urlTemplate\":\"https:\/\/ocantinhodoscabrais.pt\/?s={search_term_string}\"},\"query-input\":\"required name=search_term_string\"}],\"inLanguage\":\"fr-FR\"},{\"@type\":\"Organization\",\"@id\":\"https:\/\/ocantinhodoscabrais.pt\/#organization\",\"name\":\"O Cantinho dos Cabrais\",\"url\":\"https:\/\/ocantinhodoscabrais.pt\/\",\"logo\":{\"@type\":\"ImageObject\",\"inLanguage\":\"fr-FR\",\"@id\":\"https:\/\/ocantinhodoscabrais.pt\/#\/schema\/logo\/image\/\",\"url\":\"https:\/\/ocantinhodoscabrais.pt\/wp-content\/uploads\/2023\/02\/cropped-logo_horizontal.fw_.png\",\"contentUrl\":\"https:\/\/ocantinhodoscabrais.pt\/wp-content\/uploads\/2023\/02\/cropped-logo_horizontal.fw_.png\",\"width\":563,\"height\":109,\"caption\":\"O Cantinho dos Cabrais\"},\"image\":{\"@id\":\"https:\/\/ocantinhodoscabrais.pt\/#\/schema\/logo\/image\/\"}}]}<\/script>\n<!-- \/ Yoast SEO Premium plugin. -->","yoast_head_json":{"title":"Restaurant \"\u00d4 Bernardo\" - O Cantinho dos Cabrais","description":"Essayez des plats typiques au restaurant \"O Bernardo\". D\u00e9couvrez le village d'Inguias, Belmonte - Portugal. Profitez de bons moments ici!","robots":{"index":"index","follow":"follow","max-snippet":"max-snippet:-1","max-image-preview":"max-image-preview:large","max-video-preview":"max-video-preview:-1"},"canonical":"https:\/\/ocantinhodoscabrais.pt\/fr\/restaurant-o-bernardo\/","og_locale":"fr_FR","og_type":"article","og_title":"Restaurant \"\u00d4 Bernardo\"","og_description":"Essayez des plats typiques au restaurant \"O Bernardo\". D\u00e9couvrez le village d'Inguias, Belmonte - Portugal. Profitez de bons moments ici!","og_url":"https:\/\/ocantinhodoscabrais.pt\/fr\/restaurant-o-bernardo\/","og_site_name":"O Cantinho dos Cabrais","article_modified_time":"2023-03-29T16:56:27+00:00","og_image":[{"url":"http:\/\/ocantinhodoscabrais.pt\/wp-content\/uploads\/2023\/03\/OUT_OF_FRAME-252.jpg"}],"twitter_card":"summary_large_image","twitter_misc":{"Dur\u00e9e de lecture estim\u00e9e":"1 minute"},"schema":{"@context":"https:\/\/schema.org","@graph":[{"@type":"WebPage","@id":"https:\/\/ocantinhodoscabrais.pt\/fr\/restaurant-o-bernardo\/","url":"https:\/\/ocantinhodoscabrais.pt\/fr\/restaurant-o-bernardo\/","name":"Restaurant \"\u00d4 Bernardo\" - O Cantinho dos Cabrais","isPartOf":{"@id":"https:\/\/ocantinhodoscabrais.pt\/#website"},"datePublished":"2023-02-20T12:43:49+00:00","dateModified":"2023-03-29T16:56:27+00:00","description":"Essayez des plats typiques au restaurant \"O Bernardo\". D\u00e9couvrez le village d'Inguias, Belmonte - Portugal. Profitez de bons moments ici!","breadcrumb":{"@id":"https:\/\/ocantinhodoscabrais.pt\/fr\/restaurant-o-bernardo\/#breadcrumb"},"inLanguage":"fr-FR","potentialAction":[{"@type":"ReadAction","target":["https:\/\/ocantinhodoscabrais.pt\/fr\/restaurant-o-bernardo\/"]}]},{"@type":"BreadcrumbList","@id":"https:\/\/ocantinhodoscabrais.pt\/fr\/restaurant-o-bernardo\/#breadcrumb","itemListElement":[{"@type":"ListItem","position":1,"name":"In\u00edcio","item":"https:\/\/ocantinhodoscabrais.pt\/fr\/"},{"@type":"ListItem","position":2,"name":"Restaurant \u00ab\u00a0\u00d4 Bernardo\u00a0\u00bb"}]},{"@type":"WebSite","@id":"https:\/\/ocantinhodoscabrais.pt\/#website","url":"https:\/\/ocantinhodoscabrais.pt\/","name":"O Cantinho dos Cabrais","description":"Sinta a Natureza","publisher":{"@id":"https:\/\/ocantinhodoscabrais.pt\/#organization"},"potentialAction":[{"@type":"SearchAction","target":{"@type":"EntryPoint","urlTemplate":"https:\/\/ocantinhodoscabrais.pt\/?s={search_term_string}"},"query-input":"required name=search_term_string"}],"inLanguage":"fr-FR"},{"@type":"Organization","@id":"https:\/\/ocantinhodoscabrais.pt\/#organization","name":"O Cantinho dos Cabrais","url":"https:\/\/ocantinhodoscabrais.pt\/","logo":{"@type":"ImageObject","inLanguage":"fr-FR","@id":"https:\/\/ocantinhodoscabrais.pt\/#\/schema\/logo\/image\/","url":"https:\/\/ocantinhodoscabrais.pt\/wp-content\/uploads\/2023\/02\/cropped-logo_horizontal.fw_.png","contentUrl":"https:\/\/ocantinhodoscabrais.pt\/wp-content\/uploads\/2023\/02\/cropped-logo_horizontal.fw_.png","width":563,"height":109,"caption":"O Cantinho dos Cabrais"},"image":{"@id":"https:\/\/ocantinhodoscabrais.pt\/#\/schema\/logo\/image\/"}}]}},"_links":{"self":[{"href":"https:\/\/ocantinhodoscabrais.pt\/fr\/wp-json\/wp\/v2\/pages\/2516"}],"collection":[{"href":"https:\/\/ocantinhodoscabrais.pt\/fr\/wp-json\/wp\/v2\/pages"}],"about":[{"href":"https:\/\/ocantinhodoscabrais.pt\/fr\/wp-json\/wp\/v2\/types\/page"}],"author":[{"embeddable":true,"href":"https:\/\/ocantinhodoscabrais.pt\/fr\/wp-json\/wp\/v2\/users\/1"}],"replies":[{"embeddable":true,"href":"https:\/\/ocantinhodoscabrais.pt\/fr\/wp-json\/wp\/v2\/comments?post=2516"}],"version-history":[{"count":4,"href":"https:\/\/ocantinhodoscabrais.pt\/fr\/wp-json\/wp\/v2\/pages\/2516\/revisions"}],"predecessor-version":[{"id":3013,"href":"https:\/\/ocantinhodoscabrais.pt\/fr\/wp-json\/wp\/v2\/pages\/2516\/revisions\/3013"}],"wp:attachment":[{"href":"https:\/\/ocantinhodoscabrais.pt\/fr\/wp-json\/wp\/v2\/media?parent=2516"}],"curies":[{"name":"wp","href":"https:\/\/api.w.org\/{rel}","templated":true}]}}