{"id":2527,"date":"2019-08-20T11:29:12","date_gmt":"2019-08-20T10:29:12","guid":{"rendered":"http:\/\/ocantinhodoscabrais.pt\/a-propos-de-nous\/"},"modified":"2023-03-30T08:01:19","modified_gmt":"2023-03-30T08:01:19","slug":"a-propos-de-nous","status":"publish","type":"page","link":"https:\/\/ocantinhodoscabrais.pt\/fr\/a-propos-de-nous\/","title":{"rendered":"\u00c0 propos de nous"},"content":{"rendered":"\n<div class=\"wp-block-columns has-3-columns is-layout-flex wp-container-core-columns-layout-1 wp-block-columns-is-layout-flex\">\n<div class=\"wp-block-column is-layout-flow wp-block-column-is-layout-flow\">\n<div class=\"wp-block-getwid-advanced-heading\"><h2 class=\"wp-block-getwid-advanced-heading__content\">Des milliers de visiteurs nous ont d\u00e9j\u00e0 choisis avec toute leur affection !<\/h2><\/div>\n<\/div>\n\n\n\n<div class=\"wp-block-column is-layout-flow wp-block-column-is-layout-flow\">\n<p>C&rsquo;\u00e9tait le 8 juillet 1995, lorsque la famille Cabral Bernardo, r\u00e9sidant \u00e0 Inguias, a d\u00e9cid\u00e9 d&rsquo;investir dans leur propre entreprise, appel\u00e9e Caf\u00e9 Snack-Bar \u00ab\u00a0O Bernardo\u00a0\u00bb. <\/p>\n\n\n\n<p>C&rsquo;est dans cet espace qu&rsquo;au cours d&rsquo;une quinzaine d&rsquo;ann\u00e9es, la famille a construit ses racines et a vu grandir son entreprise.<\/p>\n<\/div>\n\n\n\n<div class=\"wp-block-column is-layout-flow wp-block-column-is-layout-flow\">\n<p>Apr\u00e8s 16 ans, le besoin d&rsquo;agrandir l&rsquo;entreprise s&rsquo;est fait sentir, en raison de la croissance qui s&rsquo;\u00e9tait fait sentir pendant tout ce temps.<\/p>\n\n\n\n<p>Dans ce changement, en 2011, l&rsquo;espace a \u00e9t\u00e9 reclass\u00e9 et le nom a \u00e9t\u00e9 restructur\u00e9 en Restaurant Snack-Bar \u00ab\u00a0O Bernardo\u00a0\u00bb.<\/p>\n<\/div>\n<\/div>\n\n<div style=\"height:50px\" aria-hidden=\"true\" class=\"wp-block-spacer\"><\/div>\n\n<div class=\"wp-block-buttons is-content-justification-center is-layout-flex wp-container-core-buttons-layout-1 wp-block-buttons-is-layout-flex\">\n<div class=\"wp-block-button\"><a class=\"wp-block-button__link wp-element-button\" href=\"http:\/\/ocantinhodoscabrais.pt\/fr\/chambres-appartements\/\">Voir Chambres ou Appartements<\/a><\/div>\n<\/div>\n\n<div style=\"height:40px\" aria-hidden=\"true\" class=\"wp-block-spacer\"><\/div>\n\n<div class=\"wp-block-columns has-2-columns is-layout-flex wp-container-core-columns-layout-2 wp-block-columns-is-layout-flex\">\n<div class=\"wp-block-column is-layout-flow wp-block-column-is-layout-flow\">\n<figure class=\"wp-block-image size-large\"><img fetchpriority=\"high\" decoding=\"async\" width=\"861\" height=\"1024\" src=\"http:\/\/ocantinhodoscabrais.pt\/wp-content\/uploads\/2023\/02\/Packs-O-Cantinho-dos-Cabrais-2-861x1024.png\" alt=\"\" class=\"wp-image-1456\" srcset=\"https:\/\/ocantinhodoscabrais.pt\/wp-content\/uploads\/2023\/02\/Packs-O-Cantinho-dos-Cabrais-2-861x1024.png 861w, https:\/\/ocantinhodoscabrais.pt\/wp-content\/uploads\/2023\/02\/Packs-O-Cantinho-dos-Cabrais-2-600x714.png 600w, https:\/\/ocantinhodoscabrais.pt\/wp-content\/uploads\/2023\/02\/Packs-O-Cantinho-dos-Cabrais-2-252x300.png 252w, https:\/\/ocantinhodoscabrais.pt\/wp-content\/uploads\/2023\/02\/Packs-O-Cantinho-dos-Cabrais-2-768x914.png 768w, https:\/\/ocantinhodoscabrais.pt\/wp-content\/uploads\/2023\/02\/Packs-O-Cantinho-dos-Cabrais-2.png 892w\" sizes=\"(max-width: 861px) 100vw, 861px\" \/><\/figure>\n<\/div>\n\n\n\n<div class=\"wp-block-column is-layout-flow wp-block-column-is-layout-flow\">\n<figure class=\"wp-block-gallery has-nested-images columns-2 is-cropped wp-block-gallery-1 is-layout-flex wp-block-gallery-is-layout-flex\">\n<figure class=\"wp-block-image size-large\"><img decoding=\"async\" width=\"861\" height=\"1024\" src=\"http:\/\/ocantinhodoscabrais.pt\/wp-content\/uploads\/2023\/02\/Apartamentos-O-Cantinho-dos-Cabrais-861x1024.png\" alt=\"Appartements - O Cantinho dos Cabrais\" class=\"wp-image-1443\" srcset=\"https:\/\/ocantinhodoscabrais.pt\/wp-content\/uploads\/2023\/02\/Apartamentos-O-Cantinho-dos-Cabrais-861x1024.png 861w, https:\/\/ocantinhodoscabrais.pt\/wp-content\/uploads\/2023\/02\/Apartamentos-O-Cantinho-dos-Cabrais-600x714.png 600w, https:\/\/ocantinhodoscabrais.pt\/wp-content\/uploads\/2023\/02\/Apartamentos-O-Cantinho-dos-Cabrais-252x300.png 252w, https:\/\/ocantinhodoscabrais.pt\/wp-content\/uploads\/2023\/02\/Apartamentos-O-Cantinho-dos-Cabrais-768x914.png 768w, https:\/\/ocantinhodoscabrais.pt\/wp-content\/uploads\/2023\/02\/Apartamentos-O-Cantinho-dos-Cabrais.png 892w\" sizes=\"(max-width: 861px) 100vw, 861px\" \/><\/figure>\n\n\n\n<figure class=\"wp-block-image size-large\"><img decoding=\"async\" width=\"861\" height=\"1024\" src=\"http:\/\/ocantinhodoscabrais.pt\/wp-content\/uploads\/2023\/02\/SPA-O-Cantinhos-dos-Cabrais-1-861x1024.png\" alt=\"\" class=\"wp-image-1458\" srcset=\"https:\/\/ocantinhodoscabrais.pt\/wp-content\/uploads\/2023\/02\/SPA-O-Cantinhos-dos-Cabrais-1-861x1024.png 861w, https:\/\/ocantinhodoscabrais.pt\/wp-content\/uploads\/2023\/02\/SPA-O-Cantinhos-dos-Cabrais-1-600x714.png 600w, https:\/\/ocantinhodoscabrais.pt\/wp-content\/uploads\/2023\/02\/SPA-O-Cantinhos-dos-Cabrais-1-252x300.png 252w, https:\/\/ocantinhodoscabrais.pt\/wp-content\/uploads\/2023\/02\/SPA-O-Cantinhos-dos-Cabrais-1-768x914.png 768w, https:\/\/ocantinhodoscabrais.pt\/wp-content\/uploads\/2023\/02\/SPA-O-Cantinhos-dos-Cabrais-1.png 892w\" sizes=\"(max-width: 861px) 100vw, 861px\" \/><\/figure>\n\n\n\n<figure class=\"wp-block-image size-full\"><img loading=\"lazy\" decoding=\"async\" width=\"892\" height=\"892\" src=\"http:\/\/ocantinhodoscabrais.pt\/wp-content\/uploads\/2023\/02\/Apartamento-2.png\" alt=\"\" class=\"wp-image-1447\" srcset=\"https:\/\/ocantinhodoscabrais.pt\/wp-content\/uploads\/2023\/02\/Apartamento-2.png 892w, https:\/\/ocantinhodoscabrais.pt\/wp-content\/uploads\/2023\/02\/Apartamento-2-300x300.png 300w, https:\/\/ocantinhodoscabrais.pt\/wp-content\/uploads\/2023\/02\/Apartamento-2-100x100.png 100w, https:\/\/ocantinhodoscabrais.pt\/wp-content\/uploads\/2023\/02\/Apartamento-2-600x600.png 600w, https:\/\/ocantinhodoscabrais.pt\/wp-content\/uploads\/2023\/02\/Apartamento-2-150x150.png 150w, https:\/\/ocantinhodoscabrais.pt\/wp-content\/uploads\/2023\/02\/Apartamento-2-768x768.png 768w\" sizes=\"(max-width: 892px) 100vw, 892px\" \/><\/figure>\n\n\n\n<figure class=\"wp-block-image size-large\"><img loading=\"lazy\" decoding=\"async\" width=\"1024\" height=\"576\" src=\"http:\/\/ocantinhodoscabrais.pt\/wp-content\/uploads\/2023\/02\/Restaurante-O-Cantinho-dos-Cabrais-13-1024x576.png\" alt=\"\" class=\"wp-image-1461\" srcset=\"https:\/\/ocantinhodoscabrais.pt\/wp-content\/uploads\/2023\/02\/Restaurante-O-Cantinho-dos-Cabrais-13-1024x576.png 1024w, https:\/\/ocantinhodoscabrais.pt\/wp-content\/uploads\/2023\/02\/Restaurante-O-Cantinho-dos-Cabrais-13-600x338.png 600w, https:\/\/ocantinhodoscabrais.pt\/wp-content\/uploads\/2023\/02\/Restaurante-O-Cantinho-dos-Cabrais-13-300x169.png 300w, https:\/\/ocantinhodoscabrais.pt\/wp-content\/uploads\/2023\/02\/Restaurante-O-Cantinho-dos-Cabrais-13-768x432.png 768w, https:\/\/ocantinhodoscabrais.pt\/wp-content\/uploads\/2023\/02\/Restaurante-O-Cantinho-dos-Cabrais-13-892x502.png 892w, https:\/\/ocantinhodoscabrais.pt\/wp-content\/uploads\/2023\/02\/Restaurante-O-Cantinho-dos-Cabrais-13.png 1280w\" sizes=\"(max-width: 1024px) 100vw, 1024px\" \/><\/figure>\n<\/figure>\n<\/div>\n<\/div>\n\n<div style=\"height:50px\" aria-hidden=\"true\" class=\"wp-block-spacer\"><\/div>\n\n<div class=\"wp-block-getwid-advanced-heading\" style=\"margin-bottom:5px;margin-top:46px\"><h2 class=\"wp-block-getwid-advanced-heading__content\" style=\"text-align:center\">25 ans de d\u00e9vouement, d&rsquo;amour et de soins<\/h2><\/div>\n\n<div style=\"height:15px\" aria-hidden=\"true\" class=\"wp-block-spacer\"><\/div>\n\n<div class=\"wp-block-getwid-advanced-heading\" style=\"margin-bottom:45px\"><span class=\"wp-block-getwid-advanced-heading__content\" style=\"text-align:left\">Depuis 25 ans dans le m\u00e9tier de traiteur, proposer \u00e0 nos clients une gastronomie avec des recettes typiques, anciennes et familiales. <br><br>Notre restaurant valorise ses propres produits, produits de la r\u00e9gion et emm\u00e8ne nos clients go\u00fbter les temps d&rsquo;antan dans ce village.<br><br>Vingt-cinq ans ont pass\u00e9 et aujourd&rsquo;hui nous comprenons qu&rsquo;investir dans notre village, \u00e0 Inguias, a \u00e9t\u00e9 la meilleure chose que nous ayons faite.<br><br>Pour cette raison, c&rsquo;est ainsi que l&rsquo;h\u00e9bergement local &#8211; \u00ab\u00a0O Cantinho dos Cabrais\u00a0\u00bb est n\u00e9.<br><br>Nous voulons sensibiliser les gens \u00e0 la beaut\u00e9 naturelle de notre municipalit\u00e9, <a href=\"https:\/\/cm-belmonte.pt\/\" target=\"_blank\" rel=\"noreferrer noopener\"><strong>Belmonte<\/strong><\/a>,et la r\u00e9gion de Cova da Beira.<br><br>Il s&rsquo;agit d&rsquo;un logement confortable et confortable, comme son nom l&rsquo;indique, c&rsquo;est un coin o\u00f9 nos clients peuvent sentir le confort de leur maison, mais dans ce cas, nous serons les seuls \u00e0 prendre soin de votre s\u00e9jour et \u00e0 garantir tout votre confort. <br><br><strong><a href=\"https:\/\/www.ocantinhodoscabrais.pt\/\" target=\"_blank\" rel=\"noreferrer noopener\">Este \u00e9 um alojamento<\/a><\/strong>qui s&rsquo;adresse \u00e0 vous, votre famille, un couple, peu importe le sexe, l&rsquo;\u00e2ge ou la raison de votre visite, vous trouverez ici votre coin et nous adapterons notre service \u00e0 la raison de votre visite\/s\u00e9jour.<\/span><\/div>\n\n<div style=\"height:31px\" aria-hidden=\"true\" class=\"wp-block-spacer\"><\/div>\n\n<div class=\"wp-block-buttons is-content-justification-center is-layout-flex wp-container-core-buttons-layout-2 wp-block-buttons-is-layout-flex\">\n<div class=\"wp-block-button\"><a class=\"wp-block-button__link wp-element-button\" href=\"http:\/\/ocantinhodoscabrais.pt\/fr\/chambres-appartements\/\">R\u00e9server un h\u00e9bergement<\/a><\/div>\n<\/div>\n\n<div style=\"height:30px\" aria-hidden=\"true\" class=\"wp-block-spacer\"><\/div>\n","protected":false},"excerpt":{"rendered":"<p>Nous voulons que le temps pass\u00e9 dans notre entreprise soit une raison de revenir dans notre coin, celui qui est aussi devenu votre coin.<\/p>\n","protected":false},"author":1,"featured_media":0,"parent":0,"menu_order":0,"comment_status":"closed","ping_status":"closed","template":"template-wide-page.php","meta":{"_acf_changed":false,"inline_featured_image":false,"footnotes":""},"acf":[],"yoast_head":"<!-- This site is optimized with the Yoast SEO Premium plugin v19.5 (Yoast SEO v20.7) - https:\/\/yoast.com\/wordpress\/plugins\/seo\/ -->\n<title>\u00c0 propos de nous - O Cantinho dos Cabrais<\/title>\n<meta name=\"robots\" content=\"index, follow, max-snippet:-1, max-image-preview:large, max-video-preview:-1\" \/>\n<link rel=\"canonical\" href=\"https:\/\/ocantinhodoscabrais.pt\/fr\/a-propos-de-nous\/\" \/>\n<meta property=\"og:locale\" content=\"fr_FR\" \/>\n<meta property=\"og:type\" content=\"article\" \/>\n<meta property=\"og:title\" content=\"\u00c0 propos de nous\" \/>\n<meta property=\"og:description\" content=\"Nous voulons que le temps pass\u00e9 dans notre entreprise soit une raison de revenir dans notre coin, celui qui est aussi devenu votre coin.\" \/>\n<meta property=\"og:url\" content=\"https:\/\/ocantinhodoscabrais.pt\/fr\/a-propos-de-nous\/\" \/>\n<meta property=\"og:site_name\" content=\"O Cantinho dos Cabrais\" \/>\n<meta property=\"article:modified_time\" content=\"2023-03-30T08:01:19+00:00\" \/>\n<meta property=\"og:image\" content=\"http:\/\/ocantinhodoscabrais.pt\/wp-content\/uploads\/2023\/02\/Packs-O-Cantinho-dos-Cabrais-2-861x1024.png\" \/>\n<meta name=\"twitter:card\" content=\"summary_large_image\" \/>\n<meta name=\"twitter:label1\" content=\"Dur\u00e9e de lecture estim\u00e9e\" \/>\n\t<meta name=\"twitter:data1\" content=\"2 minutes\" \/>\n<script type=\"application\/ld+json\" class=\"yoast-schema-graph\">{\"@context\":\"https:\/\/schema.org\",\"@graph\":[{\"@type\":\"WebPage\",\"@id\":\"https:\/\/ocantinhodoscabrais.pt\/fr\/a-propos-de-nous\/\",\"url\":\"https:\/\/ocantinhodoscabrais.pt\/fr\/a-propos-de-nous\/\",\"name\":\"\u00c0 propos de nous - O Cantinho dos Cabrais\",\"isPartOf\":{\"@id\":\"https:\/\/ocantinhodoscabrais.pt\/#website\"},\"datePublished\":\"2019-08-20T10:29:12+00:00\",\"dateModified\":\"2023-03-30T08:01:19+00:00\",\"breadcrumb\":{\"@id\":\"https:\/\/ocantinhodoscabrais.pt\/fr\/a-propos-de-nous\/#breadcrumb\"},\"inLanguage\":\"fr-FR\",\"potentialAction\":[{\"@type\":\"ReadAction\",\"target\":[\"https:\/\/ocantinhodoscabrais.pt\/fr\/a-propos-de-nous\/\"]}]},{\"@type\":\"BreadcrumbList\",\"@id\":\"https:\/\/ocantinhodoscabrais.pt\/fr\/a-propos-de-nous\/#breadcrumb\",\"itemListElement\":[{\"@type\":\"ListItem\",\"position\":1,\"name\":\"In\u00edcio\",\"item\":\"https:\/\/ocantinhodoscabrais.pt\/fr\/\"},{\"@type\":\"ListItem\",\"position\":2,\"name\":\"\u00c0 propos de nous\"}]},{\"@type\":\"WebSite\",\"@id\":\"https:\/\/ocantinhodoscabrais.pt\/#website\",\"url\":\"https:\/\/ocantinhodoscabrais.pt\/\",\"name\":\"O Cantinho dos Cabrais\",\"description\":\"Sinta a Natureza\",\"publisher\":{\"@id\":\"https:\/\/ocantinhodoscabrais.pt\/#organization\"},\"potentialAction\":[{\"@type\":\"SearchAction\",\"target\":{\"@type\":\"EntryPoint\",\"urlTemplate\":\"https:\/\/ocantinhodoscabrais.pt\/?s={search_term_string}\"},\"query-input\":\"required name=search_term_string\"}],\"inLanguage\":\"fr-FR\"},{\"@type\":\"Organization\",\"@id\":\"https:\/\/ocantinhodoscabrais.pt\/#organization\",\"name\":\"O Cantinho dos Cabrais\",\"url\":\"https:\/\/ocantinhodoscabrais.pt\/\",\"logo\":{\"@type\":\"ImageObject\",\"inLanguage\":\"fr-FR\",\"@id\":\"https:\/\/ocantinhodoscabrais.pt\/#\/schema\/logo\/image\/\",\"url\":\"https:\/\/ocantinhodoscabrais.pt\/wp-content\/uploads\/2023\/02\/cropped-logo_horizontal.fw_.png\",\"contentUrl\":\"https:\/\/ocantinhodoscabrais.pt\/wp-content\/uploads\/2023\/02\/cropped-logo_horizontal.fw_.png\",\"width\":563,\"height\":109,\"caption\":\"O Cantinho dos Cabrais\"},\"image\":{\"@id\":\"https:\/\/ocantinhodoscabrais.pt\/#\/schema\/logo\/image\/\"}}]}<\/script>\n<!-- \/ Yoast SEO Premium plugin. -->","yoast_head_json":{"title":"\u00c0 propos de nous - O Cantinho dos Cabrais","robots":{"index":"index","follow":"follow","max-snippet":"max-snippet:-1","max-image-preview":"max-image-preview:large","max-video-preview":"max-video-preview:-1"},"canonical":"https:\/\/ocantinhodoscabrais.pt\/fr\/a-propos-de-nous\/","og_locale":"fr_FR","og_type":"article","og_title":"\u00c0 propos de nous","og_description":"Nous voulons que le temps pass\u00e9 dans notre entreprise soit une raison de revenir dans notre coin, celui qui est aussi devenu votre coin.","og_url":"https:\/\/ocantinhodoscabrais.pt\/fr\/a-propos-de-nous\/","og_site_name":"O Cantinho dos Cabrais","article_modified_time":"2023-03-30T08:01:19+00:00","og_image":[{"url":"http:\/\/ocantinhodoscabrais.pt\/wp-content\/uploads\/2023\/02\/Packs-O-Cantinho-dos-Cabrais-2-861x1024.png"}],"twitter_card":"summary_large_image","twitter_misc":{"Dur\u00e9e de lecture estim\u00e9e":"2 minutes"},"schema":{"@context":"https:\/\/schema.org","@graph":[{"@type":"WebPage","@id":"https:\/\/ocantinhodoscabrais.pt\/fr\/a-propos-de-nous\/","url":"https:\/\/ocantinhodoscabrais.pt\/fr\/a-propos-de-nous\/","name":"\u00c0 propos de nous - O Cantinho dos Cabrais","isPartOf":{"@id":"https:\/\/ocantinhodoscabrais.pt\/#website"},"datePublished":"2019-08-20T10:29:12+00:00","dateModified":"2023-03-30T08:01:19+00:00","breadcrumb":{"@id":"https:\/\/ocantinhodoscabrais.pt\/fr\/a-propos-de-nous\/#breadcrumb"},"inLanguage":"fr-FR","potentialAction":[{"@type":"ReadAction","target":["https:\/\/ocantinhodoscabrais.pt\/fr\/a-propos-de-nous\/"]}]},{"@type":"BreadcrumbList","@id":"https:\/\/ocantinhodoscabrais.pt\/fr\/a-propos-de-nous\/#breadcrumb","itemListElement":[{"@type":"ListItem","position":1,"name":"In\u00edcio","item":"https:\/\/ocantinhodoscabrais.pt\/fr\/"},{"@type":"ListItem","position":2,"name":"\u00c0 propos de nous"}]},{"@type":"WebSite","@id":"https:\/\/ocantinhodoscabrais.pt\/#website","url":"https:\/\/ocantinhodoscabrais.pt\/","name":"O Cantinho dos Cabrais","description":"Sinta a Natureza","publisher":{"@id":"https:\/\/ocantinhodoscabrais.pt\/#organization"},"potentialAction":[{"@type":"SearchAction","target":{"@type":"EntryPoint","urlTemplate":"https:\/\/ocantinhodoscabrais.pt\/?s={search_term_string}"},"query-input":"required name=search_term_string"}],"inLanguage":"fr-FR"},{"@type":"Organization","@id":"https:\/\/ocantinhodoscabrais.pt\/#organization","name":"O Cantinho dos Cabrais","url":"https:\/\/ocantinhodoscabrais.pt\/","logo":{"@type":"ImageObject","inLanguage":"fr-FR","@id":"https:\/\/ocantinhodoscabrais.pt\/#\/schema\/logo\/image\/","url":"https:\/\/ocantinhodoscabrais.pt\/wp-content\/uploads\/2023\/02\/cropped-logo_horizontal.fw_.png","contentUrl":"https:\/\/ocantinhodoscabrais.pt\/wp-content\/uploads\/2023\/02\/cropped-logo_horizontal.fw_.png","width":563,"height":109,"caption":"O Cantinho dos Cabrais"},"image":{"@id":"https:\/\/ocantinhodoscabrais.pt\/#\/schema\/logo\/image\/"}}]}},"_links":{"self":[{"href":"https:\/\/ocantinhodoscabrais.pt\/fr\/wp-json\/wp\/v2\/pages\/2527"}],"collection":[{"href":"https:\/\/ocantinhodoscabrais.pt\/fr\/wp-json\/wp\/v2\/pages"}],"about":[{"href":"https:\/\/ocantinhodoscabrais.pt\/fr\/wp-json\/wp\/v2\/types\/page"}],"author":[{"embeddable":true,"href":"https:\/\/ocantinhodoscabrais.pt\/fr\/wp-json\/wp\/v2\/users\/1"}],"replies":[{"embeddable":true,"href":"https:\/\/ocantinhodoscabrais.pt\/fr\/wp-json\/wp\/v2\/comments?post=2527"}],"version-history":[{"count":2,"href":"https:\/\/ocantinhodoscabrais.pt\/fr\/wp-json\/wp\/v2\/pages\/2527\/revisions"}],"predecessor-version":[{"id":3033,"href":"https:\/\/ocantinhodoscabrais.pt\/fr\/wp-json\/wp\/v2\/pages\/2527\/revisions\/3033"}],"wp:attachment":[{"href":"https:\/\/ocantinhodoscabrais.pt\/fr\/wp-json\/wp\/v2\/media?parent=2527"}],"curies":[{"name":"wp","href":"https:\/\/api.w.org\/{rel}","templated":true}]}}