{"id":2531,"date":"2019-09-17T11:28:45","date_gmt":"2019-09-17T10:28:45","guid":{"rendered":"http:\/\/ocantinhodoscabrais.pt\/spa-o-cantinho-dos-cabrais\/"},"modified":"2023-03-30T08:05:01","modified_gmt":"2023-03-30T08:05:01","slug":"spa-o-cantinho-dos-cabrais","status":"publish","type":"page","link":"https:\/\/ocantinhodoscabrais.pt\/fr\/spa-o-cantinho-dos-cabrais\/","title":{"rendered":"Spa &#8211; O Cantinho dos Cabrais"},"content":{"rendered":"\n<div class=\"wp-block-getwid-section getwid-margin-top-none getwid-section-content-custom-width\"><div class=\"wp-block-getwid-section__wrapper getwid-padding-left-none getwid-padding-right-none\" style=\"padding-top:30px;padding-bottom:20px\"><div class=\"wp-block-getwid-section__inner-wrapper\" style=\"max-width:892px\"><div class=\"wp-block-getwid-section__background-holder\"><div class=\"wp-block-getwid-section__background\"><\/div><div class=\"wp-block-getwid-section__foreground\"><\/div><\/div><div class=\"wp-block-getwid-section__content\"><div class=\"wp-block-getwid-section__inner-content\">\n<div class=\"wp-block-getwid-advanced-heading has-custom-font-size\" style=\"font-size:30px;margin-bottom:10px\"><h4 class=\"wp-block-getwid-advanced-heading__content\" style=\"text-align:center\">Avantages de notre Spa<\/h4><\/div>\n<\/div><\/div><\/div><\/div><\/div>\n\n<div class=\"wp-block-columns has-2-columns is-layout-flex wp-container-core-columns-layout-1 wp-block-columns-is-layout-flex\">\n<div class=\"wp-block-column is-layout-flow wp-block-column-is-layout-flow\">\n<div class=\"wp-block-getwid-section is-style-with-shadow\"><div class=\"wp-block-getwid-section__wrapper getwid-padding-top-medium getwid-padding-bottom-medium getwid-padding-left-medium getwid-padding-right-medium\"><div class=\"wp-block-getwid-section__inner-wrapper\"><div class=\"wp-block-getwid-section__background-holder\"><div class=\"wp-block-getwid-section__background has-background has-white-background-color\"><\/div><div class=\"wp-block-getwid-section__foreground\"><\/div><\/div><div class=\"wp-block-getwid-section__content\"><div class=\"wp-block-getwid-section__inner-content\">\n<div class=\"wp-block-getwid-image-box has-image-left has-text-left has-mobile-layout-column has-mobile-alignment-center\"><div class=\"wp-block-getwid-image-box__image-container is-position-middle\"><div class=\"wp-block-getwid-image-box__image-wrapper\"><img fetchpriority=\"high\" decoding=\"async\" width=\"1280\" height=\"720\" src=\"http:\/\/ocantinhodoscabrais.pt\/wp-content\/uploads\/2023\/03\/OUT_OF_FRAME-184.jpg\" alt=\"\" class=\"wp-block-getwid-image-box__image wp-image-2757\" srcset=\"https:\/\/ocantinhodoscabrais.pt\/wp-content\/uploads\/2023\/03\/OUT_OF_FRAME-184.jpg 1280w, https:\/\/ocantinhodoscabrais.pt\/wp-content\/uploads\/2023\/03\/OUT_OF_FRAME-184-300x169.jpg 300w, https:\/\/ocantinhodoscabrais.pt\/wp-content\/uploads\/2023\/03\/OUT_OF_FRAME-184-1024x576.jpg 1024w, https:\/\/ocantinhodoscabrais.pt\/wp-content\/uploads\/2023\/03\/OUT_OF_FRAME-184-768x432.jpg 768w, https:\/\/ocantinhodoscabrais.pt\/wp-content\/uploads\/2023\/03\/OUT_OF_FRAME-184-892x502.jpg 892w, https:\/\/ocantinhodoscabrais.pt\/wp-content\/uploads\/2023\/03\/OUT_OF_FRAME-184-600x338.jpg 600w\" sizes=\"(max-width: 1280px) 100vw, 1280px\" \/><\/div><\/div><div class=\"wp-block-getwid-image-box__content\">\n<div class=\"wp-block-getwid-advanced-heading\" style=\"margin-bottom:15px\"><h4 class=\"wp-block-getwid-advanced-heading__content\">D\u00e9tente et r\u00e9duction du stress :<\/h4><\/div>\n\n\n\n<p style=\"font-size:14px\">Un spa est un environnement paisible et relaxant o\u00f9 les clients peuvent se d\u00e9tendre et \u00e9vacuer le stress. <\/p>\n\n\n\n<p style=\"font-size:14px\">En vivant cette exp\u00e9rience, vous pouvez r\u00e9duire les tensions musculaires et mentales, am\u00e9liorer la circulation sanguine et abaisser les niveaux de cortisol, l&rsquo;hormone du stress.<\/p>\n<\/div><\/div>\n<\/div><\/div><\/div><\/div><\/div>\n\n\n\n<div class=\"wp-block-getwid-section is-style-with-shadow\"><div class=\"wp-block-getwid-section__wrapper getwid-padding-top-medium getwid-padding-bottom-medium getwid-padding-left-medium getwid-padding-right-medium\"><div class=\"wp-block-getwid-section__inner-wrapper\"><div class=\"wp-block-getwid-section__background-holder\"><div class=\"wp-block-getwid-section__background has-background has-white-background-color\"><\/div><div class=\"wp-block-getwid-section__foreground\"><\/div><\/div><div class=\"wp-block-getwid-section__content\"><div class=\"wp-block-getwid-section__inner-content\">\n<div class=\"wp-block-getwid-image-box has-image-left has-text-left has-mobile-layout-column has-mobile-alignment-center\"><div class=\"wp-block-getwid-image-box__image-container is-position-middle\"><div class=\"wp-block-getwid-image-box__image-wrapper\"><img decoding=\"async\" width=\"1280\" height=\"720\" src=\"http:\/\/ocantinhodoscabrais.pt\/wp-content\/uploads\/2023\/03\/BS_Photo-7093.jpg\" alt=\"\" class=\"wp-block-getwid-image-box__image wp-image-2762\" srcset=\"https:\/\/ocantinhodoscabrais.pt\/wp-content\/uploads\/2023\/03\/BS_Photo-7093.jpg 1280w, https:\/\/ocantinhodoscabrais.pt\/wp-content\/uploads\/2023\/03\/BS_Photo-7093-300x169.jpg 300w, https:\/\/ocantinhodoscabrais.pt\/wp-content\/uploads\/2023\/03\/BS_Photo-7093-1024x576.jpg 1024w, https:\/\/ocantinhodoscabrais.pt\/wp-content\/uploads\/2023\/03\/BS_Photo-7093-768x432.jpg 768w, https:\/\/ocantinhodoscabrais.pt\/wp-content\/uploads\/2023\/03\/BS_Photo-7093-892x502.jpg 892w, https:\/\/ocantinhodoscabrais.pt\/wp-content\/uploads\/2023\/03\/BS_Photo-7093-600x338.jpg 600w\" sizes=\"(max-width: 1280px) 100vw, 1280px\" \/><\/div><\/div><div class=\"wp-block-getwid-image-box__content\">\n<div class=\"wp-block-getwid-advanced-heading\" style=\"margin-bottom:15px\"><h4 class=\"wp-block-getwid-advanced-heading__content\">Am\u00e9liorer la sant\u00e9 physique :<\/h4><\/div>\n\n\n\n<p style=\"font-size:14px\">Am\u00e9liorer la circulation sanguine, r\u00e9duire les douleurs musculaires et articulaires et am\u00e9liorer la sant\u00e9 de la peau. <\/p>\n\n\n\n<p style=\"font-size:14px\">Sentez l&rsquo;eau chaude, entrez dans le sauna, prenez un bain de vapeur et profitez de la sensation de chaleur.<\/p>\n<\/div><\/div>\n<\/div><\/div><\/div><\/div><\/div>\n\n\n\n<div class=\"wp-block-getwid-section is-style-with-shadow\"><div class=\"wp-block-getwid-section__wrapper getwid-padding-top-medium getwid-padding-bottom-medium getwid-padding-left-medium getwid-padding-right-medium\"><div class=\"wp-block-getwid-section__inner-wrapper\"><div class=\"wp-block-getwid-section__background-holder\"><div class=\"wp-block-getwid-section__background has-background has-white-background-color\"><\/div><div class=\"wp-block-getwid-section__foreground\"><\/div><\/div><div class=\"wp-block-getwid-section__content\"><div class=\"wp-block-getwid-section__inner-content\">\n<div class=\"wp-block-getwid-image-box has-image-left has-text-left has-mobile-layout-column has-mobile-alignment-center\"><div class=\"wp-block-getwid-image-box__image-container is-position-middle\"><div class=\"wp-block-getwid-image-box__image-wrapper\"><img decoding=\"async\" width=\"1280\" height=\"720\" src=\"http:\/\/ocantinhodoscabrais.pt\/wp-content\/uploads\/2023\/03\/OUT_OF_FRAME-212.jpg\" alt=\"\" class=\"wp-block-getwid-image-box__image wp-image-2767\" srcset=\"https:\/\/ocantinhodoscabrais.pt\/wp-content\/uploads\/2023\/03\/OUT_OF_FRAME-212.jpg 1280w, https:\/\/ocantinhodoscabrais.pt\/wp-content\/uploads\/2023\/03\/OUT_OF_FRAME-212-300x169.jpg 300w, https:\/\/ocantinhodoscabrais.pt\/wp-content\/uploads\/2023\/03\/OUT_OF_FRAME-212-1024x576.jpg 1024w, https:\/\/ocantinhodoscabrais.pt\/wp-content\/uploads\/2023\/03\/OUT_OF_FRAME-212-768x432.jpg 768w, https:\/\/ocantinhodoscabrais.pt\/wp-content\/uploads\/2023\/03\/OUT_OF_FRAME-212-892x502.jpg 892w, https:\/\/ocantinhodoscabrais.pt\/wp-content\/uploads\/2023\/03\/OUT_OF_FRAME-212-600x338.jpg 600w\" sizes=\"(max-width: 1280px) 100vw, 1280px\" \/><\/div><\/div><div class=\"wp-block-getwid-image-box__content\">\n<div class=\"wp-block-getwid-advanced-heading\" style=\"margin-bottom:15px\"><h4 class=\"wp-block-getwid-advanced-heading__content\">Renouveau et rajeunissement :<\/h4><\/div>\n\n\n\n<p style=\"font-size:14px\">En plus de vous aider \u00e0 vous d\u00e9tendre et \u00e0 am\u00e9liorer votre sant\u00e9 physique, un spa peut vous aider \u00e0 renouveler et \u00e0 rajeunir votre corps et votre esprit. <\/p>\n\n\n\n<p style=\"font-size:14px\">Am\u00e9liorer l&rsquo;apparence et le sentiment g\u00e9n\u00e9ral de bien-\u00eatre.<\/p>\n<\/div><\/div>\n<\/div><\/div><\/div><\/div><\/div>\n\n\n\n<div class=\"wp-block-getwid-section is-style-with-shadow\"><div class=\"wp-block-getwid-section__wrapper getwid-padding-top-medium getwid-padding-bottom-medium getwid-padding-left-medium getwid-padding-right-medium\"><div class=\"wp-block-getwid-section__inner-wrapper\"><div class=\"wp-block-getwid-section__background-holder\"><div class=\"wp-block-getwid-section__background has-background has-white-background-color\"><\/div><div class=\"wp-block-getwid-section__foreground\"><\/div><\/div><div class=\"wp-block-getwid-section__content\"><div class=\"wp-block-getwid-section__inner-content\">\n<div class=\"wp-block-getwid-image-box has-image-left has-text-left has-mobile-layout-column has-mobile-alignment-center\"><div class=\"wp-block-getwid-image-box__image-container is-position-middle\"><div class=\"wp-block-getwid-image-box__image-wrapper\"><img loading=\"lazy\" decoding=\"async\" width=\"1280\" height=\"720\" src=\"http:\/\/ocantinhodoscabrais.pt\/wp-content\/uploads\/2023\/03\/OUT_OF_FRAME-193.jpg\" alt=\"\" class=\"wp-block-getwid-image-box__image wp-image-2772\" srcset=\"https:\/\/ocantinhodoscabrais.pt\/wp-content\/uploads\/2023\/03\/OUT_OF_FRAME-193.jpg 1280w, https:\/\/ocantinhodoscabrais.pt\/wp-content\/uploads\/2023\/03\/OUT_OF_FRAME-193-300x169.jpg 300w, https:\/\/ocantinhodoscabrais.pt\/wp-content\/uploads\/2023\/03\/OUT_OF_FRAME-193-1024x576.jpg 1024w, https:\/\/ocantinhodoscabrais.pt\/wp-content\/uploads\/2023\/03\/OUT_OF_FRAME-193-768x432.jpg 768w, https:\/\/ocantinhodoscabrais.pt\/wp-content\/uploads\/2023\/03\/OUT_OF_FRAME-193-892x502.jpg 892w, https:\/\/ocantinhodoscabrais.pt\/wp-content\/uploads\/2023\/03\/OUT_OF_FRAME-193-600x338.jpg 600w\" sizes=\"(max-width: 1280px) 100vw, 1280px\" \/><\/div><\/div><div class=\"wp-block-getwid-image-box__content\">\n<div class=\"wp-block-getwid-advanced-heading\" style=\"margin-bottom:15px\"><h4 class=\"wp-block-getwid-advanced-heading__content\">Un moment privil\u00e9gi\u00e9 d&rsquo;intimit\u00e9<\/h4><\/div>\n\n\n\n<p style=\"font-size:14px\">Profitez et reposez-vous avec votre meilleure moiti\u00e9. Pendant que vous \u00eates ensemble \u00e0 l&rsquo;int\u00e9rieur du spa, vous pouvez vous tenir debout sur le balcon et profiter de la vue. <\/p>\n\n\n\n<p style=\"font-size:14px\">Essayez des collations locales et des produits gastronomiques, tout en buvant un bon vin ou un champagne.<\/p>\n<\/div><\/div>\n<\/div><\/div><\/div><\/div><\/div>\n<\/div>\n<\/div>\n\n<div style=\"height:40px\" aria-hidden=\"true\" class=\"wp-block-spacer\"><\/div>\n\n<div class=\"wp-block-getwid-advanced-heading has-custom-font-size\" style=\"font-size:20px;margin-bottom:10px\"><h4 class=\"wp-block-getwid-advanced-heading__content\" style=\"text-align:center\">Essayez notre Spa &#8211; Faites une r\u00e9servation et venez nous rendre visite !<\/h4><\/div>\n\n<div style=\"height:14px\" aria-hidden=\"true\" class=\"wp-block-spacer\"><\/div>\n\n<div class=\"wp-block-buttons is-content-justification-center is-layout-flex wp-container-core-buttons-layout-1 wp-block-buttons-is-layout-flex\">\n<div class=\"wp-block-button\"><a class=\"wp-block-button__link wp-element-button\" href=\"http:\/\/ocantinhodoscabrais.pt\/fr\/chambres-appartements\/\">R\u00e9server un h\u00e9bergement<\/a><\/div>\n<\/div>\n\n<div style=\"height:52px\" aria-hidden=\"true\" class=\"wp-block-spacer\"><\/div>\n\n<div class=\"wp-block-columns has-4-columns is-layout-flex wp-container-core-columns-layout-2 wp-block-columns-is-layout-flex\">\n<div class=\"wp-block-column is-layout-flow wp-block-column-is-layout-flow\">\n<figure class=\"wp-block-image size-large\"><img loading=\"lazy\" decoding=\"async\" width=\"1024\" height=\"576\" src=\"http:\/\/ocantinhodoscabrais.pt\/wp-content\/uploads\/2023\/03\/OUT_OF_FRAME-156-1024x576.jpg\" alt=\"\" class=\"wp-image-2777\" srcset=\"https:\/\/ocantinhodoscabrais.pt\/wp-content\/uploads\/2023\/03\/OUT_OF_FRAME-156-1024x576.jpg 1024w, https:\/\/ocantinhodoscabrais.pt\/wp-content\/uploads\/2023\/03\/OUT_OF_FRAME-156-300x169.jpg 300w, https:\/\/ocantinhodoscabrais.pt\/wp-content\/uploads\/2023\/03\/OUT_OF_FRAME-156-768x432.jpg 768w, https:\/\/ocantinhodoscabrais.pt\/wp-content\/uploads\/2023\/03\/OUT_OF_FRAME-156-892x502.jpg 892w, https:\/\/ocantinhodoscabrais.pt\/wp-content\/uploads\/2023\/03\/OUT_OF_FRAME-156-600x338.jpg 600w, https:\/\/ocantinhodoscabrais.pt\/wp-content\/uploads\/2023\/03\/OUT_OF_FRAME-156.jpg 1280w\" sizes=\"(max-width: 1024px) 100vw, 1024px\" \/><\/figure>\n\n\n\n<figure class=\"wp-block-image size-large\"><img loading=\"lazy\" decoding=\"async\" width=\"1024\" height=\"576\" src=\"http:\/\/ocantinhodoscabrais.pt\/wp-content\/uploads\/2023\/03\/OUT_OF_FRAME-183-1024x576.jpg\" alt=\"\" class=\"wp-image-2792\" srcset=\"https:\/\/ocantinhodoscabrais.pt\/wp-content\/uploads\/2023\/03\/OUT_OF_FRAME-183-1024x576.jpg 1024w, https:\/\/ocantinhodoscabrais.pt\/wp-content\/uploads\/2023\/03\/OUT_OF_FRAME-183-300x169.jpg 300w, https:\/\/ocantinhodoscabrais.pt\/wp-content\/uploads\/2023\/03\/OUT_OF_FRAME-183-768x432.jpg 768w, https:\/\/ocantinhodoscabrais.pt\/wp-content\/uploads\/2023\/03\/OUT_OF_FRAME-183-892x502.jpg 892w, https:\/\/ocantinhodoscabrais.pt\/wp-content\/uploads\/2023\/03\/OUT_OF_FRAME-183-600x338.jpg 600w, https:\/\/ocantinhodoscabrais.pt\/wp-content\/uploads\/2023\/03\/OUT_OF_FRAME-183.jpg 1280w\" sizes=\"(max-width: 1024px) 100vw, 1024px\" \/><\/figure>\n<\/div>\n\n\n\n<div class=\"wp-block-column is-layout-flow wp-block-column-is-layout-flow\">\n<figure class=\"wp-block-image size-large\"><img loading=\"lazy\" decoding=\"async\" width=\"1024\" height=\"576\" src=\"http:\/\/ocantinhodoscabrais.pt\/wp-content\/uploads\/2023\/03\/Foto-1-1024x576.png\" alt=\"\" class=\"wp-image-2803\" srcset=\"https:\/\/ocantinhodoscabrais.pt\/wp-content\/uploads\/2023\/03\/Foto-1-1024x576.png 1024w, https:\/\/ocantinhodoscabrais.pt\/wp-content\/uploads\/2023\/03\/Foto-1-300x169.png 300w, https:\/\/ocantinhodoscabrais.pt\/wp-content\/uploads\/2023\/03\/Foto-1-768x432.png 768w, https:\/\/ocantinhodoscabrais.pt\/wp-content\/uploads\/2023\/03\/Foto-1-892x502.png 892w, https:\/\/ocantinhodoscabrais.pt\/wp-content\/uploads\/2023\/03\/Foto-1-600x338.png 600w, https:\/\/ocantinhodoscabrais.pt\/wp-content\/uploads\/2023\/03\/Foto-1.png 1280w\" sizes=\"(max-width: 1024px) 100vw, 1024px\" \/><\/figure>\n\n\n\n<figure class=\"wp-block-image size-large\"><img loading=\"lazy\" decoding=\"async\" width=\"1024\" height=\"576\" src=\"http:\/\/ocantinhodoscabrais.pt\/wp-content\/uploads\/2023\/03\/OUT_OF_FRAME-221-1024x576.jpg\" alt=\"\" class=\"wp-image-2782\" srcset=\"https:\/\/ocantinhodoscabrais.pt\/wp-content\/uploads\/2023\/03\/OUT_OF_FRAME-221-1024x576.jpg 1024w, https:\/\/ocantinhodoscabrais.pt\/wp-content\/uploads\/2023\/03\/OUT_OF_FRAME-221-300x169.jpg 300w, https:\/\/ocantinhodoscabrais.pt\/wp-content\/uploads\/2023\/03\/OUT_OF_FRAME-221-768x432.jpg 768w, https:\/\/ocantinhodoscabrais.pt\/wp-content\/uploads\/2023\/03\/OUT_OF_FRAME-221-892x502.jpg 892w, https:\/\/ocantinhodoscabrais.pt\/wp-content\/uploads\/2023\/03\/OUT_OF_FRAME-221-600x338.jpg 600w, https:\/\/ocantinhodoscabrais.pt\/wp-content\/uploads\/2023\/03\/OUT_OF_FRAME-221.jpg 1280w\" sizes=\"(max-width: 1024px) 100vw, 1024px\" \/><\/figure>\n<\/div>\n\n\n\n<div class=\"wp-block-column is-layout-flow wp-block-column-is-layout-flow\">\n<figure class=\"wp-block-image size-large\"><img loading=\"lazy\" decoding=\"async\" width=\"1024\" height=\"576\" src=\"http:\/\/ocantinhodoscabrais.pt\/wp-content\/uploads\/2023\/03\/OUT_OF_FRAME-149-1024x576.jpg\" alt=\"\" class=\"wp-image-2787\" srcset=\"https:\/\/ocantinhodoscabrais.pt\/wp-content\/uploads\/2023\/03\/OUT_OF_FRAME-149-1024x576.jpg 1024w, https:\/\/ocantinhodoscabrais.pt\/wp-content\/uploads\/2023\/03\/OUT_OF_FRAME-149-300x169.jpg 300w, https:\/\/ocantinhodoscabrais.pt\/wp-content\/uploads\/2023\/03\/OUT_OF_FRAME-149-768x432.jpg 768w, https:\/\/ocantinhodoscabrais.pt\/wp-content\/uploads\/2023\/03\/OUT_OF_FRAME-149-892x502.jpg 892w, https:\/\/ocantinhodoscabrais.pt\/wp-content\/uploads\/2023\/03\/OUT_OF_FRAME-149-600x338.jpg 600w, https:\/\/ocantinhodoscabrais.pt\/wp-content\/uploads\/2023\/03\/OUT_OF_FRAME-149.jpg 1280w\" sizes=\"(max-width: 1024px) 100vw, 1024px\" \/><\/figure>\n\n\n\n<figure class=\"wp-block-image size-large\"><img loading=\"lazy\" decoding=\"async\" width=\"1024\" height=\"576\" src=\"http:\/\/ocantinhodoscabrais.pt\/wp-content\/uploads\/2023\/03\/OUT_OF_FRAME-152-1-1024x576.jpg\" alt=\"\" class=\"wp-image-2797\" srcset=\"https:\/\/ocantinhodoscabrais.pt\/wp-content\/uploads\/2023\/03\/OUT_OF_FRAME-152-1-1024x576.jpg 1024w, https:\/\/ocantinhodoscabrais.pt\/wp-content\/uploads\/2023\/03\/OUT_OF_FRAME-152-1-300x169.jpg 300w, https:\/\/ocantinhodoscabrais.pt\/wp-content\/uploads\/2023\/03\/OUT_OF_FRAME-152-1-768x432.jpg 768w, https:\/\/ocantinhodoscabrais.pt\/wp-content\/uploads\/2023\/03\/OUT_OF_FRAME-152-1-892x502.jpg 892w, https:\/\/ocantinhodoscabrais.pt\/wp-content\/uploads\/2023\/03\/OUT_OF_FRAME-152-1-600x338.jpg 600w, https:\/\/ocantinhodoscabrais.pt\/wp-content\/uploads\/2023\/03\/OUT_OF_FRAME-152-1.jpg 1280w\" sizes=\"(max-width: 1024px) 100vw, 1024px\" \/><\/figure>\n<\/div>\n<\/div>\n","protected":false},"excerpt":{"rendered":"","protected":false},"author":1,"featured_media":2939,"parent":0,"menu_order":0,"comment_status":"closed","ping_status":"closed","template":"template-wide-page.php","meta":{"_acf_changed":false,"inline_featured_image":false,"footnotes":""},"acf":[],"yoast_head":"<!-- This site is optimized with the Yoast SEO Premium plugin v19.5 (Yoast SEO v20.7) - https:\/\/yoast.com\/wordpress\/plugins\/seo\/ -->\n<title>-<\/title>\n<meta name=\"robots\" content=\"index, follow, max-snippet:-1, max-image-preview:large, max-video-preview:-1\" \/>\n<link rel=\"canonical\" href=\"https:\/\/ocantinhodoscabrais.pt\/fr\/spa-o-cantinho-dos-cabrais\/\" \/>\n<meta property=\"og:locale\" content=\"fr_FR\" \/>\n<meta property=\"og:type\" content=\"article\" \/>\n<meta property=\"og:title\" content=\"Spa - O Cantinho dos Cabrais\" \/>\n<meta property=\"og:url\" content=\"https:\/\/ocantinhodoscabrais.pt\/fr\/spa-o-cantinho-dos-cabrais\/\" \/>\n<meta property=\"og:site_name\" content=\"O Cantinho dos Cabrais\" \/>\n<meta property=\"article:modified_time\" content=\"2023-03-30T08:05:01+00:00\" \/>\n<meta property=\"og:image\" content=\"https:\/\/ocantinhodoscabrais.pt\/wp-content\/uploads\/2023\/03\/WhatsApp-Image-2023-03-09-at-12.41.49.jpeg\" \/>\n\t<meta property=\"og:image:width\" content=\"1280\" \/>\n\t<meta property=\"og:image:height\" content=\"720\" \/>\n\t<meta property=\"og:image:type\" content=\"image\/jpeg\" \/>\n<meta name=\"twitter:card\" content=\"summary_large_image\" \/>\n<meta name=\"twitter:label1\" content=\"Dur\u00e9e de lecture estim\u00e9e\" \/>\n\t<meta name=\"twitter:data1\" content=\"1 minute\" \/>\n<script type=\"application\/ld+json\" class=\"yoast-schema-graph\">{\"@context\":\"https:\/\/schema.org\",\"@graph\":[{\"@type\":\"WebPage\",\"@id\":\"https:\/\/ocantinhodoscabrais.pt\/fr\/spa-o-cantinho-dos-cabrais\/\",\"url\":\"https:\/\/ocantinhodoscabrais.pt\/fr\/spa-o-cantinho-dos-cabrais\/\",\"name\":\"-\",\"isPartOf\":{\"@id\":\"https:\/\/ocantinhodoscabrais.pt\/#website\"},\"datePublished\":\"2019-09-17T10:28:45+00:00\",\"dateModified\":\"2023-03-30T08:05:01+00:00\",\"breadcrumb\":{\"@id\":\"https:\/\/ocantinhodoscabrais.pt\/fr\/spa-o-cantinho-dos-cabrais\/#breadcrumb\"},\"inLanguage\":\"fr-FR\",\"potentialAction\":[{\"@type\":\"ReadAction\",\"target\":[\"https:\/\/ocantinhodoscabrais.pt\/fr\/spa-o-cantinho-dos-cabrais\/\"]}]},{\"@type\":\"BreadcrumbList\",\"@id\":\"https:\/\/ocantinhodoscabrais.pt\/fr\/spa-o-cantinho-dos-cabrais\/#breadcrumb\",\"itemListElement\":[{\"@type\":\"ListItem\",\"position\":1,\"name\":\"In\u00edcio\",\"item\":\"https:\/\/ocantinhodoscabrais.pt\/fr\/\"},{\"@type\":\"ListItem\",\"position\":2,\"name\":\"Spa &#8211; O Cantinho dos Cabrais\"}]},{\"@type\":\"WebSite\",\"@id\":\"https:\/\/ocantinhodoscabrais.pt\/#website\",\"url\":\"https:\/\/ocantinhodoscabrais.pt\/\",\"name\":\"O Cantinho dos Cabrais\",\"description\":\"Sinta a Natureza\",\"publisher\":{\"@id\":\"https:\/\/ocantinhodoscabrais.pt\/#organization\"},\"potentialAction\":[{\"@type\":\"SearchAction\",\"target\":{\"@type\":\"EntryPoint\",\"urlTemplate\":\"https:\/\/ocantinhodoscabrais.pt\/?s={search_term_string}\"},\"query-input\":\"required name=search_term_string\"}],\"inLanguage\":\"fr-FR\"},{\"@type\":\"Organization\",\"@id\":\"https:\/\/ocantinhodoscabrais.pt\/#organization\",\"name\":\"O Cantinho dos Cabrais\",\"url\":\"https:\/\/ocantinhodoscabrais.pt\/\",\"logo\":{\"@type\":\"ImageObject\",\"inLanguage\":\"fr-FR\",\"@id\":\"https:\/\/ocantinhodoscabrais.pt\/#\/schema\/logo\/image\/\",\"url\":\"https:\/\/ocantinhodoscabrais.pt\/wp-content\/uploads\/2023\/02\/cropped-logo_horizontal.fw_.png\",\"contentUrl\":\"https:\/\/ocantinhodoscabrais.pt\/wp-content\/uploads\/2023\/02\/cropped-logo_horizontal.fw_.png\",\"width\":563,\"height\":109,\"caption\":\"O Cantinho dos Cabrais\"},\"image\":{\"@id\":\"https:\/\/ocantinhodoscabrais.pt\/#\/schema\/logo\/image\/\"}}]}<\/script>\n<!-- \/ Yoast SEO Premium plugin. -->","yoast_head_json":{"title":"-","robots":{"index":"index","follow":"follow","max-snippet":"max-snippet:-1","max-image-preview":"max-image-preview:large","max-video-preview":"max-video-preview:-1"},"canonical":"https:\/\/ocantinhodoscabrais.pt\/fr\/spa-o-cantinho-dos-cabrais\/","og_locale":"fr_FR","og_type":"article","og_title":"Spa - O Cantinho dos Cabrais","og_url":"https:\/\/ocantinhodoscabrais.pt\/fr\/spa-o-cantinho-dos-cabrais\/","og_site_name":"O Cantinho dos Cabrais","article_modified_time":"2023-03-30T08:05:01+00:00","og_image":[{"width":1280,"height":720,"url":"https:\/\/ocantinhodoscabrais.pt\/wp-content\/uploads\/2023\/03\/WhatsApp-Image-2023-03-09-at-12.41.49.jpeg","type":"image\/jpeg"}],"twitter_card":"summary_large_image","twitter_misc":{"Dur\u00e9e de lecture estim\u00e9e":"1 minute"},"schema":{"@context":"https:\/\/schema.org","@graph":[{"@type":"WebPage","@id":"https:\/\/ocantinhodoscabrais.pt\/fr\/spa-o-cantinho-dos-cabrais\/","url":"https:\/\/ocantinhodoscabrais.pt\/fr\/spa-o-cantinho-dos-cabrais\/","name":"-","isPartOf":{"@id":"https:\/\/ocantinhodoscabrais.pt\/#website"},"datePublished":"2019-09-17T10:28:45+00:00","dateModified":"2023-03-30T08:05:01+00:00","breadcrumb":{"@id":"https:\/\/ocantinhodoscabrais.pt\/fr\/spa-o-cantinho-dos-cabrais\/#breadcrumb"},"inLanguage":"fr-FR","potentialAction":[{"@type":"ReadAction","target":["https:\/\/ocantinhodoscabrais.pt\/fr\/spa-o-cantinho-dos-cabrais\/"]}]},{"@type":"BreadcrumbList","@id":"https:\/\/ocantinhodoscabrais.pt\/fr\/spa-o-cantinho-dos-cabrais\/#breadcrumb","itemListElement":[{"@type":"ListItem","position":1,"name":"In\u00edcio","item":"https:\/\/ocantinhodoscabrais.pt\/fr\/"},{"@type":"ListItem","position":2,"name":"Spa &#8211; O Cantinho dos Cabrais"}]},{"@type":"WebSite","@id":"https:\/\/ocantinhodoscabrais.pt\/#website","url":"https:\/\/ocantinhodoscabrais.pt\/","name":"O Cantinho dos Cabrais","description":"Sinta a Natureza","publisher":{"@id":"https:\/\/ocantinhodoscabrais.pt\/#organization"},"potentialAction":[{"@type":"SearchAction","target":{"@type":"EntryPoint","urlTemplate":"https:\/\/ocantinhodoscabrais.pt\/?s={search_term_string}"},"query-input":"required name=search_term_string"}],"inLanguage":"fr-FR"},{"@type":"Organization","@id":"https:\/\/ocantinhodoscabrais.pt\/#organization","name":"O Cantinho dos Cabrais","url":"https:\/\/ocantinhodoscabrais.pt\/","logo":{"@type":"ImageObject","inLanguage":"fr-FR","@id":"https:\/\/ocantinhodoscabrais.pt\/#\/schema\/logo\/image\/","url":"https:\/\/ocantinhodoscabrais.pt\/wp-content\/uploads\/2023\/02\/cropped-logo_horizontal.fw_.png","contentUrl":"https:\/\/ocantinhodoscabrais.pt\/wp-content\/uploads\/2023\/02\/cropped-logo_horizontal.fw_.png","width":563,"height":109,"caption":"O Cantinho dos Cabrais"},"image":{"@id":"https:\/\/ocantinhodoscabrais.pt\/#\/schema\/logo\/image\/"}}]}},"_links":{"self":[{"href":"https:\/\/ocantinhodoscabrais.pt\/fr\/wp-json\/wp\/v2\/pages\/2531"}],"collection":[{"href":"https:\/\/ocantinhodoscabrais.pt\/fr\/wp-json\/wp\/v2\/pages"}],"about":[{"href":"https:\/\/ocantinhodoscabrais.pt\/fr\/wp-json\/wp\/v2\/types\/page"}],"author":[{"embeddable":true,"href":"https:\/\/ocantinhodoscabrais.pt\/fr\/wp-json\/wp\/v2\/users\/1"}],"replies":[{"embeddable":true,"href":"https:\/\/ocantinhodoscabrais.pt\/fr\/wp-json\/wp\/v2\/comments?post=2531"}],"version-history":[{"count":2,"href":"https:\/\/ocantinhodoscabrais.pt\/fr\/wp-json\/wp\/v2\/pages\/2531\/revisions"}],"predecessor-version":[{"id":3041,"href":"https:\/\/ocantinhodoscabrais.pt\/fr\/wp-json\/wp\/v2\/pages\/2531\/revisions\/3041"}],"wp:featuredmedia":[{"embeddable":true,"href":"https:\/\/ocantinhodoscabrais.pt\/fr\/wp-json\/wp\/v2\/media\/2939"}],"wp:attachment":[{"href":"https:\/\/ocantinhodoscabrais.pt\/fr\/wp-json\/wp\/v2\/media?parent=2531"}],"curies":[{"name":"wp","href":"https:\/\/api.w.org\/{rel}","templated":true}]}}