{"id":2544,"date":"2019-10-10T14:19:16","date_gmt":"2019-10-10T14:19:16","guid":{"rendered":"http:\/\/ocantinhodoscabrais.pt\/termes-et-conditions\/"},"modified":"2019-10-10T14:19:16","modified_gmt":"2019-10-10T14:19:16","slug":"termes-et-conditions","status":"publish","type":"page","link":"https:\/\/ocantinhodoscabrais.pt\/fr\/termes-et-conditions\/","title":{"rendered":"Termes et conditions"},"content":{"rendered":"\n<div style=\"height:43px\" aria-hidden=\"true\" class=\"wp-block-spacer\"><\/div>\n\n\n\n<p><strong>CONDITIONS DE R\u00c9SERVATION<\/strong><\/p>\n\n\n\n<p>M\u00e9thodes de payement:<\/p>\n\n\n\n<p>Le paiement est effectu\u00e9 par carte de cr\u00e9dit\/d\u00e9bit valide ou par virement bancaire.<\/p>\n\n\n\n<p>Cantinho dos Cabrais se r\u00e9serve le droit de ne pas accepter les ch\u00e8ques comme moyen de paiement.<\/p>\n\n\n\n<p><strong>Cancelamentos<\/strong>:<\/p>\n\n\n\n<p>Tarif Annulation gratuite &#8211; Jusqu&rsquo;\u00e0 5 jours avant la date d&rsquo;arriv\u00e9e, le montant total de la r\u00e9servation sera rembours\u00e9 ;<\/p>\n\n\n\n<p>Frais d&rsquo;annulation factur\u00e9s &#8211; Jusqu&rsquo;\u00e0 3 jours avant la date d&rsquo;arriv\u00e9e, 50 % du montant de la r\u00e9servation sera rembours\u00e9 ; jusqu&rsquo;\u00e0 2 jours ou moins avant la date d&rsquo;arriv\u00e9e, aucun montant ne sera rembours\u00e9 ;<\/p>\n\n\n\n<p>En cas de no show (no show) ou d&rsquo;annulation pendant le s\u00e9jour, aucun montant ne sera rembours\u00e9 ;<\/p>\n\n\n\n<p>Les conditions de r\u00e9servation ou d&rsquo;annulation peuvent changer pendant les p\u00e9riodes de f\u00eates, les promotions, les s\u00e9jours prolong\u00e9s ou les groupes ;<\/p>\n\n\n\n<p><strong>Plus d&rsquo;information:<\/strong><\/p>\n\n\n\n<p>Enregistrement de 15h30 \u00e0 21h00. (Si vous ne pouvez pas arriver avant 21h00, vous devez nous informer \u00e0 l&rsquo;avance de votre heure d&rsquo;arriv\u00e9e);<\/p>\n\n\n\n<p>D\u00e9part de 8h00 \u00e0 12h00 ;<\/p>\n\n\n\n<p>Petit d\u00e9jeuner servi de 8h \u00e0 10h30 ;<\/p>\n\n\n\n<p>Il est interdit de fumer dans les chambres ;<\/p>\n\n\n\n<p>Les animaux ne sont pas accept\u00e9s;<\/p>\n\n\n\n<p>Acc\u00e8s gratuit \u00e0 l&rsquo;espace SPA (comprend hammam, sauna et jacuzzi) horaires d&rsquo;ouverture de 9h30 \u00e0 19h30 (horaires d&rsquo;\u00e9t\u00e9 : de 9h30 \u00e0 20h30) ;<\/p>\n\n\n\n<p>Le s\u00e8che-cheveux doit \u00eatre demand\u00e9 \u00e0 la r\u00e9ception lors de l&rsquo;enregistrement et doit \u00eatre laiss\u00e9 \u00e0 la r\u00e9ception lors du d\u00e9part.<\/p>\n\n\n\n<p>Enfants jusqu&rsquo;\u00e0 6 ans gratuits dans la chambre du compagnon (un par chambre); Possibilit\u00e9 de demander un lit suppl\u00e9mentaire (lit suppl\u00e9mentaire uniquement si la r\u00e9servation est faite pour le type de chambre twin) sans frais. Petit d\u00e9jeuner gratuit;<\/p>\n\n\n\n<p>Les enfants de 7 \u00e0 12 ans paient 15 \u20ac, lit suppl\u00e9mentaire avec petit-d\u00e9jeuner inclus (lit suppl\u00e9mentaire uniquement si la r\u00e9servation est faite pour le type de chambre twin).<\/p>\n\n\n\n<div style=\"height:100px\" aria-hidden=\"true\" class=\"wp-block-spacer\"><\/div>\n","protected":false},"excerpt":{"rendered":"<p>CONDITIONS DE R\u00c9SERVATION M\u00e9thodes de payement: Le paiement est effectu\u00e9 par carte de cr\u00e9dit\/d\u00e9bit valide ou par virement bancaire. Cantinho dos Cabrais se r\u00e9serve le droit de ne pas accepter les ch\u00e8ques comme moyen de paiement. Cancelamentos: Tarif Annulation gratuite &#8211; Jusqu&rsquo;\u00e0 5 jours avant la date d&rsquo;arriv\u00e9e, le montant total de la r\u00e9servation sera&#8230;<\/p>\n","protected":false},"author":1,"featured_media":0,"parent":0,"menu_order":0,"comment_status":"closed","ping_status":"closed","template":"","meta":{"_acf_changed":false,"inline_featured_image":false,"footnotes":""},"acf":[],"yoast_head":"<!-- This site is optimized with the Yoast SEO Premium plugin v19.5 (Yoast SEO v20.7) - https:\/\/yoast.com\/wordpress\/plugins\/seo\/ -->\n<title>Termes et conditions - O Cantinho dos Cabrais<\/title>\n<meta name=\"robots\" content=\"index, follow, max-snippet:-1, max-image-preview:large, max-video-preview:-1\" \/>\n<link rel=\"canonical\" href=\"https:\/\/ocantinhodoscabrais.pt\/fr\/termes-et-conditions\/\" \/>\n<meta property=\"og:locale\" content=\"fr_FR\" \/>\n<meta property=\"og:type\" content=\"article\" \/>\n<meta property=\"og:title\" content=\"Termes et conditions\" \/>\n<meta property=\"og:description\" content=\"CONDITIONS DE R\u00c9SERVATION M\u00e9thodes de payement: Le paiement est effectu\u00e9 par carte de cr\u00e9dit\/d\u00e9bit valide ou par virement bancaire. Cantinho dos Cabrais se r\u00e9serve le droit de ne pas accepter les ch\u00e8ques comme moyen de paiement. Cancelamentos: Tarif Annulation gratuite &#8211; Jusqu&rsquo;\u00e0 5 jours avant la date d&rsquo;arriv\u00e9e, le montant total de la r\u00e9servation sera...\" \/>\n<meta property=\"og:url\" content=\"https:\/\/ocantinhodoscabrais.pt\/fr\/termes-et-conditions\/\" \/>\n<meta property=\"og:site_name\" content=\"O Cantinho dos Cabrais\" \/>\n<meta name=\"twitter:card\" content=\"summary_large_image\" \/>\n<meta name=\"twitter:label1\" content=\"Dur\u00e9e de lecture estim\u00e9e\" \/>\n\t<meta name=\"twitter:data1\" content=\"2 minutes\" \/>\n<script type=\"application\/ld+json\" class=\"yoast-schema-graph\">{\"@context\":\"https:\/\/schema.org\",\"@graph\":[{\"@type\":\"WebPage\",\"@id\":\"https:\/\/ocantinhodoscabrais.pt\/fr\/termes-et-conditions\/\",\"url\":\"https:\/\/ocantinhodoscabrais.pt\/fr\/termes-et-conditions\/\",\"name\":\"Termes et conditions - O Cantinho dos Cabrais\",\"isPartOf\":{\"@id\":\"https:\/\/ocantinhodoscabrais.pt\/#website\"},\"datePublished\":\"2019-10-10T14:19:16+00:00\",\"dateModified\":\"2019-10-10T14:19:16+00:00\",\"breadcrumb\":{\"@id\":\"https:\/\/ocantinhodoscabrais.pt\/fr\/termes-et-conditions\/#breadcrumb\"},\"inLanguage\":\"fr-FR\",\"potentialAction\":[{\"@type\":\"ReadAction\",\"target\":[\"https:\/\/ocantinhodoscabrais.pt\/fr\/termes-et-conditions\/\"]}]},{\"@type\":\"BreadcrumbList\",\"@id\":\"https:\/\/ocantinhodoscabrais.pt\/fr\/termes-et-conditions\/#breadcrumb\",\"itemListElement\":[{\"@type\":\"ListItem\",\"position\":1,\"name\":\"In\u00edcio\",\"item\":\"https:\/\/ocantinhodoscabrais.pt\/fr\/\"},{\"@type\":\"ListItem\",\"position\":2,\"name\":\"Termes et conditions\"}]},{\"@type\":\"WebSite\",\"@id\":\"https:\/\/ocantinhodoscabrais.pt\/#website\",\"url\":\"https:\/\/ocantinhodoscabrais.pt\/\",\"name\":\"O Cantinho dos Cabrais\",\"description\":\"Sinta a Natureza\",\"publisher\":{\"@id\":\"https:\/\/ocantinhodoscabrais.pt\/#organization\"},\"potentialAction\":[{\"@type\":\"SearchAction\",\"target\":{\"@type\":\"EntryPoint\",\"urlTemplate\":\"https:\/\/ocantinhodoscabrais.pt\/?s={search_term_string}\"},\"query-input\":\"required name=search_term_string\"}],\"inLanguage\":\"fr-FR\"},{\"@type\":\"Organization\",\"@id\":\"https:\/\/ocantinhodoscabrais.pt\/#organization\",\"name\":\"O Cantinho dos Cabrais\",\"url\":\"https:\/\/ocantinhodoscabrais.pt\/\",\"logo\":{\"@type\":\"ImageObject\",\"inLanguage\":\"fr-FR\",\"@id\":\"https:\/\/ocantinhodoscabrais.pt\/#\/schema\/logo\/image\/\",\"url\":\"https:\/\/ocantinhodoscabrais.pt\/wp-content\/uploads\/2023\/02\/cropped-logo_horizontal.fw_.png\",\"contentUrl\":\"https:\/\/ocantinhodoscabrais.pt\/wp-content\/uploads\/2023\/02\/cropped-logo_horizontal.fw_.png\",\"width\":563,\"height\":109,\"caption\":\"O Cantinho dos Cabrais\"},\"image\":{\"@id\":\"https:\/\/ocantinhodoscabrais.pt\/#\/schema\/logo\/image\/\"}}]}<\/script>\n<!-- \/ Yoast SEO Premium plugin. -->","yoast_head_json":{"title":"Termes et conditions - O Cantinho dos Cabrais","robots":{"index":"index","follow":"follow","max-snippet":"max-snippet:-1","max-image-preview":"max-image-preview:large","max-video-preview":"max-video-preview:-1"},"canonical":"https:\/\/ocantinhodoscabrais.pt\/fr\/termes-et-conditions\/","og_locale":"fr_FR","og_type":"article","og_title":"Termes et conditions","og_description":"CONDITIONS DE R\u00c9SERVATION M\u00e9thodes de payement: Le paiement est effectu\u00e9 par carte de cr\u00e9dit\/d\u00e9bit valide ou par virement bancaire. Cantinho dos Cabrais se r\u00e9serve le droit de ne pas accepter les ch\u00e8ques comme moyen de paiement. Cancelamentos: Tarif Annulation gratuite &#8211; Jusqu&rsquo;\u00e0 5 jours avant la date d&rsquo;arriv\u00e9e, le montant total de la r\u00e9servation sera...","og_url":"https:\/\/ocantinhodoscabrais.pt\/fr\/termes-et-conditions\/","og_site_name":"O Cantinho dos Cabrais","twitter_card":"summary_large_image","twitter_misc":{"Dur\u00e9e de lecture estim\u00e9e":"2 minutes"},"schema":{"@context":"https:\/\/schema.org","@graph":[{"@type":"WebPage","@id":"https:\/\/ocantinhodoscabrais.pt\/fr\/termes-et-conditions\/","url":"https:\/\/ocantinhodoscabrais.pt\/fr\/termes-et-conditions\/","name":"Termes et conditions - O Cantinho dos Cabrais","isPartOf":{"@id":"https:\/\/ocantinhodoscabrais.pt\/#website"},"datePublished":"2019-10-10T14:19:16+00:00","dateModified":"2019-10-10T14:19:16+00:00","breadcrumb":{"@id":"https:\/\/ocantinhodoscabrais.pt\/fr\/termes-et-conditions\/#breadcrumb"},"inLanguage":"fr-FR","potentialAction":[{"@type":"ReadAction","target":["https:\/\/ocantinhodoscabrais.pt\/fr\/termes-et-conditions\/"]}]},{"@type":"BreadcrumbList","@id":"https:\/\/ocantinhodoscabrais.pt\/fr\/termes-et-conditions\/#breadcrumb","itemListElement":[{"@type":"ListItem","position":1,"name":"In\u00edcio","item":"https:\/\/ocantinhodoscabrais.pt\/fr\/"},{"@type":"ListItem","position":2,"name":"Termes et conditions"}]},{"@type":"WebSite","@id":"https:\/\/ocantinhodoscabrais.pt\/#website","url":"https:\/\/ocantinhodoscabrais.pt\/","name":"O Cantinho dos Cabrais","description":"Sinta a Natureza","publisher":{"@id":"https:\/\/ocantinhodoscabrais.pt\/#organization"},"potentialAction":[{"@type":"SearchAction","target":{"@type":"EntryPoint","urlTemplate":"https:\/\/ocantinhodoscabrais.pt\/?s={search_term_string}"},"query-input":"required name=search_term_string"}],"inLanguage":"fr-FR"},{"@type":"Organization","@id":"https:\/\/ocantinhodoscabrais.pt\/#organization","name":"O Cantinho dos Cabrais","url":"https:\/\/ocantinhodoscabrais.pt\/","logo":{"@type":"ImageObject","inLanguage":"fr-FR","@id":"https:\/\/ocantinhodoscabrais.pt\/#\/schema\/logo\/image\/","url":"https:\/\/ocantinhodoscabrais.pt\/wp-content\/uploads\/2023\/02\/cropped-logo_horizontal.fw_.png","contentUrl":"https:\/\/ocantinhodoscabrais.pt\/wp-content\/uploads\/2023\/02\/cropped-logo_horizontal.fw_.png","width":563,"height":109,"caption":"O Cantinho dos Cabrais"},"image":{"@id":"https:\/\/ocantinhodoscabrais.pt\/#\/schema\/logo\/image\/"}}]}},"_links":{"self":[{"href":"https:\/\/ocantinhodoscabrais.pt\/fr\/wp-json\/wp\/v2\/pages\/2544"}],"collection":[{"href":"https:\/\/ocantinhodoscabrais.pt\/fr\/wp-json\/wp\/v2\/pages"}],"about":[{"href":"https:\/\/ocantinhodoscabrais.pt\/fr\/wp-json\/wp\/v2\/types\/page"}],"author":[{"embeddable":true,"href":"https:\/\/ocantinhodoscabrais.pt\/fr\/wp-json\/wp\/v2\/users\/1"}],"replies":[{"embeddable":true,"href":"https:\/\/ocantinhodoscabrais.pt\/fr\/wp-json\/wp\/v2\/comments?post=2544"}],"version-history":[{"count":0,"href":"https:\/\/ocantinhodoscabrais.pt\/fr\/wp-json\/wp\/v2\/pages\/2544\/revisions"}],"wp:attachment":[{"href":"https:\/\/ocantinhodoscabrais.pt\/fr\/wp-json\/wp\/v2\/media?parent=2544"}],"curies":[{"name":"wp","href":"https:\/\/api.w.org\/{rel}","templated":true}]}}